{"id":46371,"date":"2021-02-26T20:42:41","date_gmt":"2021-09-27T21:03:28","guid":{"rendered":"https:\/\/happyhaus.fr\/?post_type=product&#038;p=46371"},"modified":"2023-07-13T12:09:47","modified_gmt":"2023-07-13T10:09:47","slug":"la-robe-boheme","status":"publish","type":"product","link":"https:\/\/happyhaus.fr\/de\/produkt\/la-robe-boheme\/","title":{"rendered":"LA ROBE BOH\u00c8ME &#8211; Archives"},"content":{"rendered":"<ul>\n<li class=\"p1\">Ausgestellter Schnitt<\/li>\n<li class=\"p1\">Mittlere Wadenl\u00e4nge<\/li>\n<li class=\"p1\">Rundhalsausschnitt mit gerafften Details<\/li>\n<li class=\"p1\">3\/4-Ballon\u00e4rmel<\/li>\n<li class=\"p1\">Geraffte Details an den \u00c4rmelkanten<\/li>\n<li class=\"p1\">Zwei Seitentaschen<\/li>\n<li class=\"p1\">100% Leinen<\/li>\n<\/ul>\n<p>Herkunft des Stoffes: Italy<br \/>\nHergestellt in Polen<\/p>\n","protected":false},"excerpt":{"rendered":"<p>Ein Kleid in einer Linie gezeichnet, ohne Krawatte, ohne Knopf, ohne Tr\u00e4ger. Sehr einfach und feminin.<\/p>\n<p>Dieses Kleid hat einen ausgestellten Schnitt, der auf die Mitte der Wade f\u00e4llt und verf\u00fcgt \u00fcber einen runden Kragen mit gerafftem Detail, tailliert geschnitten, mit \u00c4rmeln, die an den Handgelenken leicht angezogen sind.<\/p>\n<p>Jade, unser Model, tr\u00e4gt die Gr\u00f6\u00dfe 36. Sie ist 1,74m gro\u00df.<\/p>\n","protected":false},"featured_media":88983,"comment_status":"closed","ping_status":"closed","template":"","meta":{"_acf_changed":false},"product_cat":[312,316,231,233],"product_tag":[],"acf":[],"yoast_head":"<!-- This site is optimized with the Yoast SEO plugin v22.6 - https:\/\/yoast.com\/wordpress\/plugins\/seo\/ -->\n<title>LA ROBE BOH\u00c8ME - Archives -<\/title>\n<meta name=\"robots\" content=\"index, follow, max-snippet:-1, max-image-preview:large, max-video-preview:-1\" \/>\n<link rel=\"canonical\" href=\"https:\/\/happyhaus.fr\/de\/produkt\/la-robe-boheme\/\" \/>\n<meta property=\"og:locale\" content=\"de_DE\" \/>\n<meta property=\"og:type\" content=\"article\" \/>\n<meta property=\"og:title\" content=\"LA ROBE BOH\u00c8ME - Archives -\" \/>\n<meta property=\"og:description\" content=\"Ein Kleid in einer Linie gezeichnet, ohne Krawatte, ohne Knopf, ohne Tr\u00e4ger. Sehr einfach und feminin.  Dieses Kleid hat einen ausgestellten Schnitt, der auf die Mitte der Wade f\u00e4llt und verf\u00fcgt \u00fcber einen runden Kragen mit gerafftem Detail, tailliert geschnitten, mit \u00c4rmeln, die an den Handgelenken leicht angezogen sind.  Jade, unser Model, tr\u00e4gt die Gr\u00f6\u00dfe 36. Sie ist 1,74m gro\u00df.\" \/>\n<meta property=\"og:url\" content=\"https:\/\/happyhaus.fr\/de\/produkt\/la-robe-boheme\/\" \/>\n<meta property=\"article:modified_time\" content=\"2023-07-13T10:09:47+00:00\" \/>\n<meta property=\"og:image\" content=\"https:\/\/happyhaus.fr\/wp-content\/uploads\/2023\/07\/4-683x1024.png\" \/>\n\t<meta property=\"og:image:width\" content=\"683\" \/>\n\t<meta property=\"og:image:height\" content=\"1024\" \/>\n\t<meta property=\"og:image:type\" content=\"image\/png\" \/>\n<meta name=\"twitter:card\" content=\"summary_large_image\" \/>\n<meta name=\"twitter:label1\" content=\"Gesch\u00e4tzte Lesezeit\" \/>\n\t<meta name=\"twitter:data1\" content=\"1\u00a0Minute\" \/>\n<script type=\"application\/ld+json\" class=\"yoast-schema-graph\">{\"@context\":\"https:\/\/schema.org\",\"@graph\":[{\"@type\":\"WebPage\",\"@id\":\"https:\/\/happyhaus.fr\/de\/produkt\/la-robe-boheme\/\",\"url\":\"https:\/\/happyhaus.fr\/de\/produkt\/la-robe-boheme\/\",\"name\":\"LA ROBE BOH\u00c8ME - Archives -\",\"isPartOf\":{\"@id\":\"https:\/\/happyhaus.fr\/#website\"},\"primaryImageOfPage\":{\"@id\":\"https:\/\/happyhaus.fr\/de\/produkt\/la-robe-boheme\/#primaryimage\"},\"image\":{\"@id\":\"https:\/\/happyhaus.fr\/de\/produkt\/la-robe-boheme\/#primaryimage\"},\"thumbnailUrl\":\"https:\/\/happyhaus.fr\/wp-content\/uploads\/2023\/07\/4.png\",\"datePublished\":\"2021-09-27T21:03:28+00:00\",\"dateModified\":\"2023-07-13T10:09:47+00:00\",\"breadcrumb\":{\"@id\":\"https:\/\/happyhaus.fr\/de\/produkt\/la-robe-boheme\/#breadcrumb\"},\"inLanguage\":\"de\",\"potentialAction\":[{\"@type\":\"ReadAction\",\"target\":[\"https:\/\/happyhaus.fr\/de\/produkt\/la-robe-boheme\/\"]}]},{\"@type\":\"ImageObject\",\"inLanguage\":\"de\",\"@id\":\"https:\/\/happyhaus.fr\/de\/produkt\/la-robe-boheme\/#primaryimage\",\"url\":\"https:\/\/happyhaus.fr\/wp-content\/uploads\/2023\/07\/4.png\",\"contentUrl\":\"https:\/\/happyhaus.fr\/wp-content\/uploads\/2023\/07\/4.png\",\"width\":1707,\"height\":2560},{\"@type\":\"BreadcrumbList\",\"@id\":\"https:\/\/happyhaus.fr\/de\/produkt\/la-robe-boheme\/#breadcrumb\",\"itemListElement\":[{\"@type\":\"ListItem\",\"position\":1,\"name\":\"Accueil\",\"item\":\"https:\/\/happyhaus.fr\/de\/\"},{\"@type\":\"ListItem\",\"position\":2,\"name\":\"Priv\u00e9\u00a0: Shop\",\"item\":\"https:\/\/happyhaus.fr\/?page_id=4438\"},{\"@type\":\"ListItem\",\"position\":3,\"name\":\"LA ROBE BOH\u00c8ME &#8211; Archives\"}]},{\"@type\":\"WebSite\",\"@id\":\"https:\/\/happyhaus.fr\/#website\",\"url\":\"https:\/\/happyhaus.fr\/\",\"name\":\"\",\"description\":\"\",\"potentialAction\":[{\"@type\":\"SearchAction\",\"target\":{\"@type\":\"EntryPoint\",\"urlTemplate\":\"https:\/\/happyhaus.fr\/?s={search_term_string}\"},\"query-input\":\"required name=search_term_string\"}],\"inLanguage\":\"de\"}]}<\/script>\n<!-- \/ Yoast SEO plugin. -->","yoast_head_json":{"title":"LA ROBE BOH\u00c8ME - Archives -","robots":{"index":"index","follow":"follow","max-snippet":"max-snippet:-1","max-image-preview":"max-image-preview:large","max-video-preview":"max-video-preview:-1"},"canonical":"https:\/\/happyhaus.fr\/de\/produkt\/la-robe-boheme\/","og_locale":"de_DE","og_type":"article","og_title":"LA ROBE BOH\u00c8ME - Archives -","og_description":"Ein Kleid in einer Linie gezeichnet, ohne Krawatte, ohne Knopf, ohne Tr\u00e4ger. Sehr einfach und feminin.  Dieses Kleid hat einen ausgestellten Schnitt, der auf die Mitte der Wade f\u00e4llt und verf\u00fcgt \u00fcber einen runden Kragen mit gerafftem Detail, tailliert geschnitten, mit \u00c4rmeln, die an den Handgelenken leicht angezogen sind.  Jade, unser Model, tr\u00e4gt die Gr\u00f6\u00dfe 36. Sie ist 1,74m gro\u00df.","og_url":"https:\/\/happyhaus.fr\/de\/produkt\/la-robe-boheme\/","article_modified_time":"2023-07-13T10:09:47+00:00","og_image":[{"width":683,"height":1024,"url":"https:\/\/happyhaus.fr\/wp-content\/uploads\/2023\/07\/4-683x1024.png","type":"image\/png"}],"twitter_card":"summary_large_image","twitter_misc":{"Gesch\u00e4tzte Lesezeit":"1\u00a0Minute"},"schema":{"@context":"https:\/\/schema.org","@graph":[{"@type":"WebPage","@id":"https:\/\/happyhaus.fr\/de\/produkt\/la-robe-boheme\/","url":"https:\/\/happyhaus.fr\/de\/produkt\/la-robe-boheme\/","name":"LA ROBE BOH\u00c8ME - Archives -","isPartOf":{"@id":"https:\/\/happyhaus.fr\/#website"},"primaryImageOfPage":{"@id":"https:\/\/happyhaus.fr\/de\/produkt\/la-robe-boheme\/#primaryimage"},"image":{"@id":"https:\/\/happyhaus.fr\/de\/produkt\/la-robe-boheme\/#primaryimage"},"thumbnailUrl":"https:\/\/happyhaus.fr\/wp-content\/uploads\/2023\/07\/4.png","datePublished":"2021-09-27T21:03:28+00:00","dateModified":"2023-07-13T10:09:47+00:00","breadcrumb":{"@id":"https:\/\/happyhaus.fr\/de\/produkt\/la-robe-boheme\/#breadcrumb"},"inLanguage":"de","potentialAction":[{"@type":"ReadAction","target":["https:\/\/happyhaus.fr\/de\/produkt\/la-robe-boheme\/"]}]},{"@type":"ImageObject","inLanguage":"de","@id":"https:\/\/happyhaus.fr\/de\/produkt\/la-robe-boheme\/#primaryimage","url":"https:\/\/happyhaus.fr\/wp-content\/uploads\/2023\/07\/4.png","contentUrl":"https:\/\/happyhaus.fr\/wp-content\/uploads\/2023\/07\/4.png","width":1707,"height":2560},{"@type":"BreadcrumbList","@id":"https:\/\/happyhaus.fr\/de\/produkt\/la-robe-boheme\/#breadcrumb","itemListElement":[{"@type":"ListItem","position":1,"name":"Accueil","item":"https:\/\/happyhaus.fr\/de\/"},{"@type":"ListItem","position":2,"name":"Priv\u00e9\u00a0: Shop","item":"https:\/\/happyhaus.fr\/?page_id=4438"},{"@type":"ListItem","position":3,"name":"LA ROBE BOH\u00c8ME &#8211; Archives"}]},{"@type":"WebSite","@id":"https:\/\/happyhaus.fr\/#website","url":"https:\/\/happyhaus.fr\/","name":"","description":"","potentialAction":[{"@type":"SearchAction","target":{"@type":"EntryPoint","urlTemplate":"https:\/\/happyhaus.fr\/?s={search_term_string}"},"query-input":"required name=search_term_string"}],"inLanguage":"de"}]}},"_links":{"self":[{"href":"https:\/\/happyhaus.fr\/de\/wp-json\/wp\/v2\/product\/46371"}],"collection":[{"href":"https:\/\/happyhaus.fr\/de\/wp-json\/wp\/v2\/product"}],"about":[{"href":"https:\/\/happyhaus.fr\/de\/wp-json\/wp\/v2\/types\/product"}],"replies":[{"embeddable":true,"href":"https:\/\/happyhaus.fr\/de\/wp-json\/wp\/v2\/comments?post=46371"}],"wp:featuredmedia":[{"embeddable":true,"href":"https:\/\/happyhaus.fr\/de\/wp-json\/wp\/v2\/media\/88983"}],"wp:attachment":[{"href":"https:\/\/happyhaus.fr\/de\/wp-json\/wp\/v2\/media?parent=46371"}],"wp:term":[{"taxonomy":"product_cat","embeddable":true,"href":"https:\/\/happyhaus.fr\/de\/wp-json\/wp\/v2\/product_cat?post=46371"},{"taxonomy":"product_tag","embeddable":true,"href":"https:\/\/happyhaus.fr\/de\/wp-json\/wp\/v2\/product_tag?post=46371"}],"curies":[{"name":"wp","href":"https:\/\/api.w.org\/{rel}","templated":true}]}}