{"id":46326,"date":"2021-02-13T19:22:45","date_gmt":"2021-09-23T16:14:01","guid":{"rendered":"https:\/\/happyhaus.fr\/?post_type=product&#038;p=46326"},"modified":"2023-02-28T14:02:16","modified_gmt":"2023-02-28T13:02:16","slug":"la-jupe-cecilie-kids","status":"publish","type":"product","link":"https:\/\/happyhaus.fr\/de\/produkt\/la-jupe-cecilie-kids\/","title":{"rendered":"LA JUPE CECILIE KIDS &#8211; pre order"},"content":{"rendered":"<ul>\n<li class=\"p1\">Leicht ausgestellter Schnitt<\/li>\n<li class=\"p1\">5 Taschen<\/li>\n<li class=\"p1\">Blumenf\u00f6rmige Tasche<\/li>\n<li class=\"p1\">Mittlere Wadenl\u00e4nge<\/li>\n<li class=\"p1\">Happy Haus Stickerei auf dem hinteren Bund<\/li>\n<li class=\"p1\">20% Recycelte Baumwolle 80% Baumwolle &#8211; \u00d6ko Tex Standard 100 zertifiziert<\/li>\n<\/ul>\n<p>Herkunft des Stoffes: Italien<br \/>\nHergestellt in Tunesien<\/p>\n","protected":false},"excerpt":{"rendered":"<p>Dieser Rock ist aus einem dicken, recycelten Baumwollstoff gefertigt. Er hat einen leicht ausgestellten Schnitt, f\u00e4llt in der Mitte der Wade, verf\u00fcgt \u00fcber f\u00fcnf Taschen mit Form von Blumen entworfen.<\/p>\n<p>Danah, tr\u00e4gt Gr\u00f6\u00dfe 8 Jahre. Sie ist 7 Jahre alt.<\/p>\n","protected":false},"featured_media":87797,"comment_status":"closed","ping_status":"closed","template":"","meta":{"_acf_changed":false},"product_cat":[232],"product_tag":[335],"acf":[],"yoast_head":"<!-- This site is optimized with the Yoast SEO plugin v22.6 - https:\/\/yoast.com\/wordpress\/plugins\/seo\/ -->\n<title>LA JUPE CECILIE KIDS - pre order -<\/title>\n<meta name=\"robots\" content=\"index, follow, max-snippet:-1, max-image-preview:large, max-video-preview:-1\" \/>\n<link rel=\"canonical\" href=\"https:\/\/happyhaus.fr\/de\/produkt\/la-jupe-cecilie-kids\/\" \/>\n<meta property=\"og:locale\" content=\"de_DE\" \/>\n<meta property=\"og:type\" content=\"article\" \/>\n<meta property=\"og:title\" content=\"LA JUPE CECILIE KIDS - pre order -\" \/>\n<meta property=\"og:description\" content=\"Dieser Rock ist aus einem dicken, recycelten Baumwollstoff gefertigt. Er hat einen leicht ausgestellten Schnitt, f\u00e4llt in der Mitte der Wade, verf\u00fcgt \u00fcber f\u00fcnf Taschen mit Form von Blumen entworfen.  Danah, tr\u00e4gt Gr\u00f6\u00dfe 8 Jahre. Sie ist 7 Jahre alt.\" \/>\n<meta property=\"og:url\" content=\"https:\/\/happyhaus.fr\/de\/produkt\/la-jupe-cecilie-kids\/\" \/>\n<meta property=\"article:modified_time\" content=\"2023-02-28T13:02:16+00:00\" \/>\n<meta property=\"og:image\" content=\"https:\/\/happyhaus.fr\/wp-content\/uploads\/2021\/02\/Jupe-Cecilie-Kids-FACE.png\" \/>\n\t<meta property=\"og:image:width\" content=\"1707\" \/>\n\t<meta property=\"og:image:height\" content=\"2560\" \/>\n\t<meta property=\"og:image:type\" content=\"image\/png\" \/>\n<meta name=\"twitter:card\" content=\"summary_large_image\" \/>\n<meta name=\"twitter:label1\" content=\"Gesch\u00e4tzte Lesezeit\" \/>\n\t<meta name=\"twitter:data1\" content=\"1\u00a0Minute\" \/>\n<script type=\"application\/ld+json\" class=\"yoast-schema-graph\">{\"@context\":\"https:\/\/schema.org\",\"@graph\":[{\"@type\":\"WebPage\",\"@id\":\"https:\/\/happyhaus.fr\/de\/produkt\/la-jupe-cecilie-kids\/\",\"url\":\"https:\/\/happyhaus.fr\/de\/produkt\/la-jupe-cecilie-kids\/\",\"name\":\"LA JUPE CECILIE KIDS - pre order -\",\"isPartOf\":{\"@id\":\"https:\/\/happyhaus.fr\/#website\"},\"primaryImageOfPage\":{\"@id\":\"https:\/\/happyhaus.fr\/de\/produkt\/la-jupe-cecilie-kids\/#primaryimage\"},\"image\":{\"@id\":\"https:\/\/happyhaus.fr\/de\/produkt\/la-jupe-cecilie-kids\/#primaryimage\"},\"thumbnailUrl\":\"https:\/\/happyhaus.fr\/wp-content\/uploads\/2021\/02\/Jupe-Cecilie-Kids-FACE.png\",\"datePublished\":\"2021-09-23T16:14:01+00:00\",\"dateModified\":\"2023-02-28T13:02:16+00:00\",\"breadcrumb\":{\"@id\":\"https:\/\/happyhaus.fr\/de\/produkt\/la-jupe-cecilie-kids\/#breadcrumb\"},\"inLanguage\":\"de\",\"potentialAction\":[{\"@type\":\"ReadAction\",\"target\":[\"https:\/\/happyhaus.fr\/de\/produkt\/la-jupe-cecilie-kids\/\"]}]},{\"@type\":\"ImageObject\",\"inLanguage\":\"de\",\"@id\":\"https:\/\/happyhaus.fr\/de\/produkt\/la-jupe-cecilie-kids\/#primaryimage\",\"url\":\"https:\/\/happyhaus.fr\/wp-content\/uploads\/2021\/02\/Jupe-Cecilie-Kids-FACE.png\",\"contentUrl\":\"https:\/\/happyhaus.fr\/wp-content\/uploads\/2021\/02\/Jupe-Cecilie-Kids-FACE.png\",\"width\":1707,\"height\":2560},{\"@type\":\"BreadcrumbList\",\"@id\":\"https:\/\/happyhaus.fr\/de\/produkt\/la-jupe-cecilie-kids\/#breadcrumb\",\"itemListElement\":[{\"@type\":\"ListItem\",\"position\":1,\"name\":\"Accueil\",\"item\":\"https:\/\/happyhaus.fr\/de\/\"},{\"@type\":\"ListItem\",\"position\":2,\"name\":\"Priv\u00e9\u00a0: Shop\",\"item\":\"https:\/\/happyhaus.fr\/?page_id=4438\"},{\"@type\":\"ListItem\",\"position\":3,\"name\":\"LA JUPE CECILIE KIDS &#8211; pre order\"}]},{\"@type\":\"WebSite\",\"@id\":\"https:\/\/happyhaus.fr\/#website\",\"url\":\"https:\/\/happyhaus.fr\/\",\"name\":\"\",\"description\":\"\",\"potentialAction\":[{\"@type\":\"SearchAction\",\"target\":{\"@type\":\"EntryPoint\",\"urlTemplate\":\"https:\/\/happyhaus.fr\/?s={search_term_string}\"},\"query-input\":\"required name=search_term_string\"}],\"inLanguage\":\"de\"}]}<\/script>\n<!-- \/ Yoast SEO plugin. -->","yoast_head_json":{"title":"LA JUPE CECILIE KIDS - pre order -","robots":{"index":"index","follow":"follow","max-snippet":"max-snippet:-1","max-image-preview":"max-image-preview:large","max-video-preview":"max-video-preview:-1"},"canonical":"https:\/\/happyhaus.fr\/de\/produkt\/la-jupe-cecilie-kids\/","og_locale":"de_DE","og_type":"article","og_title":"LA JUPE CECILIE KIDS - pre order -","og_description":"Dieser Rock ist aus einem dicken, recycelten Baumwollstoff gefertigt. Er hat einen leicht ausgestellten Schnitt, f\u00e4llt in der Mitte der Wade, verf\u00fcgt \u00fcber f\u00fcnf Taschen mit Form von Blumen entworfen.  Danah, tr\u00e4gt Gr\u00f6\u00dfe 8 Jahre. Sie ist 7 Jahre alt.","og_url":"https:\/\/happyhaus.fr\/de\/produkt\/la-jupe-cecilie-kids\/","article_modified_time":"2023-02-28T13:02:16+00:00","og_image":[{"width":1707,"height":2560,"url":"https:\/\/happyhaus.fr\/wp-content\/uploads\/2021\/02\/Jupe-Cecilie-Kids-FACE.png","type":"image\/png"}],"twitter_card":"summary_large_image","twitter_misc":{"Gesch\u00e4tzte Lesezeit":"1\u00a0Minute"},"schema":{"@context":"https:\/\/schema.org","@graph":[{"@type":"WebPage","@id":"https:\/\/happyhaus.fr\/de\/produkt\/la-jupe-cecilie-kids\/","url":"https:\/\/happyhaus.fr\/de\/produkt\/la-jupe-cecilie-kids\/","name":"LA JUPE CECILIE KIDS - pre order -","isPartOf":{"@id":"https:\/\/happyhaus.fr\/#website"},"primaryImageOfPage":{"@id":"https:\/\/happyhaus.fr\/de\/produkt\/la-jupe-cecilie-kids\/#primaryimage"},"image":{"@id":"https:\/\/happyhaus.fr\/de\/produkt\/la-jupe-cecilie-kids\/#primaryimage"},"thumbnailUrl":"https:\/\/happyhaus.fr\/wp-content\/uploads\/2021\/02\/Jupe-Cecilie-Kids-FACE.png","datePublished":"2021-09-23T16:14:01+00:00","dateModified":"2023-02-28T13:02:16+00:00","breadcrumb":{"@id":"https:\/\/happyhaus.fr\/de\/produkt\/la-jupe-cecilie-kids\/#breadcrumb"},"inLanguage":"de","potentialAction":[{"@type":"ReadAction","target":["https:\/\/happyhaus.fr\/de\/produkt\/la-jupe-cecilie-kids\/"]}]},{"@type":"ImageObject","inLanguage":"de","@id":"https:\/\/happyhaus.fr\/de\/produkt\/la-jupe-cecilie-kids\/#primaryimage","url":"https:\/\/happyhaus.fr\/wp-content\/uploads\/2021\/02\/Jupe-Cecilie-Kids-FACE.png","contentUrl":"https:\/\/happyhaus.fr\/wp-content\/uploads\/2021\/02\/Jupe-Cecilie-Kids-FACE.png","width":1707,"height":2560},{"@type":"BreadcrumbList","@id":"https:\/\/happyhaus.fr\/de\/produkt\/la-jupe-cecilie-kids\/#breadcrumb","itemListElement":[{"@type":"ListItem","position":1,"name":"Accueil","item":"https:\/\/happyhaus.fr\/de\/"},{"@type":"ListItem","position":2,"name":"Priv\u00e9\u00a0: Shop","item":"https:\/\/happyhaus.fr\/?page_id=4438"},{"@type":"ListItem","position":3,"name":"LA JUPE CECILIE KIDS &#8211; pre order"}]},{"@type":"WebSite","@id":"https:\/\/happyhaus.fr\/#website","url":"https:\/\/happyhaus.fr\/","name":"","description":"","potentialAction":[{"@type":"SearchAction","target":{"@type":"EntryPoint","urlTemplate":"https:\/\/happyhaus.fr\/?s={search_term_string}"},"query-input":"required name=search_term_string"}],"inLanguage":"de"}]}},"_links":{"self":[{"href":"https:\/\/happyhaus.fr\/de\/wp-json\/wp\/v2\/product\/46326"}],"collection":[{"href":"https:\/\/happyhaus.fr\/de\/wp-json\/wp\/v2\/product"}],"about":[{"href":"https:\/\/happyhaus.fr\/de\/wp-json\/wp\/v2\/types\/product"}],"replies":[{"embeddable":true,"href":"https:\/\/happyhaus.fr\/de\/wp-json\/wp\/v2\/comments?post=46326"}],"wp:featuredmedia":[{"embeddable":true,"href":"https:\/\/happyhaus.fr\/de\/wp-json\/wp\/v2\/media\/87797"}],"wp:attachment":[{"href":"https:\/\/happyhaus.fr\/de\/wp-json\/wp\/v2\/media?parent=46326"}],"wp:term":[{"taxonomy":"product_cat","embeddable":true,"href":"https:\/\/happyhaus.fr\/de\/wp-json\/wp\/v2\/product_cat?post=46326"},{"taxonomy":"product_tag","embeddable":true,"href":"https:\/\/happyhaus.fr\/de\/wp-json\/wp\/v2\/product_tag?post=46326"}],"curies":[{"name":"wp","href":"https:\/\/api.w.org\/{rel}","templated":true}]}}