{"id":46296,"date":"2021-03-30T14:26:39","date_gmt":"2021-09-23T10:06:59","guid":{"rendered":"https:\/\/happyhaus.fr\/?post_type=product&#038;p=46296"},"modified":"2023-01-05T12:49:19","modified_gmt":"2023-01-05T11:49:19","slug":"la-veste-worker-kids","status":"publish","type":"product","link":"https:\/\/happyhaus.fr\/de\/produkt\/la-veste-worker-kids\/","title":{"rendered":"LA VESTE WORKER KIDS"},"content":{"rendered":"<ul>\n<li>Gerader Schnitt<\/li>\n<li>H\u00fcftlang<\/li>\n<li>Hemdkragen<\/li>\n<li>Versteckte Brusttaschen und aufgesetzte Vordertaschen<\/li>\n<li>Im R\u00fccken ist eine Kellerfalte f\u00fcr mehr Bewegungsfreiheit eingen\u00e4ht<\/li>\n<li>Knopfverschluss auf der Vorderseite<\/li>\n<li>\u00c4rmeldetail mit elastischen Raffung an den Manschetten.<\/li>\n<li>Kn\u00f6pfe aus Holz<\/li>\n<li>90 % Baumwolle 20% Recycle-Baumwolle<\/li>\n<\/ul>\n<p>Herkunft des Stoffes: Tunesien<br \/>\nHergestellt in Tunesien<\/p>\n","protected":false},"excerpt":{"rendered":"<p>Diese Jeansjacke ist aus einem dicken, recycelten Baumwollstoff gefertigt. Sie hat eine gerade Passform, f\u00e4llt auf die H\u00fcften und ist mit einem Holzknopfverschluss auf der Vorderseite und vier Taschen ausgestattet.<\/p>\n<p>Danah, unser Model, tr\u00e4gt die Gr\u00f6\u00dfe 8 Jahre. Sie ist 7 Jahre alt.<\/p>\n","protected":false},"featured_media":87800,"comment_status":"closed","ping_status":"closed","template":"","meta":{"_acf_changed":false},"product_cat":[232],"product_tag":[335],"acf":[],"yoast_head":"<!-- This site is optimized with the Yoast SEO plugin v22.6 - https:\/\/yoast.com\/wordpress\/plugins\/seo\/ -->\n<title>LA VESTE WORKER KIDS -<\/title>\n<meta name=\"robots\" content=\"index, follow, max-snippet:-1, max-image-preview:large, max-video-preview:-1\" \/>\n<link rel=\"canonical\" href=\"https:\/\/happyhaus.fr\/de\/produkt\/la-veste-worker-kids\/\" \/>\n<meta property=\"og:locale\" content=\"de_DE\" \/>\n<meta property=\"og:type\" content=\"article\" \/>\n<meta property=\"og:title\" content=\"LA VESTE WORKER KIDS -\" \/>\n<meta property=\"og:description\" content=\"Diese Jeansjacke ist aus einem dicken, recycelten Baumwollstoff gefertigt. Sie hat eine gerade Passform, f\u00e4llt auf die H\u00fcften und ist mit einem Holzknopfverschluss auf der Vorderseite und vier Taschen ausgestattet.  Danah, unser Model, tr\u00e4gt die Gr\u00f6\u00dfe 8 Jahre. Sie ist 7 Jahre alt.\" \/>\n<meta property=\"og:url\" content=\"https:\/\/happyhaus.fr\/de\/produkt\/la-veste-worker-kids\/\" \/>\n<meta property=\"article:modified_time\" content=\"2023-01-05T11:49:19+00:00\" \/>\n<meta property=\"og:image\" content=\"https:\/\/happyhaus.fr\/wp-content\/uploads\/2021\/02\/veste-worker-enfant-bleu-de\u0301te\u0301-scaled.jpg\" \/>\n\t<meta property=\"og:image:width\" content=\"3000\" \/>\n\t<meta property=\"og:image:height\" content=\"4500\" \/>\n\t<meta property=\"og:image:type\" content=\"image\/jpeg\" \/>\n<meta name=\"twitter:card\" content=\"summary_large_image\" \/>\n<meta name=\"twitter:label1\" content=\"Gesch\u00e4tzte Lesezeit\" \/>\n\t<meta name=\"twitter:data1\" content=\"1\u00a0Minute\" \/>\n<script type=\"application\/ld+json\" class=\"yoast-schema-graph\">{\"@context\":\"https:\/\/schema.org\",\"@graph\":[{\"@type\":\"WebPage\",\"@id\":\"https:\/\/happyhaus.fr\/de\/produkt\/la-veste-worker-kids\/\",\"url\":\"https:\/\/happyhaus.fr\/de\/produkt\/la-veste-worker-kids\/\",\"name\":\"LA VESTE WORKER KIDS -\",\"isPartOf\":{\"@id\":\"https:\/\/happyhaus.fr\/#website\"},\"primaryImageOfPage\":{\"@id\":\"https:\/\/happyhaus.fr\/de\/produkt\/la-veste-worker-kids\/#primaryimage\"},\"image\":{\"@id\":\"https:\/\/happyhaus.fr\/de\/produkt\/la-veste-worker-kids\/#primaryimage\"},\"thumbnailUrl\":\"https:\/\/happyhaus.fr\/wp-content\/uploads\/2021\/03\/Veste-Worker-KIDS-face-.png\",\"datePublished\":\"2021-09-23T10:06:59+00:00\",\"dateModified\":\"2023-01-05T11:49:19+00:00\",\"breadcrumb\":{\"@id\":\"https:\/\/happyhaus.fr\/de\/produkt\/la-veste-worker-kids\/#breadcrumb\"},\"inLanguage\":\"de\",\"potentialAction\":[{\"@type\":\"ReadAction\",\"target\":[\"https:\/\/happyhaus.fr\/de\/produkt\/la-veste-worker-kids\/\"]}]},{\"@type\":\"ImageObject\",\"inLanguage\":\"de\",\"@id\":\"https:\/\/happyhaus.fr\/de\/produkt\/la-veste-worker-kids\/#primaryimage\",\"url\":\"https:\/\/happyhaus.fr\/wp-content\/uploads\/2021\/03\/Veste-Worker-KIDS-face-.png\",\"contentUrl\":\"https:\/\/happyhaus.fr\/wp-content\/uploads\/2021\/03\/Veste-Worker-KIDS-face-.png\",\"width\":1707,\"height\":2560},{\"@type\":\"BreadcrumbList\",\"@id\":\"https:\/\/happyhaus.fr\/de\/produkt\/la-veste-worker-kids\/#breadcrumb\",\"itemListElement\":[{\"@type\":\"ListItem\",\"position\":1,\"name\":\"Accueil\",\"item\":\"https:\/\/happyhaus.fr\/de\/\"},{\"@type\":\"ListItem\",\"position\":2,\"name\":\"Priv\u00e9\u00a0: Shop\",\"item\":\"https:\/\/happyhaus.fr\/?page_id=4438\"},{\"@type\":\"ListItem\",\"position\":3,\"name\":\"LA VESTE WORKER KIDS\"}]},{\"@type\":\"WebSite\",\"@id\":\"https:\/\/happyhaus.fr\/#website\",\"url\":\"https:\/\/happyhaus.fr\/\",\"name\":\"\",\"description\":\"\",\"potentialAction\":[{\"@type\":\"SearchAction\",\"target\":{\"@type\":\"EntryPoint\",\"urlTemplate\":\"https:\/\/happyhaus.fr\/?s={search_term_string}\"},\"query-input\":\"required name=search_term_string\"}],\"inLanguage\":\"de\"}]}<\/script>\n<!-- \/ Yoast SEO plugin. -->","yoast_head_json":{"title":"LA VESTE WORKER KIDS -","robots":{"index":"index","follow":"follow","max-snippet":"max-snippet:-1","max-image-preview":"max-image-preview:large","max-video-preview":"max-video-preview:-1"},"canonical":"https:\/\/happyhaus.fr\/de\/produkt\/la-veste-worker-kids\/","og_locale":"de_DE","og_type":"article","og_title":"LA VESTE WORKER KIDS -","og_description":"Diese Jeansjacke ist aus einem dicken, recycelten Baumwollstoff gefertigt. Sie hat eine gerade Passform, f\u00e4llt auf die H\u00fcften und ist mit einem Holzknopfverschluss auf der Vorderseite und vier Taschen ausgestattet.  Danah, unser Model, tr\u00e4gt die Gr\u00f6\u00dfe 8 Jahre. Sie ist 7 Jahre alt.","og_url":"https:\/\/happyhaus.fr\/de\/produkt\/la-veste-worker-kids\/","article_modified_time":"2023-01-05T11:49:19+00:00","og_image":[{"width":3000,"height":4500,"url":"https:\/\/happyhaus.fr\/wp-content\/uploads\/2021\/02\/veste-worker-enfant-bleu-de\u0301te\u0301-scaled.jpg","type":"image\/jpeg"}],"twitter_card":"summary_large_image","twitter_misc":{"Gesch\u00e4tzte Lesezeit":"1\u00a0Minute"},"schema":{"@context":"https:\/\/schema.org","@graph":[{"@type":"WebPage","@id":"https:\/\/happyhaus.fr\/de\/produkt\/la-veste-worker-kids\/","url":"https:\/\/happyhaus.fr\/de\/produkt\/la-veste-worker-kids\/","name":"LA VESTE WORKER KIDS -","isPartOf":{"@id":"https:\/\/happyhaus.fr\/#website"},"primaryImageOfPage":{"@id":"https:\/\/happyhaus.fr\/de\/produkt\/la-veste-worker-kids\/#primaryimage"},"image":{"@id":"https:\/\/happyhaus.fr\/de\/produkt\/la-veste-worker-kids\/#primaryimage"},"thumbnailUrl":"https:\/\/happyhaus.fr\/wp-content\/uploads\/2021\/03\/Veste-Worker-KIDS-face-.png","datePublished":"2021-09-23T10:06:59+00:00","dateModified":"2023-01-05T11:49:19+00:00","breadcrumb":{"@id":"https:\/\/happyhaus.fr\/de\/produkt\/la-veste-worker-kids\/#breadcrumb"},"inLanguage":"de","potentialAction":[{"@type":"ReadAction","target":["https:\/\/happyhaus.fr\/de\/produkt\/la-veste-worker-kids\/"]}]},{"@type":"ImageObject","inLanguage":"de","@id":"https:\/\/happyhaus.fr\/de\/produkt\/la-veste-worker-kids\/#primaryimage","url":"https:\/\/happyhaus.fr\/wp-content\/uploads\/2021\/03\/Veste-Worker-KIDS-face-.png","contentUrl":"https:\/\/happyhaus.fr\/wp-content\/uploads\/2021\/03\/Veste-Worker-KIDS-face-.png","width":1707,"height":2560},{"@type":"BreadcrumbList","@id":"https:\/\/happyhaus.fr\/de\/produkt\/la-veste-worker-kids\/#breadcrumb","itemListElement":[{"@type":"ListItem","position":1,"name":"Accueil","item":"https:\/\/happyhaus.fr\/de\/"},{"@type":"ListItem","position":2,"name":"Priv\u00e9\u00a0: Shop","item":"https:\/\/happyhaus.fr\/?page_id=4438"},{"@type":"ListItem","position":3,"name":"LA VESTE WORKER KIDS"}]},{"@type":"WebSite","@id":"https:\/\/happyhaus.fr\/#website","url":"https:\/\/happyhaus.fr\/","name":"","description":"","potentialAction":[{"@type":"SearchAction","target":{"@type":"EntryPoint","urlTemplate":"https:\/\/happyhaus.fr\/?s={search_term_string}"},"query-input":"required name=search_term_string"}],"inLanguage":"de"}]}},"_links":{"self":[{"href":"https:\/\/happyhaus.fr\/de\/wp-json\/wp\/v2\/product\/46296"}],"collection":[{"href":"https:\/\/happyhaus.fr\/de\/wp-json\/wp\/v2\/product"}],"about":[{"href":"https:\/\/happyhaus.fr\/de\/wp-json\/wp\/v2\/types\/product"}],"replies":[{"embeddable":true,"href":"https:\/\/happyhaus.fr\/de\/wp-json\/wp\/v2\/comments?post=46296"}],"wp:featuredmedia":[{"embeddable":true,"href":"https:\/\/happyhaus.fr\/de\/wp-json\/wp\/v2\/media\/87800"}],"wp:attachment":[{"href":"https:\/\/happyhaus.fr\/de\/wp-json\/wp\/v2\/media?parent=46296"}],"wp:term":[{"taxonomy":"product_cat","embeddable":true,"href":"https:\/\/happyhaus.fr\/de\/wp-json\/wp\/v2\/product_cat?post=46296"},{"taxonomy":"product_tag","embeddable":true,"href":"https:\/\/happyhaus.fr\/de\/wp-json\/wp\/v2\/product_tag?post=46296"}],"curies":[{"name":"wp","href":"https:\/\/api.w.org\/{rel}","templated":true}]}}