{"id":46290,"date":"2021-03-30T14:40:41","date_gmt":"2021-09-23T09:48:26","guid":{"rendered":"https:\/\/happyhaus.fr\/?post_type=product&#038;p=46290"},"modified":"2023-01-05T12:38:48","modified_gmt":"2023-01-05T11:38:48","slug":"le-pantalon-oversize-kids-noir-delave","status":"publish","type":"product","link":"https:\/\/happyhaus.fr\/de\/produkt\/le-pantalon-oversize-kids-noir-delave\/","title":{"rendered":"LE PANTALON OVERSIZE KIDS"},"content":{"rendered":"<ul>\n<li>Normale L\u00e4nge<\/li>\n<li>Volumin\u00f6ser ausgestellter Schnitt<\/li>\n<li>5 Taschen<\/li>\n<li>Hohe Taille mit Kordelzug<\/li>\n<li>Happy Haus&#8217;s Pfau auf der Ges\u00e4\u00dftasche gestickt<\/li>\n<li>98 % Baumwolle 2% Elasthan<\/li>\n<\/ul>\n<p>Herkunft des Stoffes: Tunesien<br \/>\nHergestellt in Tunesien<\/p>\n","protected":false},"excerpt":{"rendered":"<p>Diese Hose ist aus Baumwolle und Elastan gefertigt, um die Bewegung der Kinder zu erleichtern. Sie hat einen ausgestellten Schnitt, eine regul\u00e4re L\u00e4nge, einen mit Jeansstoff \u00fcberzogenen Knopf f\u00fcr den vorderen Verschluss und f\u00fcnf Taschen.<\/p>\n<p>Anouk, unser Model, tr\u00e4gt Gr\u00f6\u00dfe 10 Jahre. Sie ist 10 Jahre alt<\/p>\n","protected":false},"featured_media":46286,"comment_status":"closed","ping_status":"closed","template":"","meta":{"_acf_changed":false},"product_cat":[232],"product_tag":[335],"acf":[],"yoast_head":"<!-- This site is optimized with the Yoast SEO plugin v22.6 - https:\/\/yoast.com\/wordpress\/plugins\/seo\/ -->\n<title>LE PANTALON OVERSIZE KIDS -<\/title>\n<meta name=\"robots\" content=\"index, follow, max-snippet:-1, max-image-preview:large, max-video-preview:-1\" \/>\n<link rel=\"canonical\" href=\"https:\/\/happyhaus.fr\/de\/produkt\/le-pantalon-oversize-kids-noir-delave\/\" \/>\n<meta property=\"og:locale\" content=\"de_DE\" \/>\n<meta property=\"og:type\" content=\"article\" \/>\n<meta property=\"og:title\" content=\"LE PANTALON OVERSIZE KIDS -\" \/>\n<meta property=\"og:description\" content=\"Diese Hose ist aus Baumwolle und Elastan gefertigt, um die Bewegung der Kinder zu erleichtern. Sie hat einen ausgestellten Schnitt, eine regul\u00e4re L\u00e4nge, einen mit Jeansstoff \u00fcberzogenen Knopf f\u00fcr den vorderen Verschluss und f\u00fcnf Taschen.  Anouk, unser Model, tr\u00e4gt Gr\u00f6\u00dfe 10 Jahre. Sie ist 10 Jahre alt\" \/>\n<meta property=\"og:url\" content=\"https:\/\/happyhaus.fr\/de\/produkt\/le-pantalon-oversize-kids-noir-delave\/\" \/>\n<meta property=\"article:modified_time\" content=\"2023-01-05T11:38:48+00:00\" \/>\n<meta property=\"og:image\" content=\"https:\/\/happyhaus.fr\/wp-content\/uploads\/2021\/03\/pantalon-oversize-enfant-noir-de\u0301lave\u0301-scaled.jpg\" \/>\n\t<meta property=\"og:image:width\" content=\"1707\" \/>\n\t<meta property=\"og:image:height\" content=\"2560\" \/>\n\t<meta property=\"og:image:type\" content=\"image\/jpeg\" \/>\n<meta name=\"twitter:card\" content=\"summary_large_image\" \/>\n<meta name=\"twitter:label1\" content=\"Gesch\u00e4tzte Lesezeit\" \/>\n\t<meta name=\"twitter:data1\" content=\"1\u00a0Minute\" \/>\n<script type=\"application\/ld+json\" class=\"yoast-schema-graph\">{\"@context\":\"https:\/\/schema.org\",\"@graph\":[{\"@type\":\"WebPage\",\"@id\":\"https:\/\/happyhaus.fr\/de\/produkt\/le-pantalon-oversize-kids-noir-delave\/\",\"url\":\"https:\/\/happyhaus.fr\/de\/produkt\/le-pantalon-oversize-kids-noir-delave\/\",\"name\":\"LE PANTALON OVERSIZE KIDS -\",\"isPartOf\":{\"@id\":\"https:\/\/happyhaus.fr\/#website\"},\"primaryImageOfPage\":{\"@id\":\"https:\/\/happyhaus.fr\/de\/produkt\/le-pantalon-oversize-kids-noir-delave\/#primaryimage\"},\"image\":{\"@id\":\"https:\/\/happyhaus.fr\/de\/produkt\/le-pantalon-oversize-kids-noir-delave\/#primaryimage\"},\"thumbnailUrl\":\"https:\/\/happyhaus.fr\/wp-content\/uploads\/2021\/03\/pantalon-oversize-enfant-noir-de\u0301lave\u0301-scaled.jpg\",\"datePublished\":\"2021-09-23T09:48:26+00:00\",\"dateModified\":\"2023-01-05T11:38:48+00:00\",\"breadcrumb\":{\"@id\":\"https:\/\/happyhaus.fr\/de\/produkt\/le-pantalon-oversize-kids-noir-delave\/#breadcrumb\"},\"inLanguage\":\"de\",\"potentialAction\":[{\"@type\":\"ReadAction\",\"target\":[\"https:\/\/happyhaus.fr\/de\/produkt\/le-pantalon-oversize-kids-noir-delave\/\"]}]},{\"@type\":\"ImageObject\",\"inLanguage\":\"de\",\"@id\":\"https:\/\/happyhaus.fr\/de\/produkt\/le-pantalon-oversize-kids-noir-delave\/#primaryimage\",\"url\":\"https:\/\/happyhaus.fr\/wp-content\/uploads\/2021\/03\/pantalon-oversize-enfant-noir-de\u0301lave\u0301-scaled.jpg\",\"contentUrl\":\"https:\/\/happyhaus.fr\/wp-content\/uploads\/2021\/03\/pantalon-oversize-enfant-noir-de\u0301lave\u0301-scaled.jpg\",\"width\":1707,\"height\":2560},{\"@type\":\"BreadcrumbList\",\"@id\":\"https:\/\/happyhaus.fr\/de\/produkt\/le-pantalon-oversize-kids-noir-delave\/#breadcrumb\",\"itemListElement\":[{\"@type\":\"ListItem\",\"position\":1,\"name\":\"Accueil\",\"item\":\"https:\/\/happyhaus.fr\/de\/\"},{\"@type\":\"ListItem\",\"position\":2,\"name\":\"Priv\u00e9\u00a0: Shop\",\"item\":\"https:\/\/happyhaus.fr\/?page_id=4438\"},{\"@type\":\"ListItem\",\"position\":3,\"name\":\"LE PANTALON OVERSIZE KIDS\"}]},{\"@type\":\"WebSite\",\"@id\":\"https:\/\/happyhaus.fr\/#website\",\"url\":\"https:\/\/happyhaus.fr\/\",\"name\":\"\",\"description\":\"\",\"potentialAction\":[{\"@type\":\"SearchAction\",\"target\":{\"@type\":\"EntryPoint\",\"urlTemplate\":\"https:\/\/happyhaus.fr\/?s={search_term_string}\"},\"query-input\":\"required name=search_term_string\"}],\"inLanguage\":\"de\"}]}<\/script>\n<!-- \/ Yoast SEO plugin. -->","yoast_head_json":{"title":"LE PANTALON OVERSIZE KIDS -","robots":{"index":"index","follow":"follow","max-snippet":"max-snippet:-1","max-image-preview":"max-image-preview:large","max-video-preview":"max-video-preview:-1"},"canonical":"https:\/\/happyhaus.fr\/de\/produkt\/le-pantalon-oversize-kids-noir-delave\/","og_locale":"de_DE","og_type":"article","og_title":"LE PANTALON OVERSIZE KIDS -","og_description":"Diese Hose ist aus Baumwolle und Elastan gefertigt, um die Bewegung der Kinder zu erleichtern. Sie hat einen ausgestellten Schnitt, eine regul\u00e4re L\u00e4nge, einen mit Jeansstoff \u00fcberzogenen Knopf f\u00fcr den vorderen Verschluss und f\u00fcnf Taschen.  Anouk, unser Model, tr\u00e4gt Gr\u00f6\u00dfe 10 Jahre. Sie ist 10 Jahre alt","og_url":"https:\/\/happyhaus.fr\/de\/produkt\/le-pantalon-oversize-kids-noir-delave\/","article_modified_time":"2023-01-05T11:38:48+00:00","og_image":[{"width":1707,"height":2560,"url":"https:\/\/happyhaus.fr\/wp-content\/uploads\/2021\/03\/pantalon-oversize-enfant-noir-de\u0301lave\u0301-scaled.jpg","type":"image\/jpeg"}],"twitter_card":"summary_large_image","twitter_misc":{"Gesch\u00e4tzte Lesezeit":"1\u00a0Minute"},"schema":{"@context":"https:\/\/schema.org","@graph":[{"@type":"WebPage","@id":"https:\/\/happyhaus.fr\/de\/produkt\/le-pantalon-oversize-kids-noir-delave\/","url":"https:\/\/happyhaus.fr\/de\/produkt\/le-pantalon-oversize-kids-noir-delave\/","name":"LE PANTALON OVERSIZE KIDS -","isPartOf":{"@id":"https:\/\/happyhaus.fr\/#website"},"primaryImageOfPage":{"@id":"https:\/\/happyhaus.fr\/de\/produkt\/le-pantalon-oversize-kids-noir-delave\/#primaryimage"},"image":{"@id":"https:\/\/happyhaus.fr\/de\/produkt\/le-pantalon-oversize-kids-noir-delave\/#primaryimage"},"thumbnailUrl":"https:\/\/happyhaus.fr\/wp-content\/uploads\/2021\/03\/pantalon-oversize-enfant-noir-de\u0301lave\u0301-scaled.jpg","datePublished":"2021-09-23T09:48:26+00:00","dateModified":"2023-01-05T11:38:48+00:00","breadcrumb":{"@id":"https:\/\/happyhaus.fr\/de\/produkt\/le-pantalon-oversize-kids-noir-delave\/#breadcrumb"},"inLanguage":"de","potentialAction":[{"@type":"ReadAction","target":["https:\/\/happyhaus.fr\/de\/produkt\/le-pantalon-oversize-kids-noir-delave\/"]}]},{"@type":"ImageObject","inLanguage":"de","@id":"https:\/\/happyhaus.fr\/de\/produkt\/le-pantalon-oversize-kids-noir-delave\/#primaryimage","url":"https:\/\/happyhaus.fr\/wp-content\/uploads\/2021\/03\/pantalon-oversize-enfant-noir-de\u0301lave\u0301-scaled.jpg","contentUrl":"https:\/\/happyhaus.fr\/wp-content\/uploads\/2021\/03\/pantalon-oversize-enfant-noir-de\u0301lave\u0301-scaled.jpg","width":1707,"height":2560},{"@type":"BreadcrumbList","@id":"https:\/\/happyhaus.fr\/de\/produkt\/le-pantalon-oversize-kids-noir-delave\/#breadcrumb","itemListElement":[{"@type":"ListItem","position":1,"name":"Accueil","item":"https:\/\/happyhaus.fr\/de\/"},{"@type":"ListItem","position":2,"name":"Priv\u00e9\u00a0: Shop","item":"https:\/\/happyhaus.fr\/?page_id=4438"},{"@type":"ListItem","position":3,"name":"LE PANTALON OVERSIZE KIDS"}]},{"@type":"WebSite","@id":"https:\/\/happyhaus.fr\/#website","url":"https:\/\/happyhaus.fr\/","name":"","description":"","potentialAction":[{"@type":"SearchAction","target":{"@type":"EntryPoint","urlTemplate":"https:\/\/happyhaus.fr\/?s={search_term_string}"},"query-input":"required name=search_term_string"}],"inLanguage":"de"}]}},"_links":{"self":[{"href":"https:\/\/happyhaus.fr\/de\/wp-json\/wp\/v2\/product\/46290"}],"collection":[{"href":"https:\/\/happyhaus.fr\/de\/wp-json\/wp\/v2\/product"}],"about":[{"href":"https:\/\/happyhaus.fr\/de\/wp-json\/wp\/v2\/types\/product"}],"replies":[{"embeddable":true,"href":"https:\/\/happyhaus.fr\/de\/wp-json\/wp\/v2\/comments?post=46290"}],"wp:featuredmedia":[{"embeddable":true,"href":"https:\/\/happyhaus.fr\/de\/wp-json\/wp\/v2\/media\/46286"}],"wp:attachment":[{"href":"https:\/\/happyhaus.fr\/de\/wp-json\/wp\/v2\/media?parent=46290"}],"wp:term":[{"taxonomy":"product_cat","embeddable":true,"href":"https:\/\/happyhaus.fr\/de\/wp-json\/wp\/v2\/product_cat?post=46290"},{"taxonomy":"product_tag","embeddable":true,"href":"https:\/\/happyhaus.fr\/de\/wp-json\/wp\/v2\/product_tag?post=46290"}],"curies":[{"name":"wp","href":"https:\/\/api.w.org\/{rel}","templated":true}]}}