{"id":46228,"date":"2021-03-30T15:20:28","date_gmt":"2021-09-22T13:51:53","guid":{"rendered":"https:\/\/happyhaus.fr\/?post_type=product&#038;p=46228"},"modified":"2025-07-25T13:54:11","modified_gmt":"2025-07-25T11:54:11","slug":"rockceciliewhitecotton","status":"publish","type":"product","link":"https:\/\/happyhaus.fr\/de\/produkt\/rockceciliewhitecotton\/","title":{"rendered":"LA JUPE CECILIE"},"content":{"rendered":"<ul>\n<li class=\"p1\">Leicht ausgestellter Schnitt<\/li>\n<li class=\"p1\">5 Taschen<\/li>\n<li class=\"p1\">Blumenf\u00f6rmige Tasche<\/li>\n<li class=\"p1\">Mittlere Wadenl\u00e4nge<\/li>\n<li class=\"p1\">Happy-Haus-Stickerei auf dem hinteren Bund<\/li>\n<li class=\"p1\">100% Baumwolle<\/li>\n<\/ul>\n<p>Herkunft des Stoffes: Italien<br \/>\nHergestellt in Tunesien<\/p>\n","protected":false},"excerpt":{"rendered":"<p>Dieser Rock ist aus Baumwolle gefertigt. Er hat einen leicht ausgestellten Schnitt, f\u00e4llt bis zur Mitte der Wade und hat f\u00fcnf Taschen, darunter die beiden Ges\u00e4\u00dftaschen, die in Form von Blumen gestaltet sind. Die L\u00e4nge bis zur Mitte der Wade erinnert an die Bleistiftform, was dem Rock einen sehr schicken Look verleiht.<\/p>\n<p>Sabine tr\u00e4gt Gr\u00f6\u00dfe 36 und ist 164 cm gro\u00df. Sandy, die Gr\u00fcnderin von HAPPY HAUS, tr\u00e4gt Gr\u00f6\u00dfe 36 und ist 170 cm gro\u00df.<\/p>\n","protected":false},"featured_media":86037,"comment_status":"closed","ping_status":"closed","template":"","meta":{"_acf_changed":false},"product_cat":[312,231,315,328],"product_tag":[],"acf":[],"yoast_head":"<!-- This site is optimized with the Yoast SEO plugin v22.6 - https:\/\/yoast.com\/wordpress\/plugins\/seo\/ -->\n<title>LA JUPE CECILIE -<\/title>\n<meta name=\"robots\" content=\"index, follow, max-snippet:-1, max-image-preview:large, max-video-preview:-1\" \/>\n<link rel=\"canonical\" href=\"https:\/\/happyhaus.fr\/de\/produkt\/rockceciliewhitecotton\/\" \/>\n<meta property=\"og:locale\" content=\"de_DE\" \/>\n<meta property=\"og:type\" content=\"article\" \/>\n<meta property=\"og:title\" content=\"LA JUPE CECILIE -\" \/>\n<meta property=\"og:description\" content=\"Dieser Rock ist aus Baumwolle gefertigt. Er hat einen leicht ausgestellten Schnitt, f\u00e4llt bis zur Mitte der Wade und hat f\u00fcnf Taschen, darunter die beiden Ges\u00e4\u00dftaschen, die in Form von Blumen gestaltet sind. Die L\u00e4nge bis zur Mitte der Wade erinnert an die Bleistiftform, was dem Rock einen sehr schicken Look verleiht.  Sabine tr\u00e4gt Gr\u00f6\u00dfe 36 und ist 164 cm gro\u00df. Sandy, die Gr\u00fcnderin von HAPPY HAUS, tr\u00e4gt Gr\u00f6\u00dfe 36 und ist 170 cm gro\u00df.\" \/>\n<meta property=\"og:url\" content=\"https:\/\/happyhaus.fr\/de\/produkt\/rockceciliewhitecotton\/\" \/>\n<meta property=\"article:modified_time\" content=\"2025-07-25T11:54:11+00:00\" \/>\n<meta property=\"og:image\" content=\"https:\/\/happyhaus.fr\/wp-content\/uploads\/2021\/03\/Sabine-jupe-cecilie.jpg\" \/>\n\t<meta property=\"og:image:width\" content=\"1707\" \/>\n\t<meta property=\"og:image:height\" content=\"2560\" \/>\n\t<meta property=\"og:image:type\" content=\"image\/jpeg\" \/>\n<meta name=\"twitter:card\" content=\"summary_large_image\" \/>\n<meta name=\"twitter:label1\" content=\"Gesch\u00e4tzte Lesezeit\" \/>\n\t<meta name=\"twitter:data1\" content=\"1\u00a0Minute\" \/>\n<script type=\"application\/ld+json\" class=\"yoast-schema-graph\">{\"@context\":\"https:\/\/schema.org\",\"@graph\":[{\"@type\":\"WebPage\",\"@id\":\"https:\/\/happyhaus.fr\/de\/produkt\/rockceciliewhitecotton\/\",\"url\":\"https:\/\/happyhaus.fr\/de\/produkt\/rockceciliewhitecotton\/\",\"name\":\"LA JUPE CECILIE -\",\"isPartOf\":{\"@id\":\"https:\/\/happyhaus.fr\/#website\"},\"primaryImageOfPage\":{\"@id\":\"https:\/\/happyhaus.fr\/de\/produkt\/rockceciliewhitecotton\/#primaryimage\"},\"image\":{\"@id\":\"https:\/\/happyhaus.fr\/de\/produkt\/rockceciliewhitecotton\/#primaryimage\"},\"thumbnailUrl\":\"https:\/\/happyhaus.fr\/wp-content\/uploads\/2021\/03\/Sabine-jupe-cecilie.jpg\",\"datePublished\":\"2021-09-22T13:51:53+00:00\",\"dateModified\":\"2025-07-25T11:54:11+00:00\",\"breadcrumb\":{\"@id\":\"https:\/\/happyhaus.fr\/de\/produkt\/rockceciliewhitecotton\/#breadcrumb\"},\"inLanguage\":\"de\",\"potentialAction\":[{\"@type\":\"ReadAction\",\"target\":[\"https:\/\/happyhaus.fr\/de\/produkt\/rockceciliewhitecotton\/\"]}]},{\"@type\":\"ImageObject\",\"inLanguage\":\"de\",\"@id\":\"https:\/\/happyhaus.fr\/de\/produkt\/rockceciliewhitecotton\/#primaryimage\",\"url\":\"https:\/\/happyhaus.fr\/wp-content\/uploads\/2021\/03\/Sabine-jupe-cecilie.jpg\",\"contentUrl\":\"https:\/\/happyhaus.fr\/wp-content\/uploads\/2021\/03\/Sabine-jupe-cecilie.jpg\",\"width\":1707,\"height\":2560},{\"@type\":\"BreadcrumbList\",\"@id\":\"https:\/\/happyhaus.fr\/de\/produkt\/rockceciliewhitecotton\/#breadcrumb\",\"itemListElement\":[{\"@type\":\"ListItem\",\"position\":1,\"name\":\"Accueil\",\"item\":\"https:\/\/happyhaus.fr\/de\/\"},{\"@type\":\"ListItem\",\"position\":2,\"name\":\"Priv\u00e9\u00a0: Shop\",\"item\":\"https:\/\/happyhaus.fr\/?page_id=4438\"},{\"@type\":\"ListItem\",\"position\":3,\"name\":\"LA JUPE CECILIE\"}]},{\"@type\":\"WebSite\",\"@id\":\"https:\/\/happyhaus.fr\/#website\",\"url\":\"https:\/\/happyhaus.fr\/\",\"name\":\"\",\"description\":\"\",\"potentialAction\":[{\"@type\":\"SearchAction\",\"target\":{\"@type\":\"EntryPoint\",\"urlTemplate\":\"https:\/\/happyhaus.fr\/?s={search_term_string}\"},\"query-input\":\"required name=search_term_string\"}],\"inLanguage\":\"de\"}]}<\/script>\n<!-- \/ Yoast SEO plugin. -->","yoast_head_json":{"title":"LA JUPE CECILIE -","robots":{"index":"index","follow":"follow","max-snippet":"max-snippet:-1","max-image-preview":"max-image-preview:large","max-video-preview":"max-video-preview:-1"},"canonical":"https:\/\/happyhaus.fr\/de\/produkt\/rockceciliewhitecotton\/","og_locale":"de_DE","og_type":"article","og_title":"LA JUPE CECILIE -","og_description":"Dieser Rock ist aus Baumwolle gefertigt. Er hat einen leicht ausgestellten Schnitt, f\u00e4llt bis zur Mitte der Wade und hat f\u00fcnf Taschen, darunter die beiden Ges\u00e4\u00dftaschen, die in Form von Blumen gestaltet sind. Die L\u00e4nge bis zur Mitte der Wade erinnert an die Bleistiftform, was dem Rock einen sehr schicken Look verleiht.  Sabine tr\u00e4gt Gr\u00f6\u00dfe 36 und ist 164 cm gro\u00df. Sandy, die Gr\u00fcnderin von HAPPY HAUS, tr\u00e4gt Gr\u00f6\u00dfe 36 und ist 170 cm gro\u00df.","og_url":"https:\/\/happyhaus.fr\/de\/produkt\/rockceciliewhitecotton\/","article_modified_time":"2025-07-25T11:54:11+00:00","og_image":[{"width":1707,"height":2560,"url":"https:\/\/happyhaus.fr\/wp-content\/uploads\/2021\/03\/Sabine-jupe-cecilie.jpg","type":"image\/jpeg"}],"twitter_card":"summary_large_image","twitter_misc":{"Gesch\u00e4tzte Lesezeit":"1\u00a0Minute"},"schema":{"@context":"https:\/\/schema.org","@graph":[{"@type":"WebPage","@id":"https:\/\/happyhaus.fr\/de\/produkt\/rockceciliewhitecotton\/","url":"https:\/\/happyhaus.fr\/de\/produkt\/rockceciliewhitecotton\/","name":"LA JUPE CECILIE -","isPartOf":{"@id":"https:\/\/happyhaus.fr\/#website"},"primaryImageOfPage":{"@id":"https:\/\/happyhaus.fr\/de\/produkt\/rockceciliewhitecotton\/#primaryimage"},"image":{"@id":"https:\/\/happyhaus.fr\/de\/produkt\/rockceciliewhitecotton\/#primaryimage"},"thumbnailUrl":"https:\/\/happyhaus.fr\/wp-content\/uploads\/2021\/03\/Sabine-jupe-cecilie.jpg","datePublished":"2021-09-22T13:51:53+00:00","dateModified":"2025-07-25T11:54:11+00:00","breadcrumb":{"@id":"https:\/\/happyhaus.fr\/de\/produkt\/rockceciliewhitecotton\/#breadcrumb"},"inLanguage":"de","potentialAction":[{"@type":"ReadAction","target":["https:\/\/happyhaus.fr\/de\/produkt\/rockceciliewhitecotton\/"]}]},{"@type":"ImageObject","inLanguage":"de","@id":"https:\/\/happyhaus.fr\/de\/produkt\/rockceciliewhitecotton\/#primaryimage","url":"https:\/\/happyhaus.fr\/wp-content\/uploads\/2021\/03\/Sabine-jupe-cecilie.jpg","contentUrl":"https:\/\/happyhaus.fr\/wp-content\/uploads\/2021\/03\/Sabine-jupe-cecilie.jpg","width":1707,"height":2560},{"@type":"BreadcrumbList","@id":"https:\/\/happyhaus.fr\/de\/produkt\/rockceciliewhitecotton\/#breadcrumb","itemListElement":[{"@type":"ListItem","position":1,"name":"Accueil","item":"https:\/\/happyhaus.fr\/de\/"},{"@type":"ListItem","position":2,"name":"Priv\u00e9\u00a0: Shop","item":"https:\/\/happyhaus.fr\/?page_id=4438"},{"@type":"ListItem","position":3,"name":"LA JUPE CECILIE"}]},{"@type":"WebSite","@id":"https:\/\/happyhaus.fr\/#website","url":"https:\/\/happyhaus.fr\/","name":"","description":"","potentialAction":[{"@type":"SearchAction","target":{"@type":"EntryPoint","urlTemplate":"https:\/\/happyhaus.fr\/?s={search_term_string}"},"query-input":"required name=search_term_string"}],"inLanguage":"de"}]}},"_links":{"self":[{"href":"https:\/\/happyhaus.fr\/de\/wp-json\/wp\/v2\/product\/46228"}],"collection":[{"href":"https:\/\/happyhaus.fr\/de\/wp-json\/wp\/v2\/product"}],"about":[{"href":"https:\/\/happyhaus.fr\/de\/wp-json\/wp\/v2\/types\/product"}],"replies":[{"embeddable":true,"href":"https:\/\/happyhaus.fr\/de\/wp-json\/wp\/v2\/comments?post=46228"}],"wp:featuredmedia":[{"embeddable":true,"href":"https:\/\/happyhaus.fr\/de\/wp-json\/wp\/v2\/media\/86037"}],"wp:attachment":[{"href":"https:\/\/happyhaus.fr\/de\/wp-json\/wp\/v2\/media?parent=46228"}],"wp:term":[{"taxonomy":"product_cat","embeddable":true,"href":"https:\/\/happyhaus.fr\/de\/wp-json\/wp\/v2\/product_cat?post=46228"},{"taxonomy":"product_tag","embeddable":true,"href":"https:\/\/happyhaus.fr\/de\/wp-json\/wp\/v2\/product_tag?post=46228"}],"curies":[{"name":"wp","href":"https:\/\/api.w.org\/{rel}","templated":true}]}}