{"id":46212,"date":"2021-03-02T19:22:10","date_gmt":"2021-09-20T20:51:47","guid":{"rendered":"https:\/\/happyhaus.fr\/?post_type=product&#038;p=46212"},"modified":"2024-11-08T13:17:01","modified_gmt":"2024-11-08T12:17:01","slug":"la-chemise","status":"publish","type":"product","link":"https:\/\/happyhaus.fr\/de\/produkt\/la-chemise\/","title":{"rendered":"LA CHEMISE"},"content":{"rendered":"<ul>\n<li>Gerader Schnitt<\/li>\n<li>Spitz zulaufender Hemdkragen<\/li>\n<li>Einstiegsfront mit Knopf, verdeckt durch Denim<\/li>\n<li>Knopfverschluss an den Manschetten mit Knopfverschluss<\/li>\n<li>100% Cotton certified OEKO-TEX STANDARD 100 and \u00ab\u00a0DETOX\u00a0\u00bb approved by Greenpeace<\/li>\n<\/ul>\n<p>Fabric Origin : Italy<\/p>\n<p>Made in Tunisia<\/p>\n","protected":false},"excerpt":{"rendered":"<p>Ein Hemd darf in keinem Kleiderschrank fehlen. Minimal, aber mit maximalem Kragen, alles in gewaschenem Denim.<\/p>\n<p>Z\u00e9lie, unser Model, tr\u00e4gt Gr\u00f6\u00dfe 36. Sie ist 1,65 m gro\u00df.<\/p>\n","protected":false},"featured_media":43548,"comment_status":"closed","ping_status":"closed","template":"","meta":{"_acf_changed":false},"product_cat":[312,231,237,315],"product_tag":[335],"acf":[],"yoast_head":"<!-- This site is optimized with the Yoast SEO plugin v22.6 - https:\/\/yoast.com\/wordpress\/plugins\/seo\/ -->\n<title>LA CHEMISE -<\/title>\n<meta name=\"robots\" content=\"index, follow, max-snippet:-1, max-image-preview:large, max-video-preview:-1\" \/>\n<link rel=\"canonical\" href=\"https:\/\/happyhaus.fr\/de\/produkt\/la-chemise\/\" \/>\n<meta property=\"og:locale\" content=\"de_DE\" \/>\n<meta property=\"og:type\" content=\"article\" \/>\n<meta property=\"og:title\" content=\"LA CHEMISE -\" \/>\n<meta property=\"og:description\" content=\"Ein Hemd darf in keinem Kleiderschrank fehlen. Minimal, aber mit maximalem Kragen, alles in gewaschenem Denim.  Z\u00e9lie, unser Model, tr\u00e4gt Gr\u00f6\u00dfe 36. Sie ist 1,65 m gro\u00df.\" \/>\n<meta property=\"og:url\" content=\"https:\/\/happyhaus.fr\/de\/produkt\/la-chemise\/\" \/>\n<meta property=\"article:modified_time\" content=\"2024-11-08T12:17:01+00:00\" \/>\n<meta property=\"og:image\" content=\"https:\/\/happyhaus.fr\/wp-content\/uploads\/2021\/03\/Chemise-Summer-Blue-Zelie-scaled.jpg\" \/>\n\t<meta property=\"og:image:width\" content=\"1707\" \/>\n\t<meta property=\"og:image:height\" content=\"2560\" \/>\n\t<meta property=\"og:image:type\" content=\"image\/jpeg\" \/>\n<meta name=\"twitter:card\" content=\"summary_large_image\" \/>\n<meta name=\"twitter:label1\" content=\"Gesch\u00e4tzte Lesezeit\" \/>\n\t<meta name=\"twitter:data1\" content=\"1\u00a0Minute\" \/>\n<script type=\"application\/ld+json\" class=\"yoast-schema-graph\">{\"@context\":\"https:\/\/schema.org\",\"@graph\":[{\"@type\":\"WebPage\",\"@id\":\"https:\/\/happyhaus.fr\/de\/produkt\/la-chemise\/\",\"url\":\"https:\/\/happyhaus.fr\/de\/produkt\/la-chemise\/\",\"name\":\"LA CHEMISE -\",\"isPartOf\":{\"@id\":\"https:\/\/happyhaus.fr\/#website\"},\"primaryImageOfPage\":{\"@id\":\"https:\/\/happyhaus.fr\/de\/produkt\/la-chemise\/#primaryimage\"},\"image\":{\"@id\":\"https:\/\/happyhaus.fr\/de\/produkt\/la-chemise\/#primaryimage\"},\"thumbnailUrl\":\"https:\/\/happyhaus.fr\/wp-content\/uploads\/2021\/03\/Chemise-Summer-Blue-Zelie-scaled.jpg\",\"datePublished\":\"2021-09-20T20:51:47+00:00\",\"dateModified\":\"2024-11-08T12:17:01+00:00\",\"breadcrumb\":{\"@id\":\"https:\/\/happyhaus.fr\/de\/produkt\/la-chemise\/#breadcrumb\"},\"inLanguage\":\"de\",\"potentialAction\":[{\"@type\":\"ReadAction\",\"target\":[\"https:\/\/happyhaus.fr\/de\/produkt\/la-chemise\/\"]}]},{\"@type\":\"ImageObject\",\"inLanguage\":\"de\",\"@id\":\"https:\/\/happyhaus.fr\/de\/produkt\/la-chemise\/#primaryimage\",\"url\":\"https:\/\/happyhaus.fr\/wp-content\/uploads\/2021\/03\/Chemise-Summer-Blue-Zelie-scaled.jpg\",\"contentUrl\":\"https:\/\/happyhaus.fr\/wp-content\/uploads\/2021\/03\/Chemise-Summer-Blue-Zelie-scaled.jpg\",\"width\":1707,\"height\":2560},{\"@type\":\"BreadcrumbList\",\"@id\":\"https:\/\/happyhaus.fr\/de\/produkt\/la-chemise\/#breadcrumb\",\"itemListElement\":[{\"@type\":\"ListItem\",\"position\":1,\"name\":\"Accueil\",\"item\":\"https:\/\/happyhaus.fr\/de\/\"},{\"@type\":\"ListItem\",\"position\":2,\"name\":\"Priv\u00e9\u00a0: Shop\",\"item\":\"https:\/\/happyhaus.fr\/?page_id=4438\"},{\"@type\":\"ListItem\",\"position\":3,\"name\":\"LA CHEMISE\"}]},{\"@type\":\"WebSite\",\"@id\":\"https:\/\/happyhaus.fr\/#website\",\"url\":\"https:\/\/happyhaus.fr\/\",\"name\":\"\",\"description\":\"\",\"potentialAction\":[{\"@type\":\"SearchAction\",\"target\":{\"@type\":\"EntryPoint\",\"urlTemplate\":\"https:\/\/happyhaus.fr\/?s={search_term_string}\"},\"query-input\":\"required name=search_term_string\"}],\"inLanguage\":\"de\"}]}<\/script>\n<!-- \/ Yoast SEO plugin. -->","yoast_head_json":{"title":"LA CHEMISE -","robots":{"index":"index","follow":"follow","max-snippet":"max-snippet:-1","max-image-preview":"max-image-preview:large","max-video-preview":"max-video-preview:-1"},"canonical":"https:\/\/happyhaus.fr\/de\/produkt\/la-chemise\/","og_locale":"de_DE","og_type":"article","og_title":"LA CHEMISE -","og_description":"Ein Hemd darf in keinem Kleiderschrank fehlen. Minimal, aber mit maximalem Kragen, alles in gewaschenem Denim.  Z\u00e9lie, unser Model, tr\u00e4gt Gr\u00f6\u00dfe 36. Sie ist 1,65 m gro\u00df.","og_url":"https:\/\/happyhaus.fr\/de\/produkt\/la-chemise\/","article_modified_time":"2024-11-08T12:17:01+00:00","og_image":[{"width":1707,"height":2560,"url":"https:\/\/happyhaus.fr\/wp-content\/uploads\/2021\/03\/Chemise-Summer-Blue-Zelie-scaled.jpg","type":"image\/jpeg"}],"twitter_card":"summary_large_image","twitter_misc":{"Gesch\u00e4tzte Lesezeit":"1\u00a0Minute"},"schema":{"@context":"https:\/\/schema.org","@graph":[{"@type":"WebPage","@id":"https:\/\/happyhaus.fr\/de\/produkt\/la-chemise\/","url":"https:\/\/happyhaus.fr\/de\/produkt\/la-chemise\/","name":"LA CHEMISE -","isPartOf":{"@id":"https:\/\/happyhaus.fr\/#website"},"primaryImageOfPage":{"@id":"https:\/\/happyhaus.fr\/de\/produkt\/la-chemise\/#primaryimage"},"image":{"@id":"https:\/\/happyhaus.fr\/de\/produkt\/la-chemise\/#primaryimage"},"thumbnailUrl":"https:\/\/happyhaus.fr\/wp-content\/uploads\/2021\/03\/Chemise-Summer-Blue-Zelie-scaled.jpg","datePublished":"2021-09-20T20:51:47+00:00","dateModified":"2024-11-08T12:17:01+00:00","breadcrumb":{"@id":"https:\/\/happyhaus.fr\/de\/produkt\/la-chemise\/#breadcrumb"},"inLanguage":"de","potentialAction":[{"@type":"ReadAction","target":["https:\/\/happyhaus.fr\/de\/produkt\/la-chemise\/"]}]},{"@type":"ImageObject","inLanguage":"de","@id":"https:\/\/happyhaus.fr\/de\/produkt\/la-chemise\/#primaryimage","url":"https:\/\/happyhaus.fr\/wp-content\/uploads\/2021\/03\/Chemise-Summer-Blue-Zelie-scaled.jpg","contentUrl":"https:\/\/happyhaus.fr\/wp-content\/uploads\/2021\/03\/Chemise-Summer-Blue-Zelie-scaled.jpg","width":1707,"height":2560},{"@type":"BreadcrumbList","@id":"https:\/\/happyhaus.fr\/de\/produkt\/la-chemise\/#breadcrumb","itemListElement":[{"@type":"ListItem","position":1,"name":"Accueil","item":"https:\/\/happyhaus.fr\/de\/"},{"@type":"ListItem","position":2,"name":"Priv\u00e9\u00a0: Shop","item":"https:\/\/happyhaus.fr\/?page_id=4438"},{"@type":"ListItem","position":3,"name":"LA CHEMISE"}]},{"@type":"WebSite","@id":"https:\/\/happyhaus.fr\/#website","url":"https:\/\/happyhaus.fr\/","name":"","description":"","potentialAction":[{"@type":"SearchAction","target":{"@type":"EntryPoint","urlTemplate":"https:\/\/happyhaus.fr\/?s={search_term_string}"},"query-input":"required name=search_term_string"}],"inLanguage":"de"}]}},"_links":{"self":[{"href":"https:\/\/happyhaus.fr\/de\/wp-json\/wp\/v2\/product\/46212"}],"collection":[{"href":"https:\/\/happyhaus.fr\/de\/wp-json\/wp\/v2\/product"}],"about":[{"href":"https:\/\/happyhaus.fr\/de\/wp-json\/wp\/v2\/types\/product"}],"replies":[{"embeddable":true,"href":"https:\/\/happyhaus.fr\/de\/wp-json\/wp\/v2\/comments?post=46212"}],"wp:featuredmedia":[{"embeddable":true,"href":"https:\/\/happyhaus.fr\/de\/wp-json\/wp\/v2\/media\/43548"}],"wp:attachment":[{"href":"https:\/\/happyhaus.fr\/de\/wp-json\/wp\/v2\/media?parent=46212"}],"wp:term":[{"taxonomy":"product_cat","embeddable":true,"href":"https:\/\/happyhaus.fr\/de\/wp-json\/wp\/v2\/product_cat?post=46212"},{"taxonomy":"product_tag","embeddable":true,"href":"https:\/\/happyhaus.fr\/de\/wp-json\/wp\/v2\/product_tag?post=46212"}],"curies":[{"name":"wp","href":"https:\/\/api.w.org\/{rel}","templated":true}]}}