{"id":46111,"date":"2021-08-30T16:38:37","date_gmt":"2021-08-30T14:38:39","guid":{"rendered":"https:\/\/happyhaus.fr\/?post_type=product&#038;p=46111"},"modified":"2024-12-09T16:09:22","modified_gmt":"2024-12-09T15:09:22","slug":"la-robe-c-p-black-denim-archives","status":"publish","type":"product","link":"https:\/\/happyhaus.fr\/de\/produkt\/la-robe-c-p-black-denim-archives\/","title":{"rendered":"LA ROBE CAT POWER &#8211; ARCHIVES"},"content":{"rendered":"<ul>\n<li class=\"p1\">Runder Kragen<\/li>\n<li class=\"p1\">\u00d6ffnung vorne<\/li>\n<li class=\"p1\">Seitliche Tasche<\/li>\n<li class=\"p1\">\u00c4rmel mit Falten<\/li>\n<li class=\"p1\">Geschnittene \u00c4rmel vorne\/hinten<\/li>\n<li class=\"p1\">Abn\u00e4her hinten<\/li>\n<li class=\"p1\">Raffung an den Manschetten mit Knopfverschluss<\/li>\n<li class=\"p1\">Knielang<\/li>\n<li class=\"p1\">Knopf mit Jeansstoff \u00fcberzogen<\/li>\n<\/ul>\n<p>Herkunft des Stoffes: Italien<br \/>\nHergestellt in Tunesien<\/p>\n","protected":false},"excerpt":{"rendered":"<p>Dieses Kleid ist aus einem Baumwollstoff gefertigt, der sich sehr weich anf\u00fchlt. Sein gerader Schnitt, der bis unter die Knie reicht, verleiht ihm einen eleganten Look. Es eignet sich perfekt f\u00fcr die \u00dcbergangszeit, kann aber auch im Winter getragen werden, z. B. mit einem Paar Strumpfhosen und einem kleinen Unterziehpullover.<\/p>\n<p>Manon, unser Model, tr\u00e4gt Gr\u00f6\u00dfe 36. Sie ist 174,00 cm gro\u00df.<\/p>\n<p>&nbsp;<\/p>\n","protected":false},"featured_media":87661,"comment_status":"closed","ping_status":"closed","template":"","meta":{"_acf_changed":false},"product_cat":[316,231,233],"product_tag":[335],"acf":[],"yoast_head":"<!-- This site is optimized with the Yoast SEO plugin v22.6 - https:\/\/yoast.com\/wordpress\/plugins\/seo\/ -->\n<title>LA ROBE CAT POWER - ARCHIVES -<\/title>\n<meta name=\"robots\" content=\"index, follow, max-snippet:-1, max-image-preview:large, max-video-preview:-1\" \/>\n<link rel=\"canonical\" href=\"https:\/\/happyhaus.fr\/de\/produkt\/la-robe-c-p-black-denim-archives\/\" \/>\n<meta property=\"og:locale\" content=\"de_DE\" \/>\n<meta property=\"og:type\" content=\"article\" \/>\n<meta property=\"og:title\" content=\"LA ROBE CAT POWER - ARCHIVES -\" \/>\n<meta property=\"og:description\" content=\"Dieses Kleid ist aus einem Baumwollstoff gefertigt, der sich sehr weich anf\u00fchlt. Sein gerader Schnitt, der bis unter die Knie reicht, verleiht ihm einen eleganten Look. Es eignet sich perfekt f\u00fcr die \u00dcbergangszeit, kann aber auch im Winter getragen werden, z. B. mit einem Paar Strumpfhosen und einem kleinen Unterziehpullover.  Manon, unser Model, tr\u00e4gt Gr\u00f6\u00dfe 36. Sie ist 174,00 cm gro\u00df.  &nbsp;\" \/>\n<meta property=\"og:url\" content=\"https:\/\/happyhaus.fr\/de\/produkt\/la-robe-c-p-black-denim-archives\/\" \/>\n<meta property=\"article:modified_time\" content=\"2024-12-09T15:09:22+00:00\" \/>\n<meta property=\"og:image\" content=\"https:\/\/happyhaus.fr\/wp-content\/uploads\/2023\/02\/7-1-683x1024.png\" \/>\n\t<meta property=\"og:image:width\" content=\"683\" \/>\n\t<meta property=\"og:image:height\" content=\"1024\" \/>\n\t<meta property=\"og:image:type\" content=\"image\/png\" \/>\n<meta name=\"twitter:card\" content=\"summary_large_image\" \/>\n<meta name=\"twitter:label1\" content=\"Gesch\u00e4tzte Lesezeit\" \/>\n\t<meta name=\"twitter:data1\" content=\"1\u00a0Minute\" \/>\n<script type=\"application\/ld+json\" class=\"yoast-schema-graph\">{\"@context\":\"https:\/\/schema.org\",\"@graph\":[{\"@type\":\"WebPage\",\"@id\":\"https:\/\/happyhaus.fr\/de\/produkt\/la-robe-c-p-black-denim-archives\/\",\"url\":\"https:\/\/happyhaus.fr\/de\/produkt\/la-robe-c-p-black-denim-archives\/\",\"name\":\"LA ROBE CAT POWER - ARCHIVES -\",\"isPartOf\":{\"@id\":\"https:\/\/happyhaus.fr\/#website\"},\"primaryImageOfPage\":{\"@id\":\"https:\/\/happyhaus.fr\/de\/produkt\/la-robe-c-p-black-denim-archives\/#primaryimage\"},\"image\":{\"@id\":\"https:\/\/happyhaus.fr\/de\/produkt\/la-robe-c-p-black-denim-archives\/#primaryimage\"},\"thumbnailUrl\":\"https:\/\/happyhaus.fr\/wp-content\/uploads\/2023\/02\/7-1.png\",\"datePublished\":\"2021-08-30T14:38:39+00:00\",\"dateModified\":\"2024-12-09T15:09:22+00:00\",\"breadcrumb\":{\"@id\":\"https:\/\/happyhaus.fr\/de\/produkt\/la-robe-c-p-black-denim-archives\/#breadcrumb\"},\"inLanguage\":\"de\",\"potentialAction\":[{\"@type\":\"ReadAction\",\"target\":[\"https:\/\/happyhaus.fr\/de\/produkt\/la-robe-c-p-black-denim-archives\/\"]}]},{\"@type\":\"ImageObject\",\"inLanguage\":\"de\",\"@id\":\"https:\/\/happyhaus.fr\/de\/produkt\/la-robe-c-p-black-denim-archives\/#primaryimage\",\"url\":\"https:\/\/happyhaus.fr\/wp-content\/uploads\/2023\/02\/7-1.png\",\"contentUrl\":\"https:\/\/happyhaus.fr\/wp-content\/uploads\/2023\/02\/7-1.png\",\"width\":1707,\"height\":2560},{\"@type\":\"BreadcrumbList\",\"@id\":\"https:\/\/happyhaus.fr\/de\/produkt\/la-robe-c-p-black-denim-archives\/#breadcrumb\",\"itemListElement\":[{\"@type\":\"ListItem\",\"position\":1,\"name\":\"Accueil\",\"item\":\"https:\/\/happyhaus.fr\/de\/\"},{\"@type\":\"ListItem\",\"position\":2,\"name\":\"Priv\u00e9\u00a0: Shop\",\"item\":\"https:\/\/happyhaus.fr\/?page_id=4438\"},{\"@type\":\"ListItem\",\"position\":3,\"name\":\"LA ROBE CAT POWER &#8211; ARCHIVES\"}]},{\"@type\":\"WebSite\",\"@id\":\"https:\/\/happyhaus.fr\/#website\",\"url\":\"https:\/\/happyhaus.fr\/\",\"name\":\"\",\"description\":\"\",\"potentialAction\":[{\"@type\":\"SearchAction\",\"target\":{\"@type\":\"EntryPoint\",\"urlTemplate\":\"https:\/\/happyhaus.fr\/?s={search_term_string}\"},\"query-input\":\"required name=search_term_string\"}],\"inLanguage\":\"de\"}]}<\/script>\n<!-- \/ Yoast SEO plugin. -->","yoast_head_json":{"title":"LA ROBE CAT POWER - ARCHIVES -","robots":{"index":"index","follow":"follow","max-snippet":"max-snippet:-1","max-image-preview":"max-image-preview:large","max-video-preview":"max-video-preview:-1"},"canonical":"https:\/\/happyhaus.fr\/de\/produkt\/la-robe-c-p-black-denim-archives\/","og_locale":"de_DE","og_type":"article","og_title":"LA ROBE CAT POWER - ARCHIVES -","og_description":"Dieses Kleid ist aus einem Baumwollstoff gefertigt, der sich sehr weich anf\u00fchlt. Sein gerader Schnitt, der bis unter die Knie reicht, verleiht ihm einen eleganten Look. Es eignet sich perfekt f\u00fcr die \u00dcbergangszeit, kann aber auch im Winter getragen werden, z. B. mit einem Paar Strumpfhosen und einem kleinen Unterziehpullover.  Manon, unser Model, tr\u00e4gt Gr\u00f6\u00dfe 36. Sie ist 174,00 cm gro\u00df.  &nbsp;","og_url":"https:\/\/happyhaus.fr\/de\/produkt\/la-robe-c-p-black-denim-archives\/","article_modified_time":"2024-12-09T15:09:22+00:00","og_image":[{"width":683,"height":1024,"url":"https:\/\/happyhaus.fr\/wp-content\/uploads\/2023\/02\/7-1-683x1024.png","type":"image\/png"}],"twitter_card":"summary_large_image","twitter_misc":{"Gesch\u00e4tzte Lesezeit":"1\u00a0Minute"},"schema":{"@context":"https:\/\/schema.org","@graph":[{"@type":"WebPage","@id":"https:\/\/happyhaus.fr\/de\/produkt\/la-robe-c-p-black-denim-archives\/","url":"https:\/\/happyhaus.fr\/de\/produkt\/la-robe-c-p-black-denim-archives\/","name":"LA ROBE CAT POWER - ARCHIVES -","isPartOf":{"@id":"https:\/\/happyhaus.fr\/#website"},"primaryImageOfPage":{"@id":"https:\/\/happyhaus.fr\/de\/produkt\/la-robe-c-p-black-denim-archives\/#primaryimage"},"image":{"@id":"https:\/\/happyhaus.fr\/de\/produkt\/la-robe-c-p-black-denim-archives\/#primaryimage"},"thumbnailUrl":"https:\/\/happyhaus.fr\/wp-content\/uploads\/2023\/02\/7-1.png","datePublished":"2021-08-30T14:38:39+00:00","dateModified":"2024-12-09T15:09:22+00:00","breadcrumb":{"@id":"https:\/\/happyhaus.fr\/de\/produkt\/la-robe-c-p-black-denim-archives\/#breadcrumb"},"inLanguage":"de","potentialAction":[{"@type":"ReadAction","target":["https:\/\/happyhaus.fr\/de\/produkt\/la-robe-c-p-black-denim-archives\/"]}]},{"@type":"ImageObject","inLanguage":"de","@id":"https:\/\/happyhaus.fr\/de\/produkt\/la-robe-c-p-black-denim-archives\/#primaryimage","url":"https:\/\/happyhaus.fr\/wp-content\/uploads\/2023\/02\/7-1.png","contentUrl":"https:\/\/happyhaus.fr\/wp-content\/uploads\/2023\/02\/7-1.png","width":1707,"height":2560},{"@type":"BreadcrumbList","@id":"https:\/\/happyhaus.fr\/de\/produkt\/la-robe-c-p-black-denim-archives\/#breadcrumb","itemListElement":[{"@type":"ListItem","position":1,"name":"Accueil","item":"https:\/\/happyhaus.fr\/de\/"},{"@type":"ListItem","position":2,"name":"Priv\u00e9\u00a0: Shop","item":"https:\/\/happyhaus.fr\/?page_id=4438"},{"@type":"ListItem","position":3,"name":"LA ROBE CAT POWER &#8211; ARCHIVES"}]},{"@type":"WebSite","@id":"https:\/\/happyhaus.fr\/#website","url":"https:\/\/happyhaus.fr\/","name":"","description":"","potentialAction":[{"@type":"SearchAction","target":{"@type":"EntryPoint","urlTemplate":"https:\/\/happyhaus.fr\/?s={search_term_string}"},"query-input":"required name=search_term_string"}],"inLanguage":"de"}]}},"_links":{"self":[{"href":"https:\/\/happyhaus.fr\/de\/wp-json\/wp\/v2\/product\/46111"}],"collection":[{"href":"https:\/\/happyhaus.fr\/de\/wp-json\/wp\/v2\/product"}],"about":[{"href":"https:\/\/happyhaus.fr\/de\/wp-json\/wp\/v2\/types\/product"}],"replies":[{"embeddable":true,"href":"https:\/\/happyhaus.fr\/de\/wp-json\/wp\/v2\/comments?post=46111"}],"wp:featuredmedia":[{"embeddable":true,"href":"https:\/\/happyhaus.fr\/de\/wp-json\/wp\/v2\/media\/87661"}],"wp:attachment":[{"href":"https:\/\/happyhaus.fr\/de\/wp-json\/wp\/v2\/media?parent=46111"}],"wp:term":[{"taxonomy":"product_cat","embeddable":true,"href":"https:\/\/happyhaus.fr\/de\/wp-json\/wp\/v2\/product_cat?post=46111"},{"taxonomy":"product_tag","embeddable":true,"href":"https:\/\/happyhaus.fr\/de\/wp-json\/wp\/v2\/product_tag?post=46111"}],"curies":[{"name":"wp","href":"https:\/\/api.w.org\/{rel}","templated":true}]}}