{"id":46047,"date":"2021-07-02T15:35:07","date_gmt":"2021-08-30T12:40:27","guid":{"rendered":"https:\/\/happyhaus.fr\/?post_type=product&#038;p=46047"},"modified":"2023-01-05T12:20:24","modified_gmt":"2023-01-05T11:20:24","slug":"la-combinaison-kinder","status":"publish","type":"product","link":"https:\/\/happyhaus.fr\/de\/produkt\/la-combinaison-kinder\/","title":{"rendered":"LA COMBINAISON KINDER"},"content":{"rendered":"<ul>\n<li>Einfacher Rundhalsausschnitt mit Knopfleiste vorne<\/li>\n<li>Lange Brusttaschen<\/li>\n<li>Aufgesetzte Taschen an der Vorderseite der H\u00fcfte<\/li>\n<li>Kellerfalte am R\u00fccken f\u00fcr mehr Bewegungsfreiheit<\/li>\n<li>Dunkelheit am Sitz schafft eine sch\u00f6ne R\u00fcckenform<\/li>\n<li>Doppelte kleine Falte an der Manschette mit Knopfverschluss<\/li>\n<li>Druckkn\u00f6pfe, Perlmutt, um Kindern das Leben zu erleichtern<\/li>\n<li>100% Leinen gef\u00e4rbt<\/li>\n<\/ul>\n<p>Stoff aus Italien<br \/>\nHergestellt in Tunesien<\/p>\n","protected":false},"excerpt":{"rendered":"<p>Der Anzug ist aus umweltfreundlichem Leinen gefertigt. Sie hat einen ausgestellten Schnitt, der bis zur Mitte der Wade f\u00e4llt, und ist mit einem Kordelzug am Kragen und in der Taille verstellbar.<\/p>\n<p>Danah, tr\u00e4gt Gr\u00f6\u00dfe 8. Sie ist 8 Jahre alt<\/p>\n","protected":false},"featured_media":88368,"comment_status":"closed","ping_status":"closed","template":"","meta":{"_acf_changed":false},"product_cat":[232],"product_tag":[],"acf":[],"yoast_head":"<!-- This site is optimized with the Yoast SEO plugin v22.6 - https:\/\/yoast.com\/wordpress\/plugins\/seo\/ -->\n<title>LA COMBINAISON KINDER -<\/title>\n<meta name=\"robots\" content=\"index, follow, max-snippet:-1, max-image-preview:large, max-video-preview:-1\" \/>\n<link rel=\"canonical\" href=\"https:\/\/happyhaus.fr\/de\/produkt\/la-combinaison-kinder\/\" \/>\n<meta property=\"og:locale\" content=\"de_DE\" \/>\n<meta property=\"og:type\" content=\"article\" \/>\n<meta property=\"og:title\" content=\"LA COMBINAISON KINDER -\" \/>\n<meta property=\"og:description\" content=\"Der Anzug ist aus umweltfreundlichem Leinen gefertigt. Sie hat einen ausgestellten Schnitt, der bis zur Mitte der Wade f\u00e4llt, und ist mit einem Kordelzug am Kragen und in der Taille verstellbar.  Danah, tr\u00e4gt Gr\u00f6\u00dfe 8. Sie ist 8 Jahre alt\" \/>\n<meta property=\"og:url\" content=\"https:\/\/happyhaus.fr\/de\/produkt\/la-combinaison-kinder\/\" \/>\n<meta property=\"article:modified_time\" content=\"2023-01-05T11:20:24+00:00\" \/>\n<meta property=\"og:image\" content=\"https:\/\/happyhaus.fr\/wp-content\/uploads\/2021\/07\/Combi-enfant-3-scaled.jpg\" \/>\n\t<meta property=\"og:image:width\" content=\"3000\" \/>\n\t<meta property=\"og:image:height\" content=\"4500\" \/>\n\t<meta property=\"og:image:type\" content=\"image\/jpeg\" \/>\n<meta name=\"twitter:card\" content=\"summary_large_image\" \/>\n<meta name=\"twitter:label1\" content=\"Gesch\u00e4tzte Lesezeit\" \/>\n\t<meta name=\"twitter:data1\" content=\"1\u00a0Minute\" \/>\n<script type=\"application\/ld+json\" class=\"yoast-schema-graph\">{\"@context\":\"https:\/\/schema.org\",\"@graph\":[{\"@type\":\"WebPage\",\"@id\":\"https:\/\/happyhaus.fr\/de\/produkt\/la-combinaison-kinder\/\",\"url\":\"https:\/\/happyhaus.fr\/de\/produkt\/la-combinaison-kinder\/\",\"name\":\"LA COMBINAISON KINDER -\",\"isPartOf\":{\"@id\":\"https:\/\/happyhaus.fr\/#website\"},\"primaryImageOfPage\":{\"@id\":\"https:\/\/happyhaus.fr\/de\/produkt\/la-combinaison-kinder\/#primaryimage\"},\"image\":{\"@id\":\"https:\/\/happyhaus.fr\/de\/produkt\/la-combinaison-kinder\/#primaryimage\"},\"thumbnailUrl\":\"https:\/\/happyhaus.fr\/wp-content\/uploads\/2021\/07\/Combi-banana-kids-.png\",\"datePublished\":\"2021-08-30T12:40:27+00:00\",\"dateModified\":\"2023-01-05T11:20:24+00:00\",\"breadcrumb\":{\"@id\":\"https:\/\/happyhaus.fr\/de\/produkt\/la-combinaison-kinder\/#breadcrumb\"},\"inLanguage\":\"de\",\"potentialAction\":[{\"@type\":\"ReadAction\",\"target\":[\"https:\/\/happyhaus.fr\/de\/produkt\/la-combinaison-kinder\/\"]}]},{\"@type\":\"ImageObject\",\"inLanguage\":\"de\",\"@id\":\"https:\/\/happyhaus.fr\/de\/produkt\/la-combinaison-kinder\/#primaryimage\",\"url\":\"https:\/\/happyhaus.fr\/wp-content\/uploads\/2021\/07\/Combi-banana-kids-.png\",\"contentUrl\":\"https:\/\/happyhaus.fr\/wp-content\/uploads\/2021\/07\/Combi-banana-kids-.png\",\"width\":1707,\"height\":2560},{\"@type\":\"BreadcrumbList\",\"@id\":\"https:\/\/happyhaus.fr\/de\/produkt\/la-combinaison-kinder\/#breadcrumb\",\"itemListElement\":[{\"@type\":\"ListItem\",\"position\":1,\"name\":\"Accueil\",\"item\":\"https:\/\/happyhaus.fr\/de\/\"},{\"@type\":\"ListItem\",\"position\":2,\"name\":\"Priv\u00e9\u00a0: Shop\",\"item\":\"https:\/\/happyhaus.fr\/?page_id=4438\"},{\"@type\":\"ListItem\",\"position\":3,\"name\":\"LA COMBINAISON KINDER\"}]},{\"@type\":\"WebSite\",\"@id\":\"https:\/\/happyhaus.fr\/#website\",\"url\":\"https:\/\/happyhaus.fr\/\",\"name\":\"\",\"description\":\"\",\"potentialAction\":[{\"@type\":\"SearchAction\",\"target\":{\"@type\":\"EntryPoint\",\"urlTemplate\":\"https:\/\/happyhaus.fr\/?s={search_term_string}\"},\"query-input\":\"required name=search_term_string\"}],\"inLanguage\":\"de\"}]}<\/script>\n<!-- \/ Yoast SEO plugin. -->","yoast_head_json":{"title":"LA COMBINAISON KINDER -","robots":{"index":"index","follow":"follow","max-snippet":"max-snippet:-1","max-image-preview":"max-image-preview:large","max-video-preview":"max-video-preview:-1"},"canonical":"https:\/\/happyhaus.fr\/de\/produkt\/la-combinaison-kinder\/","og_locale":"de_DE","og_type":"article","og_title":"LA COMBINAISON KINDER -","og_description":"Der Anzug ist aus umweltfreundlichem Leinen gefertigt. Sie hat einen ausgestellten Schnitt, der bis zur Mitte der Wade f\u00e4llt, und ist mit einem Kordelzug am Kragen und in der Taille verstellbar.  Danah, tr\u00e4gt Gr\u00f6\u00dfe 8. Sie ist 8 Jahre alt","og_url":"https:\/\/happyhaus.fr\/de\/produkt\/la-combinaison-kinder\/","article_modified_time":"2023-01-05T11:20:24+00:00","og_image":[{"width":3000,"height":4500,"url":"https:\/\/happyhaus.fr\/wp-content\/uploads\/2021\/07\/Combi-enfant-3-scaled.jpg","type":"image\/jpeg"}],"twitter_card":"summary_large_image","twitter_misc":{"Gesch\u00e4tzte Lesezeit":"1\u00a0Minute"},"schema":{"@context":"https:\/\/schema.org","@graph":[{"@type":"WebPage","@id":"https:\/\/happyhaus.fr\/de\/produkt\/la-combinaison-kinder\/","url":"https:\/\/happyhaus.fr\/de\/produkt\/la-combinaison-kinder\/","name":"LA COMBINAISON KINDER -","isPartOf":{"@id":"https:\/\/happyhaus.fr\/#website"},"primaryImageOfPage":{"@id":"https:\/\/happyhaus.fr\/de\/produkt\/la-combinaison-kinder\/#primaryimage"},"image":{"@id":"https:\/\/happyhaus.fr\/de\/produkt\/la-combinaison-kinder\/#primaryimage"},"thumbnailUrl":"https:\/\/happyhaus.fr\/wp-content\/uploads\/2021\/07\/Combi-banana-kids-.png","datePublished":"2021-08-30T12:40:27+00:00","dateModified":"2023-01-05T11:20:24+00:00","breadcrumb":{"@id":"https:\/\/happyhaus.fr\/de\/produkt\/la-combinaison-kinder\/#breadcrumb"},"inLanguage":"de","potentialAction":[{"@type":"ReadAction","target":["https:\/\/happyhaus.fr\/de\/produkt\/la-combinaison-kinder\/"]}]},{"@type":"ImageObject","inLanguage":"de","@id":"https:\/\/happyhaus.fr\/de\/produkt\/la-combinaison-kinder\/#primaryimage","url":"https:\/\/happyhaus.fr\/wp-content\/uploads\/2021\/07\/Combi-banana-kids-.png","contentUrl":"https:\/\/happyhaus.fr\/wp-content\/uploads\/2021\/07\/Combi-banana-kids-.png","width":1707,"height":2560},{"@type":"BreadcrumbList","@id":"https:\/\/happyhaus.fr\/de\/produkt\/la-combinaison-kinder\/#breadcrumb","itemListElement":[{"@type":"ListItem","position":1,"name":"Accueil","item":"https:\/\/happyhaus.fr\/de\/"},{"@type":"ListItem","position":2,"name":"Priv\u00e9\u00a0: Shop","item":"https:\/\/happyhaus.fr\/?page_id=4438"},{"@type":"ListItem","position":3,"name":"LA COMBINAISON KINDER"}]},{"@type":"WebSite","@id":"https:\/\/happyhaus.fr\/#website","url":"https:\/\/happyhaus.fr\/","name":"","description":"","potentialAction":[{"@type":"SearchAction","target":{"@type":"EntryPoint","urlTemplate":"https:\/\/happyhaus.fr\/?s={search_term_string}"},"query-input":"required name=search_term_string"}],"inLanguage":"de"}]}},"_links":{"self":[{"href":"https:\/\/happyhaus.fr\/de\/wp-json\/wp\/v2\/product\/46047"}],"collection":[{"href":"https:\/\/happyhaus.fr\/de\/wp-json\/wp\/v2\/product"}],"about":[{"href":"https:\/\/happyhaus.fr\/de\/wp-json\/wp\/v2\/types\/product"}],"replies":[{"embeddable":true,"href":"https:\/\/happyhaus.fr\/de\/wp-json\/wp\/v2\/comments?post=46047"}],"wp:featuredmedia":[{"embeddable":true,"href":"https:\/\/happyhaus.fr\/de\/wp-json\/wp\/v2\/media\/88368"}],"wp:attachment":[{"href":"https:\/\/happyhaus.fr\/de\/wp-json\/wp\/v2\/media?parent=46047"}],"wp:term":[{"taxonomy":"product_cat","embeddable":true,"href":"https:\/\/happyhaus.fr\/de\/wp-json\/wp\/v2\/product_cat?post=46047"},{"taxonomy":"product_tag","embeddable":true,"href":"https:\/\/happyhaus.fr\/de\/wp-json\/wp\/v2\/product_tag?post=46047"}],"curies":[{"name":"wp","href":"https:\/\/api.w.org\/{rel}","templated":true}]}}