{"id":46041,"date":"2021-07-02T15:54:29","date_gmt":"2021-08-30T12:26:12","guid":{"rendered":"https:\/\/happyhaus.fr\/?post_type=product&#038;p=46041"},"modified":"2023-01-05T12:01:25","modified_gmt":"2023-01-05T11:01:25","slug":"la-robe-anouk-kinder","status":"publish","type":"product","link":"https:\/\/happyhaus.fr\/de\/produkt\/la-robe-anouk-kinder\/","title":{"rendered":"LA ROBE ANOUK KINDER"},"content":{"rendered":"<ul>\n<li class=\"p1\">Ausgestellter Schnitt<\/li>\n<li class=\"p1\">Mittlere Wadenl\u00e4nge<\/li>\n<li class=\"p1\">Verstellbarer Kragen mit Kordel<\/li>\n<li class=\"p1\">Seitentaschen mit Rundhalsausschnitt<\/li>\n<li class=\"p1\">Cinch-Taille mit verstellbarem Kordelzug<\/li>\n<li class=\"p1\">100% Baumwolle<\/li>\n<\/ul>\n<p>Herkunft des Stoffes: Tunesien<br \/>\nHergestellt in Tunesien<\/p>\n","protected":false},"excerpt":{"rendered":"<p>Dieses Kleid ist aus gef\u00e4rbtem Leinen gefertigt. Es hat einen ausgestellten Schnitt, der auf die Mitte der Wade f\u00e4llt, verstellbar mit Kordel am Kragen und in der Taille. Danah tr\u00e4gt die Gr\u00f6\u00dfe 8 Jahre, sie ist 8<\/p>\n<p>&nbsp;<\/p>\n","protected":false},"featured_media":45962,"comment_status":"closed","ping_status":"closed","template":"","meta":{"_acf_changed":false},"product_cat":[232],"product_tag":[],"acf":[],"yoast_head":"<!-- This site is optimized with the Yoast SEO plugin v22.6 - https:\/\/yoast.com\/wordpress\/plugins\/seo\/ -->\n<title>LA ROBE ANOUK KINDER -<\/title>\n<meta name=\"robots\" content=\"index, follow, max-snippet:-1, max-image-preview:large, max-video-preview:-1\" \/>\n<link rel=\"canonical\" href=\"https:\/\/happyhaus.fr\/de\/produkt\/la-robe-anouk-kinder\/\" \/>\n<meta property=\"og:locale\" content=\"de_DE\" \/>\n<meta property=\"og:type\" content=\"article\" \/>\n<meta property=\"og:title\" content=\"LA ROBE ANOUK KINDER -\" \/>\n<meta property=\"og:description\" content=\"Dieses Kleid ist aus gef\u00e4rbtem Leinen gefertigt. Es hat einen ausgestellten Schnitt, der auf die Mitte der Wade f\u00e4llt, verstellbar mit Kordel am Kragen und in der Taille. Danah tr\u00e4gt die Gr\u00f6\u00dfe 8 Jahre, sie ist 8  &nbsp;\" \/>\n<meta property=\"og:url\" content=\"https:\/\/happyhaus.fr\/de\/produkt\/la-robe-anouk-kinder\/\" \/>\n<meta property=\"article:modified_time\" content=\"2023-01-05T11:01:25+00:00\" \/>\n<meta property=\"og:image\" content=\"https:\/\/happyhaus.fr\/wp-content\/uploads\/2021\/07\/Happy-Haus-E-shop-Juin-202110864-scaled.jpg\" \/>\n\t<meta property=\"og:image:width\" content=\"3000\" \/>\n\t<meta property=\"og:image:height\" content=\"4500\" \/>\n\t<meta property=\"og:image:type\" content=\"image\/jpeg\" \/>\n<meta name=\"twitter:card\" content=\"summary_large_image\" \/>\n<meta name=\"twitter:label1\" content=\"Gesch\u00e4tzte Lesezeit\" \/>\n\t<meta name=\"twitter:data1\" content=\"1\u00a0Minute\" \/>\n<script type=\"application\/ld+json\" class=\"yoast-schema-graph\">{\"@context\":\"https:\/\/schema.org\",\"@graph\":[{\"@type\":\"WebPage\",\"@id\":\"https:\/\/happyhaus.fr\/de\/produkt\/la-robe-anouk-kinder\/\",\"url\":\"https:\/\/happyhaus.fr\/de\/produkt\/la-robe-anouk-kinder\/\",\"name\":\"LA ROBE ANOUK KINDER -\",\"isPartOf\":{\"@id\":\"https:\/\/happyhaus.fr\/#website\"},\"primaryImageOfPage\":{\"@id\":\"https:\/\/happyhaus.fr\/de\/produkt\/la-robe-anouk-kinder\/#primaryimage\"},\"image\":{\"@id\":\"https:\/\/happyhaus.fr\/de\/produkt\/la-robe-anouk-kinder\/#primaryimage\"},\"thumbnailUrl\":\"https:\/\/happyhaus.fr\/wp-content\/uploads\/2021\/07\/Happy-Haus-E-shop-Juin-202110864-scaled.jpg\",\"datePublished\":\"2021-08-30T12:26:12+00:00\",\"dateModified\":\"2023-01-05T11:01:25+00:00\",\"breadcrumb\":{\"@id\":\"https:\/\/happyhaus.fr\/de\/produkt\/la-robe-anouk-kinder\/#breadcrumb\"},\"inLanguage\":\"de\",\"potentialAction\":[{\"@type\":\"ReadAction\",\"target\":[\"https:\/\/happyhaus.fr\/de\/produkt\/la-robe-anouk-kinder\/\"]}]},{\"@type\":\"ImageObject\",\"inLanguage\":\"de\",\"@id\":\"https:\/\/happyhaus.fr\/de\/produkt\/la-robe-anouk-kinder\/#primaryimage\",\"url\":\"https:\/\/happyhaus.fr\/wp-content\/uploads\/2021\/07\/Happy-Haus-E-shop-Juin-202110864-scaled.jpg\",\"contentUrl\":\"https:\/\/happyhaus.fr\/wp-content\/uploads\/2021\/07\/Happy-Haus-E-shop-Juin-202110864-scaled.jpg\",\"width\":3000,\"height\":4500},{\"@type\":\"BreadcrumbList\",\"@id\":\"https:\/\/happyhaus.fr\/de\/produkt\/la-robe-anouk-kinder\/#breadcrumb\",\"itemListElement\":[{\"@type\":\"ListItem\",\"position\":1,\"name\":\"Accueil\",\"item\":\"https:\/\/happyhaus.fr\/de\/\"},{\"@type\":\"ListItem\",\"position\":2,\"name\":\"Priv\u00e9\u00a0: Shop\",\"item\":\"https:\/\/happyhaus.fr\/?page_id=4438\"},{\"@type\":\"ListItem\",\"position\":3,\"name\":\"LA ROBE ANOUK KINDER\"}]},{\"@type\":\"WebSite\",\"@id\":\"https:\/\/happyhaus.fr\/#website\",\"url\":\"https:\/\/happyhaus.fr\/\",\"name\":\"\",\"description\":\"\",\"potentialAction\":[{\"@type\":\"SearchAction\",\"target\":{\"@type\":\"EntryPoint\",\"urlTemplate\":\"https:\/\/happyhaus.fr\/?s={search_term_string}\"},\"query-input\":\"required name=search_term_string\"}],\"inLanguage\":\"de\"}]}<\/script>\n<!-- \/ Yoast SEO plugin. -->","yoast_head_json":{"title":"LA ROBE ANOUK KINDER -","robots":{"index":"index","follow":"follow","max-snippet":"max-snippet:-1","max-image-preview":"max-image-preview:large","max-video-preview":"max-video-preview:-1"},"canonical":"https:\/\/happyhaus.fr\/de\/produkt\/la-robe-anouk-kinder\/","og_locale":"de_DE","og_type":"article","og_title":"LA ROBE ANOUK KINDER -","og_description":"Dieses Kleid ist aus gef\u00e4rbtem Leinen gefertigt. Es hat einen ausgestellten Schnitt, der auf die Mitte der Wade f\u00e4llt, verstellbar mit Kordel am Kragen und in der Taille. Danah tr\u00e4gt die Gr\u00f6\u00dfe 8 Jahre, sie ist 8  &nbsp;","og_url":"https:\/\/happyhaus.fr\/de\/produkt\/la-robe-anouk-kinder\/","article_modified_time":"2023-01-05T11:01:25+00:00","og_image":[{"width":3000,"height":4500,"url":"https:\/\/happyhaus.fr\/wp-content\/uploads\/2021\/07\/Happy-Haus-E-shop-Juin-202110864-scaled.jpg","type":"image\/jpeg"}],"twitter_card":"summary_large_image","twitter_misc":{"Gesch\u00e4tzte Lesezeit":"1\u00a0Minute"},"schema":{"@context":"https:\/\/schema.org","@graph":[{"@type":"WebPage","@id":"https:\/\/happyhaus.fr\/de\/produkt\/la-robe-anouk-kinder\/","url":"https:\/\/happyhaus.fr\/de\/produkt\/la-robe-anouk-kinder\/","name":"LA ROBE ANOUK KINDER -","isPartOf":{"@id":"https:\/\/happyhaus.fr\/#website"},"primaryImageOfPage":{"@id":"https:\/\/happyhaus.fr\/de\/produkt\/la-robe-anouk-kinder\/#primaryimage"},"image":{"@id":"https:\/\/happyhaus.fr\/de\/produkt\/la-robe-anouk-kinder\/#primaryimage"},"thumbnailUrl":"https:\/\/happyhaus.fr\/wp-content\/uploads\/2021\/07\/Happy-Haus-E-shop-Juin-202110864-scaled.jpg","datePublished":"2021-08-30T12:26:12+00:00","dateModified":"2023-01-05T11:01:25+00:00","breadcrumb":{"@id":"https:\/\/happyhaus.fr\/de\/produkt\/la-robe-anouk-kinder\/#breadcrumb"},"inLanguage":"de","potentialAction":[{"@type":"ReadAction","target":["https:\/\/happyhaus.fr\/de\/produkt\/la-robe-anouk-kinder\/"]}]},{"@type":"ImageObject","inLanguage":"de","@id":"https:\/\/happyhaus.fr\/de\/produkt\/la-robe-anouk-kinder\/#primaryimage","url":"https:\/\/happyhaus.fr\/wp-content\/uploads\/2021\/07\/Happy-Haus-E-shop-Juin-202110864-scaled.jpg","contentUrl":"https:\/\/happyhaus.fr\/wp-content\/uploads\/2021\/07\/Happy-Haus-E-shop-Juin-202110864-scaled.jpg","width":3000,"height":4500},{"@type":"BreadcrumbList","@id":"https:\/\/happyhaus.fr\/de\/produkt\/la-robe-anouk-kinder\/#breadcrumb","itemListElement":[{"@type":"ListItem","position":1,"name":"Accueil","item":"https:\/\/happyhaus.fr\/de\/"},{"@type":"ListItem","position":2,"name":"Priv\u00e9\u00a0: Shop","item":"https:\/\/happyhaus.fr\/?page_id=4438"},{"@type":"ListItem","position":3,"name":"LA ROBE ANOUK KINDER"}]},{"@type":"WebSite","@id":"https:\/\/happyhaus.fr\/#website","url":"https:\/\/happyhaus.fr\/","name":"","description":"","potentialAction":[{"@type":"SearchAction","target":{"@type":"EntryPoint","urlTemplate":"https:\/\/happyhaus.fr\/?s={search_term_string}"},"query-input":"required name=search_term_string"}],"inLanguage":"de"}]}},"_links":{"self":[{"href":"https:\/\/happyhaus.fr\/de\/wp-json\/wp\/v2\/product\/46041"}],"collection":[{"href":"https:\/\/happyhaus.fr\/de\/wp-json\/wp\/v2\/product"}],"about":[{"href":"https:\/\/happyhaus.fr\/de\/wp-json\/wp\/v2\/types\/product"}],"replies":[{"embeddable":true,"href":"https:\/\/happyhaus.fr\/de\/wp-json\/wp\/v2\/comments?post=46041"}],"wp:featuredmedia":[{"embeddable":true,"href":"https:\/\/happyhaus.fr\/de\/wp-json\/wp\/v2\/media\/45962"}],"wp:attachment":[{"href":"https:\/\/happyhaus.fr\/de\/wp-json\/wp\/v2\/media?parent=46041"}],"wp:term":[{"taxonomy":"product_cat","embeddable":true,"href":"https:\/\/happyhaus.fr\/de\/wp-json\/wp\/v2\/product_cat?post=46041"},{"taxonomy":"product_tag","embeddable":true,"href":"https:\/\/happyhaus.fr\/de\/wp-json\/wp\/v2\/product_tag?post=46041"}],"curies":[{"name":"wp","href":"https:\/\/api.w.org\/{rel}","templated":true}]}}