{"id":44357,"date":"2021-07-02T16:24:02","date_gmt":"2021-08-25T09:25:37","guid":{"rendered":"https:\/\/happyhaus.fr\/?post_type=product&#038;p=44357"},"modified":"2023-01-05T11:50:36","modified_gmt":"2023-01-05T10:50:36","slug":"le-pantalon-oversize-kids","status":"publish","type":"product","link":"https:\/\/happyhaus.fr\/de\/produkt\/le-pantalon-oversize-kids\/","title":{"rendered":"LE PANTALON OVERSIZE KIDS"},"content":{"rendered":"<ul>\n<li>Volumin\u00f6ser ausgestellter Schnitt<\/li>\n<li>5 Taschen<\/li>\n<li>Hohe Taille mit Kordelzug<\/li>\n<li>Pfau von Happy Haus auf der Ges\u00e4\u00dftasche gestickt<\/li>\n<li>20 % recycelte Baumwolle &#8211; 80 % Baumwolle<\/li>\n<\/ul>\n<p>Herkunft des Stoffes: Italien<br \/>\nHergestellt in Tunesien<\/p>\n","protected":false},"excerpt":{"rendered":"<p>Diese Hose ist aus Baumwolle gefertigt, ein Teil aus recyceltem Material. Sie hat einen ausgestellten Schnitt, eine normale L\u00e4nge, einen Knopf aus Holz f\u00fcr den vorderen Verschluss und f\u00fcnf Taschen.<\/p>\n<p>Danah, unser Model, tr\u00e4gt Gr\u00f6\u00dfe 8 Jahre. Sie ist 7 Jahre alt<\/p>\n","protected":false},"featured_media":44360,"comment_status":"closed","ping_status":"closed","template":"","meta":{"_acf_changed":false},"product_cat":[232],"product_tag":[335],"acf":[],"yoast_head":"<!-- This site is optimized with the Yoast SEO plugin v22.6 - https:\/\/yoast.com\/wordpress\/plugins\/seo\/ -->\n<title>LE PANTALON OVERSIZE KIDS -<\/title>\n<meta name=\"robots\" content=\"index, follow, max-snippet:-1, max-image-preview:large, max-video-preview:-1\" \/>\n<link rel=\"canonical\" href=\"https:\/\/happyhaus.fr\/de\/produkt\/le-pantalon-oversize-kids\/\" \/>\n<meta property=\"og:locale\" content=\"de_DE\" \/>\n<meta property=\"og:type\" content=\"article\" \/>\n<meta property=\"og:title\" content=\"LE PANTALON OVERSIZE KIDS -\" \/>\n<meta property=\"og:description\" content=\"Diese Hose ist aus Baumwolle gefertigt, ein Teil aus recyceltem Material. Sie hat einen ausgestellten Schnitt, eine normale L\u00e4nge, einen Knopf aus Holz f\u00fcr den vorderen Verschluss und f\u00fcnf Taschen.  Danah, unser Model, tr\u00e4gt Gr\u00f6\u00dfe 8 Jahre. Sie ist 7 Jahre alt\" \/>\n<meta property=\"og:url\" content=\"https:\/\/happyhaus.fr\/de\/produkt\/le-pantalon-oversize-kids\/\" \/>\n<meta property=\"article:modified_time\" content=\"2023-01-05T10:50:36+00:00\" \/>\n<meta property=\"og:image\" content=\"https:\/\/happyhaus.fr\/wp-content\/uploads\/2021\/07\/tee-shirt-enfant-3-scaled.jpg\" \/>\n\t<meta property=\"og:image:width\" content=\"3001\" \/>\n\t<meta property=\"og:image:height\" content=\"4500\" \/>\n\t<meta property=\"og:image:type\" content=\"image\/jpeg\" \/>\n<meta name=\"twitter:card\" content=\"summary_large_image\" \/>\n<meta name=\"twitter:label1\" content=\"Gesch\u00e4tzte Lesezeit\" \/>\n\t<meta name=\"twitter:data1\" content=\"1\u00a0Minute\" \/>\n<script type=\"application\/ld+json\" class=\"yoast-schema-graph\">{\"@context\":\"https:\/\/schema.org\",\"@graph\":[{\"@type\":\"WebPage\",\"@id\":\"https:\/\/happyhaus.fr\/de\/produkt\/le-pantalon-oversize-kids\/\",\"url\":\"https:\/\/happyhaus.fr\/de\/produkt\/le-pantalon-oversize-kids\/\",\"name\":\"LE PANTALON OVERSIZE KIDS -\",\"isPartOf\":{\"@id\":\"https:\/\/happyhaus.fr\/#website\"},\"primaryImageOfPage\":{\"@id\":\"https:\/\/happyhaus.fr\/de\/produkt\/le-pantalon-oversize-kids\/#primaryimage\"},\"image\":{\"@id\":\"https:\/\/happyhaus.fr\/de\/produkt\/le-pantalon-oversize-kids\/#primaryimage\"},\"thumbnailUrl\":\"https:\/\/happyhaus.fr\/wp-content\/uploads\/2021\/07\/tee-shirt-enfant-3-scaled.jpg\",\"datePublished\":\"2021-08-25T09:25:37+00:00\",\"dateModified\":\"2023-01-05T10:50:36+00:00\",\"breadcrumb\":{\"@id\":\"https:\/\/happyhaus.fr\/de\/produkt\/le-pantalon-oversize-kids\/#breadcrumb\"},\"inLanguage\":\"de\",\"potentialAction\":[{\"@type\":\"ReadAction\",\"target\":[\"https:\/\/happyhaus.fr\/de\/produkt\/le-pantalon-oversize-kids\/\"]}]},{\"@type\":\"ImageObject\",\"inLanguage\":\"de\",\"@id\":\"https:\/\/happyhaus.fr\/de\/produkt\/le-pantalon-oversize-kids\/#primaryimage\",\"url\":\"https:\/\/happyhaus.fr\/wp-content\/uploads\/2021\/07\/tee-shirt-enfant-3-scaled.jpg\",\"contentUrl\":\"https:\/\/happyhaus.fr\/wp-content\/uploads\/2021\/07\/tee-shirt-enfant-3-scaled.jpg\",\"width\":3001,\"height\":4500},{\"@type\":\"BreadcrumbList\",\"@id\":\"https:\/\/happyhaus.fr\/de\/produkt\/le-pantalon-oversize-kids\/#breadcrumb\",\"itemListElement\":[{\"@type\":\"ListItem\",\"position\":1,\"name\":\"Accueil\",\"item\":\"https:\/\/happyhaus.fr\/de\/\"},{\"@type\":\"ListItem\",\"position\":2,\"name\":\"Priv\u00e9\u00a0: Shop\",\"item\":\"https:\/\/happyhaus.fr\/?page_id=4438\"},{\"@type\":\"ListItem\",\"position\":3,\"name\":\"LE PANTALON OVERSIZE KIDS\"}]},{\"@type\":\"WebSite\",\"@id\":\"https:\/\/happyhaus.fr\/#website\",\"url\":\"https:\/\/happyhaus.fr\/\",\"name\":\"\",\"description\":\"\",\"potentialAction\":[{\"@type\":\"SearchAction\",\"target\":{\"@type\":\"EntryPoint\",\"urlTemplate\":\"https:\/\/happyhaus.fr\/?s={search_term_string}\"},\"query-input\":\"required name=search_term_string\"}],\"inLanguage\":\"de\"}]}<\/script>\n<!-- \/ Yoast SEO plugin. -->","yoast_head_json":{"title":"LE PANTALON OVERSIZE KIDS -","robots":{"index":"index","follow":"follow","max-snippet":"max-snippet:-1","max-image-preview":"max-image-preview:large","max-video-preview":"max-video-preview:-1"},"canonical":"https:\/\/happyhaus.fr\/de\/produkt\/le-pantalon-oversize-kids\/","og_locale":"de_DE","og_type":"article","og_title":"LE PANTALON OVERSIZE KIDS -","og_description":"Diese Hose ist aus Baumwolle gefertigt, ein Teil aus recyceltem Material. Sie hat einen ausgestellten Schnitt, eine normale L\u00e4nge, einen Knopf aus Holz f\u00fcr den vorderen Verschluss und f\u00fcnf Taschen.  Danah, unser Model, tr\u00e4gt Gr\u00f6\u00dfe 8 Jahre. Sie ist 7 Jahre alt","og_url":"https:\/\/happyhaus.fr\/de\/produkt\/le-pantalon-oversize-kids\/","article_modified_time":"2023-01-05T10:50:36+00:00","og_image":[{"width":3001,"height":4500,"url":"https:\/\/happyhaus.fr\/wp-content\/uploads\/2021\/07\/tee-shirt-enfant-3-scaled.jpg","type":"image\/jpeg"}],"twitter_card":"summary_large_image","twitter_misc":{"Gesch\u00e4tzte Lesezeit":"1\u00a0Minute"},"schema":{"@context":"https:\/\/schema.org","@graph":[{"@type":"WebPage","@id":"https:\/\/happyhaus.fr\/de\/produkt\/le-pantalon-oversize-kids\/","url":"https:\/\/happyhaus.fr\/de\/produkt\/le-pantalon-oversize-kids\/","name":"LE PANTALON OVERSIZE KIDS -","isPartOf":{"@id":"https:\/\/happyhaus.fr\/#website"},"primaryImageOfPage":{"@id":"https:\/\/happyhaus.fr\/de\/produkt\/le-pantalon-oversize-kids\/#primaryimage"},"image":{"@id":"https:\/\/happyhaus.fr\/de\/produkt\/le-pantalon-oversize-kids\/#primaryimage"},"thumbnailUrl":"https:\/\/happyhaus.fr\/wp-content\/uploads\/2021\/07\/tee-shirt-enfant-3-scaled.jpg","datePublished":"2021-08-25T09:25:37+00:00","dateModified":"2023-01-05T10:50:36+00:00","breadcrumb":{"@id":"https:\/\/happyhaus.fr\/de\/produkt\/le-pantalon-oversize-kids\/#breadcrumb"},"inLanguage":"de","potentialAction":[{"@type":"ReadAction","target":["https:\/\/happyhaus.fr\/de\/produkt\/le-pantalon-oversize-kids\/"]}]},{"@type":"ImageObject","inLanguage":"de","@id":"https:\/\/happyhaus.fr\/de\/produkt\/le-pantalon-oversize-kids\/#primaryimage","url":"https:\/\/happyhaus.fr\/wp-content\/uploads\/2021\/07\/tee-shirt-enfant-3-scaled.jpg","contentUrl":"https:\/\/happyhaus.fr\/wp-content\/uploads\/2021\/07\/tee-shirt-enfant-3-scaled.jpg","width":3001,"height":4500},{"@type":"BreadcrumbList","@id":"https:\/\/happyhaus.fr\/de\/produkt\/le-pantalon-oversize-kids\/#breadcrumb","itemListElement":[{"@type":"ListItem","position":1,"name":"Accueil","item":"https:\/\/happyhaus.fr\/de\/"},{"@type":"ListItem","position":2,"name":"Priv\u00e9\u00a0: Shop","item":"https:\/\/happyhaus.fr\/?page_id=4438"},{"@type":"ListItem","position":3,"name":"LE PANTALON OVERSIZE KIDS"}]},{"@type":"WebSite","@id":"https:\/\/happyhaus.fr\/#website","url":"https:\/\/happyhaus.fr\/","name":"","description":"","potentialAction":[{"@type":"SearchAction","target":{"@type":"EntryPoint","urlTemplate":"https:\/\/happyhaus.fr\/?s={search_term_string}"},"query-input":"required name=search_term_string"}],"inLanguage":"de"}]}},"_links":{"self":[{"href":"https:\/\/happyhaus.fr\/de\/wp-json\/wp\/v2\/product\/44357"}],"collection":[{"href":"https:\/\/happyhaus.fr\/de\/wp-json\/wp\/v2\/product"}],"about":[{"href":"https:\/\/happyhaus.fr\/de\/wp-json\/wp\/v2\/types\/product"}],"replies":[{"embeddable":true,"href":"https:\/\/happyhaus.fr\/de\/wp-json\/wp\/v2\/comments?post=44357"}],"wp:featuredmedia":[{"embeddable":true,"href":"https:\/\/happyhaus.fr\/de\/wp-json\/wp\/v2\/media\/44360"}],"wp:attachment":[{"href":"https:\/\/happyhaus.fr\/de\/wp-json\/wp\/v2\/media?parent=44357"}],"wp:term":[{"taxonomy":"product_cat","embeddable":true,"href":"https:\/\/happyhaus.fr\/de\/wp-json\/wp\/v2\/product_cat?post=44357"},{"taxonomy":"product_tag","embeddable":true,"href":"https:\/\/happyhaus.fr\/de\/wp-json\/wp\/v2\/product_tag?post=44357"}],"curies":[{"name":"wp","href":"https:\/\/api.w.org\/{rel}","templated":true}]}}