{"id":44271,"date":"2025-06-22T16:05:32","date_gmt":"2021-08-25T07:39:18","guid":{"rendered":"https:\/\/happyhaus.fr\/?post_type=product&#038;p=44271"},"modified":"2026-04-07T14:22:17","modified_gmt":"2026-04-07T12:22:17","slug":"la-veste-kimono","status":"publish","type":"product","link":"https:\/\/happyhaus.fr\/de\/produkt\/la-veste-kimono\/","title":{"rendered":"LA VESTE KIMONO"},"content":{"rendered":"<ul>\n<li>Trapezf\u00f6rmiger Schnitt<\/li>\n<li>Spitz zulaufender Hemdkragen<\/li>\n<li>Eingesetzte Brusttaschen und Seitennahttaschen<\/li>\n<li>3\/4-\u00c4rmel mit ausgestelltem \u00c4rmel, inspiriert von Kimonos<\/li>\n<li>Schlitz mit Denimbezug und Knopfverschluss<\/li>\n<li>20% recycelte Baumwolle 80% Baumwolle &#8211; Stoff zertifiziert nach OEKO-TEX STANDARD 100<\/li>\n<\/ul>\n<p>Stoff aus Tunesien<br \/>\nHergestellt in Tunesien<\/p>\n","protected":false},"excerpt":{"rendered":"<p>Die KIMONO-Jacke ist einzigartig, schick und zeitlos. Sie hat einen Trapezschnitt und einen h\u00fcbschen Hemdkragen<br \/>\nspitz zulaufend. Die KIMONO-Jacke bietet sch\u00f6ne Details: die beiden Brusttaschen, das HAPPY HAUS Logo<br \/>\nist im unteren R\u00fccken gestickt, auf der R\u00fcckseite der Jacke in einem Marine-Garn, die Kn\u00f6pfe sind mit Denim bedeckt. Die KIMONO-Jacke l\u00e4sst sich sehr leicht mit vielen Looks kombinieren und passt perfekt zu den PEACOCK-Hosen im gleichen Denim.<br \/>\nEs ist aus einem 100% Baumwoll-Denim-Stoff hergestellt, von dem 20% recycelt sind. Seine W\u00e4sche mit dem Namen &#8220;5 YEARS&#8221; verleiht ihm viel Stil mit einem abgenutzten Effekt.<br \/>\nEr trug eine bequeme Taille.<\/p>\n","protected":false},"featured_media":96146,"comment_status":"closed","ping_status":"closed","template":"","meta":{"_acf_changed":false},"product_cat":[312,231,238,315],"product_tag":[335],"acf":[],"yoast_head":"<!-- This site is optimized with the Yoast SEO plugin v22.6 - https:\/\/yoast.com\/wordpress\/plugins\/seo\/ -->\n<title>LA VESTE KIMONO -<\/title>\n<meta name=\"robots\" content=\"index, follow, max-snippet:-1, max-image-preview:large, max-video-preview:-1\" \/>\n<link rel=\"canonical\" href=\"https:\/\/happyhaus.fr\/de\/produkt\/la-veste-kimono\/\" \/>\n<meta property=\"og:locale\" content=\"de_DE\" \/>\n<meta property=\"og:type\" content=\"article\" \/>\n<meta property=\"og:title\" content=\"LA VESTE KIMONO -\" \/>\n<meta property=\"og:description\" content=\"Die KIMONO-Jacke ist einzigartig, schick und zeitlos. Sie hat einen Trapezschnitt und einen h\u00fcbschen Hemdkragen spitz zulaufend. Die KIMONO-Jacke bietet sch\u00f6ne Details: die beiden Brusttaschen, das HAPPY HAUS Logo ist im unteren R\u00fccken gestickt, auf der R\u00fcckseite der Jacke in einem Marine-Garn, die Kn\u00f6pfe sind mit Denim bedeckt. Die KIMONO-Jacke l\u00e4sst sich sehr leicht mit vielen Looks kombinieren und passt perfekt zu den PEACOCK-Hosen im gleichen Denim. Es ist aus einem 100% Baumwoll-Denim-Stoff hergestellt, von dem 20% recycelt sind. Seine W\u00e4sche mit dem Namen &quot;5 YEARS&quot; verleiht ihm viel Stil mit einem abgenutzten Effekt. Er trug eine bequeme Taille.\" \/>\n<meta property=\"og:url\" content=\"https:\/\/happyhaus.fr\/de\/produkt\/la-veste-kimono\/\" \/>\n<meta property=\"article:modified_time\" content=\"2026-04-07T12:22:17+00:00\" \/>\n<meta property=\"og:image\" content=\"https:\/\/happyhaus.fr\/wp-content\/uploads\/2021\/07\/Z5-683x1024.png\" \/>\n\t<meta property=\"og:image:width\" content=\"683\" \/>\n\t<meta property=\"og:image:height\" content=\"1024\" \/>\n\t<meta property=\"og:image:type\" content=\"image\/png\" \/>\n<meta name=\"twitter:card\" content=\"summary_large_image\" \/>\n<meta name=\"twitter:label1\" content=\"Gesch\u00e4tzte Lesezeit\" \/>\n\t<meta name=\"twitter:data1\" content=\"1\u00a0Minute\" \/>\n<script type=\"application\/ld+json\" class=\"yoast-schema-graph\">{\"@context\":\"https:\/\/schema.org\",\"@graph\":[{\"@type\":\"WebPage\",\"@id\":\"https:\/\/happyhaus.fr\/de\/produkt\/la-veste-kimono\/\",\"url\":\"https:\/\/happyhaus.fr\/de\/produkt\/la-veste-kimono\/\",\"name\":\"LA VESTE KIMONO -\",\"isPartOf\":{\"@id\":\"https:\/\/happyhaus.fr\/#website\"},\"primaryImageOfPage\":{\"@id\":\"https:\/\/happyhaus.fr\/de\/produkt\/la-veste-kimono\/#primaryimage\"},\"image\":{\"@id\":\"https:\/\/happyhaus.fr\/de\/produkt\/la-veste-kimono\/#primaryimage\"},\"thumbnailUrl\":\"https:\/\/happyhaus.fr\/wp-content\/uploads\/2021\/07\/Z5.png\",\"datePublished\":\"2021-08-25T07:39:18+00:00\",\"dateModified\":\"2026-04-07T12:22:17+00:00\",\"breadcrumb\":{\"@id\":\"https:\/\/happyhaus.fr\/de\/produkt\/la-veste-kimono\/#breadcrumb\"},\"inLanguage\":\"de\",\"potentialAction\":[{\"@type\":\"ReadAction\",\"target\":[\"https:\/\/happyhaus.fr\/de\/produkt\/la-veste-kimono\/\"]}]},{\"@type\":\"ImageObject\",\"inLanguage\":\"de\",\"@id\":\"https:\/\/happyhaus.fr\/de\/produkt\/la-veste-kimono\/#primaryimage\",\"url\":\"https:\/\/happyhaus.fr\/wp-content\/uploads\/2021\/07\/Z5.png\",\"contentUrl\":\"https:\/\/happyhaus.fr\/wp-content\/uploads\/2021\/07\/Z5.png\",\"width\":1707,\"height\":2560},{\"@type\":\"BreadcrumbList\",\"@id\":\"https:\/\/happyhaus.fr\/de\/produkt\/la-veste-kimono\/#breadcrumb\",\"itemListElement\":[{\"@type\":\"ListItem\",\"position\":1,\"name\":\"Accueil\",\"item\":\"https:\/\/happyhaus.fr\/de\/\"},{\"@type\":\"ListItem\",\"position\":2,\"name\":\"Priv\u00e9\u00a0: Shop\",\"item\":\"https:\/\/happyhaus.fr\/?page_id=4438\"},{\"@type\":\"ListItem\",\"position\":3,\"name\":\"LA VESTE KIMONO\"}]},{\"@type\":\"WebSite\",\"@id\":\"https:\/\/happyhaus.fr\/#website\",\"url\":\"https:\/\/happyhaus.fr\/\",\"name\":\"\",\"description\":\"\",\"potentialAction\":[{\"@type\":\"SearchAction\",\"target\":{\"@type\":\"EntryPoint\",\"urlTemplate\":\"https:\/\/happyhaus.fr\/?s={search_term_string}\"},\"query-input\":\"required name=search_term_string\"}],\"inLanguage\":\"de\"}]}<\/script>\n<!-- \/ Yoast SEO plugin. -->","yoast_head_json":{"title":"LA VESTE KIMONO -","robots":{"index":"index","follow":"follow","max-snippet":"max-snippet:-1","max-image-preview":"max-image-preview:large","max-video-preview":"max-video-preview:-1"},"canonical":"https:\/\/happyhaus.fr\/de\/produkt\/la-veste-kimono\/","og_locale":"de_DE","og_type":"article","og_title":"LA VESTE KIMONO -","og_description":"Die KIMONO-Jacke ist einzigartig, schick und zeitlos. Sie hat einen Trapezschnitt und einen h\u00fcbschen Hemdkragen spitz zulaufend. Die KIMONO-Jacke bietet sch\u00f6ne Details: die beiden Brusttaschen, das HAPPY HAUS Logo ist im unteren R\u00fccken gestickt, auf der R\u00fcckseite der Jacke in einem Marine-Garn, die Kn\u00f6pfe sind mit Denim bedeckt. Die KIMONO-Jacke l\u00e4sst sich sehr leicht mit vielen Looks kombinieren und passt perfekt zu den PEACOCK-Hosen im gleichen Denim. Es ist aus einem 100% Baumwoll-Denim-Stoff hergestellt, von dem 20% recycelt sind. Seine W\u00e4sche mit dem Namen \"5 YEARS\" verleiht ihm viel Stil mit einem abgenutzten Effekt. Er trug eine bequeme Taille.","og_url":"https:\/\/happyhaus.fr\/de\/produkt\/la-veste-kimono\/","article_modified_time":"2026-04-07T12:22:17+00:00","og_image":[{"width":683,"height":1024,"url":"https:\/\/happyhaus.fr\/wp-content\/uploads\/2021\/07\/Z5-683x1024.png","type":"image\/png"}],"twitter_card":"summary_large_image","twitter_misc":{"Gesch\u00e4tzte Lesezeit":"1\u00a0Minute"},"schema":{"@context":"https:\/\/schema.org","@graph":[{"@type":"WebPage","@id":"https:\/\/happyhaus.fr\/de\/produkt\/la-veste-kimono\/","url":"https:\/\/happyhaus.fr\/de\/produkt\/la-veste-kimono\/","name":"LA VESTE KIMONO -","isPartOf":{"@id":"https:\/\/happyhaus.fr\/#website"},"primaryImageOfPage":{"@id":"https:\/\/happyhaus.fr\/de\/produkt\/la-veste-kimono\/#primaryimage"},"image":{"@id":"https:\/\/happyhaus.fr\/de\/produkt\/la-veste-kimono\/#primaryimage"},"thumbnailUrl":"https:\/\/happyhaus.fr\/wp-content\/uploads\/2021\/07\/Z5.png","datePublished":"2021-08-25T07:39:18+00:00","dateModified":"2026-04-07T12:22:17+00:00","breadcrumb":{"@id":"https:\/\/happyhaus.fr\/de\/produkt\/la-veste-kimono\/#breadcrumb"},"inLanguage":"de","potentialAction":[{"@type":"ReadAction","target":["https:\/\/happyhaus.fr\/de\/produkt\/la-veste-kimono\/"]}]},{"@type":"ImageObject","inLanguage":"de","@id":"https:\/\/happyhaus.fr\/de\/produkt\/la-veste-kimono\/#primaryimage","url":"https:\/\/happyhaus.fr\/wp-content\/uploads\/2021\/07\/Z5.png","contentUrl":"https:\/\/happyhaus.fr\/wp-content\/uploads\/2021\/07\/Z5.png","width":1707,"height":2560},{"@type":"BreadcrumbList","@id":"https:\/\/happyhaus.fr\/de\/produkt\/la-veste-kimono\/#breadcrumb","itemListElement":[{"@type":"ListItem","position":1,"name":"Accueil","item":"https:\/\/happyhaus.fr\/de\/"},{"@type":"ListItem","position":2,"name":"Priv\u00e9\u00a0: Shop","item":"https:\/\/happyhaus.fr\/?page_id=4438"},{"@type":"ListItem","position":3,"name":"LA VESTE KIMONO"}]},{"@type":"WebSite","@id":"https:\/\/happyhaus.fr\/#website","url":"https:\/\/happyhaus.fr\/","name":"","description":"","potentialAction":[{"@type":"SearchAction","target":{"@type":"EntryPoint","urlTemplate":"https:\/\/happyhaus.fr\/?s={search_term_string}"},"query-input":"required name=search_term_string"}],"inLanguage":"de"}]}},"_links":{"self":[{"href":"https:\/\/happyhaus.fr\/de\/wp-json\/wp\/v2\/product\/44271"}],"collection":[{"href":"https:\/\/happyhaus.fr\/de\/wp-json\/wp\/v2\/product"}],"about":[{"href":"https:\/\/happyhaus.fr\/de\/wp-json\/wp\/v2\/types\/product"}],"replies":[{"embeddable":true,"href":"https:\/\/happyhaus.fr\/de\/wp-json\/wp\/v2\/comments?post=44271"}],"wp:featuredmedia":[{"embeddable":true,"href":"https:\/\/happyhaus.fr\/de\/wp-json\/wp\/v2\/media\/96146"}],"wp:attachment":[{"href":"https:\/\/happyhaus.fr\/de\/wp-json\/wp\/v2\/media?parent=44271"}],"wp:term":[{"taxonomy":"product_cat","embeddable":true,"href":"https:\/\/happyhaus.fr\/de\/wp-json\/wp\/v2\/product_cat?post=44271"},{"taxonomy":"product_tag","embeddable":true,"href":"https:\/\/happyhaus.fr\/de\/wp-json\/wp\/v2\/product_tag?post=44271"}],"curies":[{"name":"wp","href":"https:\/\/api.w.org\/{rel}","templated":true}]}}