{"id":43624,"date":"2025-08-13T16:00:20","date_gmt":"2021-07-30T15:06:44","guid":{"rendered":"https:\/\/happyhaus.fr\/?post_type=product&#038;p=43624"},"modified":"2026-02-11T17:09:14","modified_gmt":"2026-02-11T16:09:14","slug":"le-pantalon-oversize","status":"publish","type":"product","link":"https:\/\/happyhaus.fr\/de\/produkt\/le-pantalon-oversize\/","title":{"rendered":"Le pantalon OVERSIZE"},"content":{"rendered":"<ul>\n<li>Volumin\u00f6ser, ausgestellter Schnitt<\/li>\n<li>5 Taschen<\/li>\n<li>Mit einer Kordel<\/li>\n<li>Auf der Ges\u00e4\u00dftasche ist der Pfau von Happy Haus aufgestickt<\/li>\n<li>Fransen an den Kanten<\/li>\n<li>100 % Baumwolle<\/li>\n<\/ul>\n<p>Herkunft des Stoffes: Italien<br \/>\nHergestellt in Tunesien<\/p>\n","protected":false},"excerpt":{"rendered":"<p>Die OVERSIZE-Hose ist unser Spitzenmodell. Sie ist aus Baumwolle gefertigt, hat einen ausgestellten Schnitt, eine gleichm\u00e4\u00dfige L\u00e4nge, einen Holzknopf zum Schlie\u00dfen der Vorderseite und f\u00fcnf Taschen. Tragen Sie es, wie Sie wollen: hochgeschnitten oder eine Nummer gr\u00f6\u00dfer als Ihre normale Gr\u00f6\u00dfe!<\/p>\n<p>Sabine is wearing the size 36 she is 1,66 cm an usually she is wearing the size 34.<\/p>\n","protected":false},"featured_media":87860,"comment_status":"closed","ping_status":"closed","template":"","meta":{"_acf_changed":false},"product_cat":[312,231,236,315],"product_tag":[335],"acf":[],"yoast_head":"<!-- This site is optimized with the Yoast SEO plugin v22.6 - https:\/\/yoast.com\/wordpress\/plugins\/seo\/ -->\n<title>Le pantalon OVERSIZE -<\/title>\n<meta name=\"robots\" content=\"index, follow, max-snippet:-1, max-image-preview:large, max-video-preview:-1\" \/>\n<link rel=\"canonical\" href=\"https:\/\/happyhaus.fr\/de\/produkt\/le-pantalon-oversize\/\" \/>\n<meta property=\"og:locale\" content=\"de_DE\" \/>\n<meta property=\"og:type\" content=\"article\" \/>\n<meta property=\"og:title\" content=\"Le pantalon OVERSIZE -\" \/>\n<meta property=\"og:description\" content=\"Die OVERSIZE-Hose ist unser Spitzenmodell. Sie ist aus Baumwolle gefertigt, hat einen ausgestellten Schnitt, eine gleichm\u00e4\u00dfige L\u00e4nge, einen Holzknopf zum Schlie\u00dfen der Vorderseite und f\u00fcnf Taschen. Tragen Sie es, wie Sie wollen: hochgeschnitten oder eine Nummer gr\u00f6\u00dfer als Ihre normale Gr\u00f6\u00dfe!  Sabine is wearing the size 36 she is 1,66 cm an usually she is wearing the size 34.\" \/>\n<meta property=\"og:url\" content=\"https:\/\/happyhaus.fr\/de\/produkt\/le-pantalon-oversize\/\" \/>\n<meta property=\"article:modified_time\" content=\"2026-02-11T16:09:14+00:00\" \/>\n<meta property=\"og:image\" content=\"https:\/\/happyhaus.fr\/wp-content\/uploads\/2023\/03\/Veste-Worker-KIDS-face-1-1-683x1024.png\" \/>\n\t<meta property=\"og:image:width\" content=\"683\" \/>\n\t<meta property=\"og:image:height\" content=\"1024\" \/>\n\t<meta property=\"og:image:type\" content=\"image\/png\" \/>\n<meta name=\"twitter:card\" content=\"summary_large_image\" \/>\n<meta name=\"twitter:label1\" content=\"Gesch\u00e4tzte Lesezeit\" \/>\n\t<meta name=\"twitter:data1\" content=\"1\u00a0Minute\" \/>\n<script type=\"application\/ld+json\" class=\"yoast-schema-graph\">{\"@context\":\"https:\/\/schema.org\",\"@graph\":[{\"@type\":\"WebPage\",\"@id\":\"https:\/\/happyhaus.fr\/de\/produkt\/le-pantalon-oversize\/\",\"url\":\"https:\/\/happyhaus.fr\/de\/produkt\/le-pantalon-oversize\/\",\"name\":\"Le pantalon OVERSIZE -\",\"isPartOf\":{\"@id\":\"https:\/\/happyhaus.fr\/#website\"},\"primaryImageOfPage\":{\"@id\":\"https:\/\/happyhaus.fr\/de\/produkt\/le-pantalon-oversize\/#primaryimage\"},\"image\":{\"@id\":\"https:\/\/happyhaus.fr\/de\/produkt\/le-pantalon-oversize\/#primaryimage\"},\"thumbnailUrl\":\"https:\/\/happyhaus.fr\/wp-content\/uploads\/2023\/03\/Veste-Worker-KIDS-face-1-1.png\",\"datePublished\":\"2021-07-30T15:06:44+00:00\",\"dateModified\":\"2026-02-11T16:09:14+00:00\",\"breadcrumb\":{\"@id\":\"https:\/\/happyhaus.fr\/de\/produkt\/le-pantalon-oversize\/#breadcrumb\"},\"inLanguage\":\"de\",\"potentialAction\":[{\"@type\":\"ReadAction\",\"target\":[\"https:\/\/happyhaus.fr\/de\/produkt\/le-pantalon-oversize\/\"]}]},{\"@type\":\"ImageObject\",\"inLanguage\":\"de\",\"@id\":\"https:\/\/happyhaus.fr\/de\/produkt\/le-pantalon-oversize\/#primaryimage\",\"url\":\"https:\/\/happyhaus.fr\/wp-content\/uploads\/2023\/03\/Veste-Worker-KIDS-face-1-1.png\",\"contentUrl\":\"https:\/\/happyhaus.fr\/wp-content\/uploads\/2023\/03\/Veste-Worker-KIDS-face-1-1.png\",\"width\":1707,\"height\":2560},{\"@type\":\"BreadcrumbList\",\"@id\":\"https:\/\/happyhaus.fr\/de\/produkt\/le-pantalon-oversize\/#breadcrumb\",\"itemListElement\":[{\"@type\":\"ListItem\",\"position\":1,\"name\":\"Accueil\",\"item\":\"https:\/\/happyhaus.fr\/de\/\"},{\"@type\":\"ListItem\",\"position\":2,\"name\":\"Priv\u00e9\u00a0: Shop\",\"item\":\"https:\/\/happyhaus.fr\/?page_id=4438\"},{\"@type\":\"ListItem\",\"position\":3,\"name\":\"Le pantalon OVERSIZE\"}]},{\"@type\":\"WebSite\",\"@id\":\"https:\/\/happyhaus.fr\/#website\",\"url\":\"https:\/\/happyhaus.fr\/\",\"name\":\"\",\"description\":\"\",\"potentialAction\":[{\"@type\":\"SearchAction\",\"target\":{\"@type\":\"EntryPoint\",\"urlTemplate\":\"https:\/\/happyhaus.fr\/?s={search_term_string}\"},\"query-input\":\"required name=search_term_string\"}],\"inLanguage\":\"de\"}]}<\/script>\n<!-- \/ Yoast SEO plugin. -->","yoast_head_json":{"title":"Le pantalon OVERSIZE -","robots":{"index":"index","follow":"follow","max-snippet":"max-snippet:-1","max-image-preview":"max-image-preview:large","max-video-preview":"max-video-preview:-1"},"canonical":"https:\/\/happyhaus.fr\/de\/produkt\/le-pantalon-oversize\/","og_locale":"de_DE","og_type":"article","og_title":"Le pantalon OVERSIZE -","og_description":"Die OVERSIZE-Hose ist unser Spitzenmodell. Sie ist aus Baumwolle gefertigt, hat einen ausgestellten Schnitt, eine gleichm\u00e4\u00dfige L\u00e4nge, einen Holzknopf zum Schlie\u00dfen der Vorderseite und f\u00fcnf Taschen. Tragen Sie es, wie Sie wollen: hochgeschnitten oder eine Nummer gr\u00f6\u00dfer als Ihre normale Gr\u00f6\u00dfe!  Sabine is wearing the size 36 she is 1,66 cm an usually she is wearing the size 34.","og_url":"https:\/\/happyhaus.fr\/de\/produkt\/le-pantalon-oversize\/","article_modified_time":"2026-02-11T16:09:14+00:00","og_image":[{"width":683,"height":1024,"url":"https:\/\/happyhaus.fr\/wp-content\/uploads\/2023\/03\/Veste-Worker-KIDS-face-1-1-683x1024.png","type":"image\/png"}],"twitter_card":"summary_large_image","twitter_misc":{"Gesch\u00e4tzte Lesezeit":"1\u00a0Minute"},"schema":{"@context":"https:\/\/schema.org","@graph":[{"@type":"WebPage","@id":"https:\/\/happyhaus.fr\/de\/produkt\/le-pantalon-oversize\/","url":"https:\/\/happyhaus.fr\/de\/produkt\/le-pantalon-oversize\/","name":"Le pantalon OVERSIZE -","isPartOf":{"@id":"https:\/\/happyhaus.fr\/#website"},"primaryImageOfPage":{"@id":"https:\/\/happyhaus.fr\/de\/produkt\/le-pantalon-oversize\/#primaryimage"},"image":{"@id":"https:\/\/happyhaus.fr\/de\/produkt\/le-pantalon-oversize\/#primaryimage"},"thumbnailUrl":"https:\/\/happyhaus.fr\/wp-content\/uploads\/2023\/03\/Veste-Worker-KIDS-face-1-1.png","datePublished":"2021-07-30T15:06:44+00:00","dateModified":"2026-02-11T16:09:14+00:00","breadcrumb":{"@id":"https:\/\/happyhaus.fr\/de\/produkt\/le-pantalon-oversize\/#breadcrumb"},"inLanguage":"de","potentialAction":[{"@type":"ReadAction","target":["https:\/\/happyhaus.fr\/de\/produkt\/le-pantalon-oversize\/"]}]},{"@type":"ImageObject","inLanguage":"de","@id":"https:\/\/happyhaus.fr\/de\/produkt\/le-pantalon-oversize\/#primaryimage","url":"https:\/\/happyhaus.fr\/wp-content\/uploads\/2023\/03\/Veste-Worker-KIDS-face-1-1.png","contentUrl":"https:\/\/happyhaus.fr\/wp-content\/uploads\/2023\/03\/Veste-Worker-KIDS-face-1-1.png","width":1707,"height":2560},{"@type":"BreadcrumbList","@id":"https:\/\/happyhaus.fr\/de\/produkt\/le-pantalon-oversize\/#breadcrumb","itemListElement":[{"@type":"ListItem","position":1,"name":"Accueil","item":"https:\/\/happyhaus.fr\/de\/"},{"@type":"ListItem","position":2,"name":"Priv\u00e9\u00a0: Shop","item":"https:\/\/happyhaus.fr\/?page_id=4438"},{"@type":"ListItem","position":3,"name":"Le pantalon OVERSIZE"}]},{"@type":"WebSite","@id":"https:\/\/happyhaus.fr\/#website","url":"https:\/\/happyhaus.fr\/","name":"","description":"","potentialAction":[{"@type":"SearchAction","target":{"@type":"EntryPoint","urlTemplate":"https:\/\/happyhaus.fr\/?s={search_term_string}"},"query-input":"required name=search_term_string"}],"inLanguage":"de"}]}},"_links":{"self":[{"href":"https:\/\/happyhaus.fr\/de\/wp-json\/wp\/v2\/product\/43624"}],"collection":[{"href":"https:\/\/happyhaus.fr\/de\/wp-json\/wp\/v2\/product"}],"about":[{"href":"https:\/\/happyhaus.fr\/de\/wp-json\/wp\/v2\/types\/product"}],"replies":[{"embeddable":true,"href":"https:\/\/happyhaus.fr\/de\/wp-json\/wp\/v2\/comments?post=43624"}],"wp:featuredmedia":[{"embeddable":true,"href":"https:\/\/happyhaus.fr\/de\/wp-json\/wp\/v2\/media\/87860"}],"wp:attachment":[{"href":"https:\/\/happyhaus.fr\/de\/wp-json\/wp\/v2\/media?parent=43624"}],"wp:term":[{"taxonomy":"product_cat","embeddable":true,"href":"https:\/\/happyhaus.fr\/de\/wp-json\/wp\/v2\/product_cat?post=43624"},{"taxonomy":"product_tag","embeddable":true,"href":"https:\/\/happyhaus.fr\/de\/wp-json\/wp\/v2\/product_tag?post=43624"}],"curies":[{"name":"wp","href":"https:\/\/api.w.org\/{rel}","templated":true}]}}