{"id":43576,"date":"2024-10-10T19:01:00","date_gmt":"2021-07-30T14:47:35","guid":{"rendered":"https:\/\/happyhaus.fr\/?post_type=product&#038;p=43576"},"modified":"2025-07-25T14:18:22","modified_gmt":"2025-07-25T12:18:22","slug":"la-jupe-cecilie","status":"publish","type":"product","link":"https:\/\/happyhaus.fr\/de\/produkt\/la-jupe-cecilie\/","title":{"rendered":"LA JUPE CECILIE"},"content":{"rendered":"<div class=\"page\" title=\"Page 70\">\n<div class=\"layoutArea\">\n<div class=\"column\">\n<ul>\n<li>Ausgestellter Schnitt<\/li>\n<li>5 Taschen<\/li>\n<li>Doppelt geschichtetes R\u00fcckenteil<\/li>\n<li>Tasche in Blumenform<\/li>\n<li>Happy Haus Stickerei auf der R\u00fcckseite der Taille<\/li>\n<li>80 % Baumwolle, 20 % recycelte Baumwolle<\/li>\n<\/ul>\n<p>Herkunft des Stoffes: Italien<br \/>\nHergestellt in Tunesien<\/p>\n<\/div>\n<\/div>\n<\/div>\n","protected":false},"excerpt":{"rendered":"<p class=\"p1\">Dieser Rock ist aus Baumwolle gefertigt. Er hat einen leicht ausgestellten Schnitt, f\u00e4llt bis zur Mitte der Wade und hat f\u00fcnf Taschen, darunter die beiden Ges\u00e4\u00dftaschen, die in Form von Blumen gestaltet sind. Seine L\u00e4nge bis zur Mitte der Wade erinnert an die Bleistiftform, was ihm einen sehr schicken Look verleiht.<\/p>\n<p>Sandy, la fondatrice de HAPPY HAUS, porte une taille 36, et mesure 170cm.<\/p>\n","protected":false},"featured_media":93912,"comment_status":"closed","ping_status":"closed","template":"","meta":{"_acf_changed":false},"product_cat":[312,231,315,328],"product_tag":[335],"acf":[],"yoast_head":"<!-- This site is optimized with the Yoast SEO plugin v22.6 - https:\/\/yoast.com\/wordpress\/plugins\/seo\/ -->\n<title>LA JUPE CECILIE -<\/title>\n<meta name=\"robots\" content=\"index, follow, max-snippet:-1, max-image-preview:large, max-video-preview:-1\" \/>\n<link rel=\"canonical\" href=\"https:\/\/happyhaus.fr\/de\/produkt\/la-jupe-cecilie\/\" \/>\n<meta property=\"og:locale\" content=\"de_DE\" \/>\n<meta property=\"og:type\" content=\"article\" \/>\n<meta property=\"og:title\" content=\"LA JUPE CECILIE -\" \/>\n<meta property=\"og:description\" content=\"Dieser Rock ist aus Baumwolle gefertigt. Er hat einen leicht ausgestellten Schnitt, f\u00e4llt bis zur Mitte der Wade und hat f\u00fcnf Taschen, darunter die beiden Ges\u00e4\u00dftaschen, die in Form von Blumen gestaltet sind. Seine L\u00e4nge bis zur Mitte der Wade erinnert an die Bleistiftform, was ihm einen sehr schicken Look verleiht. Sandy, la fondatrice de HAPPY HAUS, porte une taille 36, et mesure 170cm.\" \/>\n<meta property=\"og:url\" content=\"https:\/\/happyhaus.fr\/de\/produkt\/la-jupe-cecilie\/\" \/>\n<meta property=\"article:modified_time\" content=\"2025-07-25T12:18:22+00:00\" \/>\n<meta property=\"og:image\" content=\"https:\/\/happyhaus.fr\/wp-content\/uploads\/2021\/02\/JUPE-CECILIE-.jpg\" \/>\n\t<meta property=\"og:image:width\" content=\"1707\" \/>\n\t<meta property=\"og:image:height\" content=\"2560\" \/>\n\t<meta property=\"og:image:type\" content=\"image\/jpeg\" \/>\n<meta name=\"twitter:card\" content=\"summary_large_image\" \/>\n<meta name=\"twitter:label1\" content=\"Gesch\u00e4tzte Lesezeit\" \/>\n\t<meta name=\"twitter:data1\" content=\"1\u00a0Minute\" \/>\n<script type=\"application\/ld+json\" class=\"yoast-schema-graph\">{\"@context\":\"https:\/\/schema.org\",\"@graph\":[{\"@type\":\"WebPage\",\"@id\":\"https:\/\/happyhaus.fr\/de\/produkt\/la-jupe-cecilie\/\",\"url\":\"https:\/\/happyhaus.fr\/de\/produkt\/la-jupe-cecilie\/\",\"name\":\"LA JUPE CECILIE -\",\"isPartOf\":{\"@id\":\"https:\/\/happyhaus.fr\/#website\"},\"primaryImageOfPage\":{\"@id\":\"https:\/\/happyhaus.fr\/de\/produkt\/la-jupe-cecilie\/#primaryimage\"},\"image\":{\"@id\":\"https:\/\/happyhaus.fr\/de\/produkt\/la-jupe-cecilie\/#primaryimage\"},\"thumbnailUrl\":\"https:\/\/happyhaus.fr\/wp-content\/uploads\/2021\/02\/JUPE-CECILIE-.jpg\",\"datePublished\":\"2021-07-30T14:47:35+00:00\",\"dateModified\":\"2025-07-25T12:18:22+00:00\",\"breadcrumb\":{\"@id\":\"https:\/\/happyhaus.fr\/de\/produkt\/la-jupe-cecilie\/#breadcrumb\"},\"inLanguage\":\"de\",\"potentialAction\":[{\"@type\":\"ReadAction\",\"target\":[\"https:\/\/happyhaus.fr\/de\/produkt\/la-jupe-cecilie\/\"]}]},{\"@type\":\"ImageObject\",\"inLanguage\":\"de\",\"@id\":\"https:\/\/happyhaus.fr\/de\/produkt\/la-jupe-cecilie\/#primaryimage\",\"url\":\"https:\/\/happyhaus.fr\/wp-content\/uploads\/2021\/02\/JUPE-CECILIE-.jpg\",\"contentUrl\":\"https:\/\/happyhaus.fr\/wp-content\/uploads\/2021\/02\/JUPE-CECILIE-.jpg\",\"width\":1707,\"height\":2560},{\"@type\":\"BreadcrumbList\",\"@id\":\"https:\/\/happyhaus.fr\/de\/produkt\/la-jupe-cecilie\/#breadcrumb\",\"itemListElement\":[{\"@type\":\"ListItem\",\"position\":1,\"name\":\"Accueil\",\"item\":\"https:\/\/happyhaus.fr\/de\/\"},{\"@type\":\"ListItem\",\"position\":2,\"name\":\"Priv\u00e9\u00a0: Shop\",\"item\":\"https:\/\/happyhaus.fr\/?page_id=4438\"},{\"@type\":\"ListItem\",\"position\":3,\"name\":\"LA JUPE CECILIE\"}]},{\"@type\":\"WebSite\",\"@id\":\"https:\/\/happyhaus.fr\/#website\",\"url\":\"https:\/\/happyhaus.fr\/\",\"name\":\"\",\"description\":\"\",\"potentialAction\":[{\"@type\":\"SearchAction\",\"target\":{\"@type\":\"EntryPoint\",\"urlTemplate\":\"https:\/\/happyhaus.fr\/?s={search_term_string}\"},\"query-input\":\"required name=search_term_string\"}],\"inLanguage\":\"de\"}]}<\/script>\n<!-- \/ Yoast SEO plugin. -->","yoast_head_json":{"title":"LA JUPE CECILIE -","robots":{"index":"index","follow":"follow","max-snippet":"max-snippet:-1","max-image-preview":"max-image-preview:large","max-video-preview":"max-video-preview:-1"},"canonical":"https:\/\/happyhaus.fr\/de\/produkt\/la-jupe-cecilie\/","og_locale":"de_DE","og_type":"article","og_title":"LA JUPE CECILIE -","og_description":"Dieser Rock ist aus Baumwolle gefertigt. Er hat einen leicht ausgestellten Schnitt, f\u00e4llt bis zur Mitte der Wade und hat f\u00fcnf Taschen, darunter die beiden Ges\u00e4\u00dftaschen, die in Form von Blumen gestaltet sind. Seine L\u00e4nge bis zur Mitte der Wade erinnert an die Bleistiftform, was ihm einen sehr schicken Look verleiht. Sandy, la fondatrice de HAPPY HAUS, porte une taille 36, et mesure 170cm.","og_url":"https:\/\/happyhaus.fr\/de\/produkt\/la-jupe-cecilie\/","article_modified_time":"2025-07-25T12:18:22+00:00","og_image":[{"width":1707,"height":2560,"url":"https:\/\/happyhaus.fr\/wp-content\/uploads\/2021\/02\/JUPE-CECILIE-.jpg","type":"image\/jpeg"}],"twitter_card":"summary_large_image","twitter_misc":{"Gesch\u00e4tzte Lesezeit":"1\u00a0Minute"},"schema":{"@context":"https:\/\/schema.org","@graph":[{"@type":"WebPage","@id":"https:\/\/happyhaus.fr\/de\/produkt\/la-jupe-cecilie\/","url":"https:\/\/happyhaus.fr\/de\/produkt\/la-jupe-cecilie\/","name":"LA JUPE CECILIE -","isPartOf":{"@id":"https:\/\/happyhaus.fr\/#website"},"primaryImageOfPage":{"@id":"https:\/\/happyhaus.fr\/de\/produkt\/la-jupe-cecilie\/#primaryimage"},"image":{"@id":"https:\/\/happyhaus.fr\/de\/produkt\/la-jupe-cecilie\/#primaryimage"},"thumbnailUrl":"https:\/\/happyhaus.fr\/wp-content\/uploads\/2021\/02\/JUPE-CECILIE-.jpg","datePublished":"2021-07-30T14:47:35+00:00","dateModified":"2025-07-25T12:18:22+00:00","breadcrumb":{"@id":"https:\/\/happyhaus.fr\/de\/produkt\/la-jupe-cecilie\/#breadcrumb"},"inLanguage":"de","potentialAction":[{"@type":"ReadAction","target":["https:\/\/happyhaus.fr\/de\/produkt\/la-jupe-cecilie\/"]}]},{"@type":"ImageObject","inLanguage":"de","@id":"https:\/\/happyhaus.fr\/de\/produkt\/la-jupe-cecilie\/#primaryimage","url":"https:\/\/happyhaus.fr\/wp-content\/uploads\/2021\/02\/JUPE-CECILIE-.jpg","contentUrl":"https:\/\/happyhaus.fr\/wp-content\/uploads\/2021\/02\/JUPE-CECILIE-.jpg","width":1707,"height":2560},{"@type":"BreadcrumbList","@id":"https:\/\/happyhaus.fr\/de\/produkt\/la-jupe-cecilie\/#breadcrumb","itemListElement":[{"@type":"ListItem","position":1,"name":"Accueil","item":"https:\/\/happyhaus.fr\/de\/"},{"@type":"ListItem","position":2,"name":"Priv\u00e9\u00a0: Shop","item":"https:\/\/happyhaus.fr\/?page_id=4438"},{"@type":"ListItem","position":3,"name":"LA JUPE CECILIE"}]},{"@type":"WebSite","@id":"https:\/\/happyhaus.fr\/#website","url":"https:\/\/happyhaus.fr\/","name":"","description":"","potentialAction":[{"@type":"SearchAction","target":{"@type":"EntryPoint","urlTemplate":"https:\/\/happyhaus.fr\/?s={search_term_string}"},"query-input":"required name=search_term_string"}],"inLanguage":"de"}]}},"_links":{"self":[{"href":"https:\/\/happyhaus.fr\/de\/wp-json\/wp\/v2\/product\/43576"}],"collection":[{"href":"https:\/\/happyhaus.fr\/de\/wp-json\/wp\/v2\/product"}],"about":[{"href":"https:\/\/happyhaus.fr\/de\/wp-json\/wp\/v2\/types\/product"}],"replies":[{"embeddable":true,"href":"https:\/\/happyhaus.fr\/de\/wp-json\/wp\/v2\/comments?post=43576"}],"wp:featuredmedia":[{"embeddable":true,"href":"https:\/\/happyhaus.fr\/de\/wp-json\/wp\/v2\/media\/93912"}],"wp:attachment":[{"href":"https:\/\/happyhaus.fr\/de\/wp-json\/wp\/v2\/media?parent=43576"}],"wp:term":[{"taxonomy":"product_cat","embeddable":true,"href":"https:\/\/happyhaus.fr\/de\/wp-json\/wp\/v2\/product_cat?post=43576"},{"taxonomy":"product_tag","embeddable":true,"href":"https:\/\/happyhaus.fr\/de\/wp-json\/wp\/v2\/product_tag?post=43576"}],"curies":[{"name":"wp","href":"https:\/\/api.w.org\/{rel}","templated":true}]}}