{"id":100642,"date":"2026-04-21T10:50:38","date_gmt":"2026-04-21T08:50:40","guid":{"rendered":"https:\/\/happyhaus.fr\/?post_type=product&#038;p=100642"},"modified":"2026-04-21T13:26:53","modified_gmt":"2026-04-21T11:26:53","slug":"le-pantalon-mum","status":"publish","type":"product","link":"https:\/\/happyhaus.fr\/de\/produkt\/le-pantalon-mum\/","title":{"rendered":"LE PANTALON MUM"},"content":{"rendered":"<ul>\n<li>Hohe Gr\u00f6\u00dfe<\/li>\n<li>Loser Schnitt<\/li>\n<li>Untere Gabel<\/li>\n<li>Flie\u00dfender und eleganter Sturz<\/li>\n<li>Verschluss mit Knopf und Rei\u00dfverschluss<\/li>\n<li>2 Taschen hinten<\/li>\n<li>Kontrastreiche Aufstiche<\/li>\n<li>Au\u00dfergew\u00f6hnlicher Denim, sowohl weich als auch widerstandsf\u00e4hig<\/li>\n<li>100% gewebte Baumwolle aus Japan<\/li>\n<\/ul>\n<p>Stoffherkunft: Japan<br \/>\nHergestellt in: Tunesien<\/p>\n","protected":false},"excerpt":{"rendered":"<p>Unsere MUM-Hose hat eine schmeichelhafte Passform, die Komfort und Stil mit einem sch\u00f6nen Volumen und einer schlichten, eleganten Linie vereint. In der hohen Taille strukturiert er die Silhouette und sein Sturz ist locker.<\/p>\n<p>Aus einem au\u00dfergew\u00f6hnlichen Gewebe gefertigt, besticht ein in Japan gewebter Denim durch seinen sowohl authentischen als auch raffinierten Charakter. Er hat ein sch\u00f6nes Outfit, eine sanfte Kleidung und eine Farbtiefe, die jedes Detail sublimiert. Diese Materialwahl macht es zu einem langlebigen St\u00fcck, das sowohl angenehm zu tragen als auch anzusehen ist.<\/p>\n<p>Die MUM-Hose zeichnet sich auch durch ihre sorgf\u00e4ltige Verarbeitung aus.<\/p>\n<p>Sandy, die Gr\u00fcnderin von Happy Haus tr\u00e4gt eine Gr\u00f6\u00dfe 36. Sie ist 170 cm gro\u00df.<\/p>\n","protected":false},"featured_media":100672,"comment_status":"open","ping_status":"closed","template":"","meta":{"_acf_changed":false},"product_cat":[312,231,236,313,315],"product_tag":[],"acf":[],"yoast_head":"<!-- This site is optimized with the Yoast SEO plugin v22.6 - https:\/\/yoast.com\/wordpress\/plugins\/seo\/ -->\n<title>LE PANTALON MUM -<\/title>\n<meta name=\"robots\" content=\"index, follow, max-snippet:-1, max-image-preview:large, max-video-preview:-1\" \/>\n<link rel=\"canonical\" href=\"https:\/\/happyhaus.fr\/de\/produkt\/le-pantalon-mum\/\" \/>\n<meta property=\"og:locale\" content=\"de_DE\" \/>\n<meta property=\"og:type\" content=\"article\" \/>\n<meta property=\"og:title\" content=\"LE PANTALON MUM -\" \/>\n<meta property=\"og:description\" content=\"Unsere MUM-Hose hat eine schmeichelhafte Passform, die Komfort und Stil mit einem sch\u00f6nen Volumen und einer schlichten, eleganten Linie vereint. In der hohen Taille strukturiert er die Silhouette und sein Sturz ist locker.  Aus einem au\u00dfergew\u00f6hnlichen Gewebe gefertigt, besticht ein in Japan gewebter Denim durch seinen sowohl authentischen als auch raffinierten Charakter. Er hat ein sch\u00f6nes Outfit, eine sanfte Kleidung und eine Farbtiefe, die jedes Detail sublimiert. Diese Materialwahl macht es zu einem langlebigen St\u00fcck, das sowohl angenehm zu tragen als auch anzusehen ist.  Die MUM-Hose zeichnet sich auch durch ihre sorgf\u00e4ltige Verarbeitung aus.  Sandy, die Gr\u00fcnderin von Happy Haus tr\u00e4gt eine Gr\u00f6\u00dfe 36. Sie ist 170 cm gro\u00df.\" \/>\n<meta property=\"og:url\" content=\"https:\/\/happyhaus.fr\/de\/produkt\/le-pantalon-mum\/\" \/>\n<meta property=\"article:modified_time\" content=\"2026-04-21T11:26:53+00:00\" \/>\n<meta property=\"og:image\" content=\"https:\/\/happyhaus.fr\/wp-content\/uploads\/2026\/04\/Z1-7.jpg\" \/>\n\t<meta property=\"og:image:width\" content=\"1707\" \/>\n\t<meta property=\"og:image:height\" content=\"2560\" \/>\n\t<meta property=\"og:image:type\" content=\"image\/jpeg\" \/>\n<meta name=\"twitter:card\" content=\"summary_large_image\" \/>\n<meta name=\"twitter:label1\" content=\"Gesch\u00e4tzte Lesezeit\" \/>\n\t<meta name=\"twitter:data1\" content=\"1\u00a0Minute\" \/>\n<script type=\"application\/ld+json\" class=\"yoast-schema-graph\">{\"@context\":\"https:\/\/schema.org\",\"@graph\":[{\"@type\":\"WebPage\",\"@id\":\"https:\/\/happyhaus.fr\/de\/produkt\/le-pantalon-mum\/\",\"url\":\"https:\/\/happyhaus.fr\/de\/produkt\/le-pantalon-mum\/\",\"name\":\"LE PANTALON MUM -\",\"isPartOf\":{\"@id\":\"https:\/\/happyhaus.fr\/#website\"},\"primaryImageOfPage\":{\"@id\":\"https:\/\/happyhaus.fr\/de\/produkt\/le-pantalon-mum\/#primaryimage\"},\"image\":{\"@id\":\"https:\/\/happyhaus.fr\/de\/produkt\/le-pantalon-mum\/#primaryimage\"},\"thumbnailUrl\":\"https:\/\/happyhaus.fr\/wp-content\/uploads\/2026\/04\/Z1-7.jpg\",\"datePublished\":\"2026-04-21T08:50:40+00:00\",\"dateModified\":\"2026-04-21T11:26:53+00:00\",\"breadcrumb\":{\"@id\":\"https:\/\/happyhaus.fr\/de\/produkt\/le-pantalon-mum\/#breadcrumb\"},\"inLanguage\":\"de\",\"potentialAction\":[{\"@type\":\"ReadAction\",\"target\":[\"https:\/\/happyhaus.fr\/de\/produkt\/le-pantalon-mum\/\"]}]},{\"@type\":\"ImageObject\",\"inLanguage\":\"de\",\"@id\":\"https:\/\/happyhaus.fr\/de\/produkt\/le-pantalon-mum\/#primaryimage\",\"url\":\"https:\/\/happyhaus.fr\/wp-content\/uploads\/2026\/04\/Z1-7.jpg\",\"contentUrl\":\"https:\/\/happyhaus.fr\/wp-content\/uploads\/2026\/04\/Z1-7.jpg\",\"width\":1707,\"height\":2560},{\"@type\":\"BreadcrumbList\",\"@id\":\"https:\/\/happyhaus.fr\/de\/produkt\/le-pantalon-mum\/#breadcrumb\",\"itemListElement\":[{\"@type\":\"ListItem\",\"position\":1,\"name\":\"Accueil\",\"item\":\"https:\/\/happyhaus.fr\/de\/\"},{\"@type\":\"ListItem\",\"position\":2,\"name\":\"Priv\u00e9\u00a0: Shop\",\"item\":\"https:\/\/happyhaus.fr\/?page_id=4438\"},{\"@type\":\"ListItem\",\"position\":3,\"name\":\"LE PANTALON MUM\"}]},{\"@type\":\"WebSite\",\"@id\":\"https:\/\/happyhaus.fr\/#website\",\"url\":\"https:\/\/happyhaus.fr\/\",\"name\":\"\",\"description\":\"\",\"potentialAction\":[{\"@type\":\"SearchAction\",\"target\":{\"@type\":\"EntryPoint\",\"urlTemplate\":\"https:\/\/happyhaus.fr\/?s={search_term_string}\"},\"query-input\":\"required name=search_term_string\"}],\"inLanguage\":\"de\"}]}<\/script>\n<!-- \/ Yoast SEO plugin. -->","yoast_head_json":{"title":"LE PANTALON MUM -","robots":{"index":"index","follow":"follow","max-snippet":"max-snippet:-1","max-image-preview":"max-image-preview:large","max-video-preview":"max-video-preview:-1"},"canonical":"https:\/\/happyhaus.fr\/de\/produkt\/le-pantalon-mum\/","og_locale":"de_DE","og_type":"article","og_title":"LE PANTALON MUM -","og_description":"Unsere MUM-Hose hat eine schmeichelhafte Passform, die Komfort und Stil mit einem sch\u00f6nen Volumen und einer schlichten, eleganten Linie vereint. In der hohen Taille strukturiert er die Silhouette und sein Sturz ist locker.  Aus einem au\u00dfergew\u00f6hnlichen Gewebe gefertigt, besticht ein in Japan gewebter Denim durch seinen sowohl authentischen als auch raffinierten Charakter. Er hat ein sch\u00f6nes Outfit, eine sanfte Kleidung und eine Farbtiefe, die jedes Detail sublimiert. Diese Materialwahl macht es zu einem langlebigen St\u00fcck, das sowohl angenehm zu tragen als auch anzusehen ist.  Die MUM-Hose zeichnet sich auch durch ihre sorgf\u00e4ltige Verarbeitung aus.  Sandy, die Gr\u00fcnderin von Happy Haus tr\u00e4gt eine Gr\u00f6\u00dfe 36. Sie ist 170 cm gro\u00df.","og_url":"https:\/\/happyhaus.fr\/de\/produkt\/le-pantalon-mum\/","article_modified_time":"2026-04-21T11:26:53+00:00","og_image":[{"width":1707,"height":2560,"url":"https:\/\/happyhaus.fr\/wp-content\/uploads\/2026\/04\/Z1-7.jpg","type":"image\/jpeg"}],"twitter_card":"summary_large_image","twitter_misc":{"Gesch\u00e4tzte Lesezeit":"1\u00a0Minute"},"schema":{"@context":"https:\/\/schema.org","@graph":[{"@type":"WebPage","@id":"https:\/\/happyhaus.fr\/de\/produkt\/le-pantalon-mum\/","url":"https:\/\/happyhaus.fr\/de\/produkt\/le-pantalon-mum\/","name":"LE PANTALON MUM -","isPartOf":{"@id":"https:\/\/happyhaus.fr\/#website"},"primaryImageOfPage":{"@id":"https:\/\/happyhaus.fr\/de\/produkt\/le-pantalon-mum\/#primaryimage"},"image":{"@id":"https:\/\/happyhaus.fr\/de\/produkt\/le-pantalon-mum\/#primaryimage"},"thumbnailUrl":"https:\/\/happyhaus.fr\/wp-content\/uploads\/2026\/04\/Z1-7.jpg","datePublished":"2026-04-21T08:50:40+00:00","dateModified":"2026-04-21T11:26:53+00:00","breadcrumb":{"@id":"https:\/\/happyhaus.fr\/de\/produkt\/le-pantalon-mum\/#breadcrumb"},"inLanguage":"de","potentialAction":[{"@type":"ReadAction","target":["https:\/\/happyhaus.fr\/de\/produkt\/le-pantalon-mum\/"]}]},{"@type":"ImageObject","inLanguage":"de","@id":"https:\/\/happyhaus.fr\/de\/produkt\/le-pantalon-mum\/#primaryimage","url":"https:\/\/happyhaus.fr\/wp-content\/uploads\/2026\/04\/Z1-7.jpg","contentUrl":"https:\/\/happyhaus.fr\/wp-content\/uploads\/2026\/04\/Z1-7.jpg","width":1707,"height":2560},{"@type":"BreadcrumbList","@id":"https:\/\/happyhaus.fr\/de\/produkt\/le-pantalon-mum\/#breadcrumb","itemListElement":[{"@type":"ListItem","position":1,"name":"Accueil","item":"https:\/\/happyhaus.fr\/de\/"},{"@type":"ListItem","position":2,"name":"Priv\u00e9\u00a0: Shop","item":"https:\/\/happyhaus.fr\/?page_id=4438"},{"@type":"ListItem","position":3,"name":"LE PANTALON MUM"}]},{"@type":"WebSite","@id":"https:\/\/happyhaus.fr\/#website","url":"https:\/\/happyhaus.fr\/","name":"","description":"","potentialAction":[{"@type":"SearchAction","target":{"@type":"EntryPoint","urlTemplate":"https:\/\/happyhaus.fr\/?s={search_term_string}"},"query-input":"required name=search_term_string"}],"inLanguage":"de"}]}},"_links":{"self":[{"href":"https:\/\/happyhaus.fr\/de\/wp-json\/wp\/v2\/product\/100642"}],"collection":[{"href":"https:\/\/happyhaus.fr\/de\/wp-json\/wp\/v2\/product"}],"about":[{"href":"https:\/\/happyhaus.fr\/de\/wp-json\/wp\/v2\/types\/product"}],"replies":[{"embeddable":true,"href":"https:\/\/happyhaus.fr\/de\/wp-json\/wp\/v2\/comments?post=100642"}],"wp:featuredmedia":[{"embeddable":true,"href":"https:\/\/happyhaus.fr\/de\/wp-json\/wp\/v2\/media\/100672"}],"wp:attachment":[{"href":"https:\/\/happyhaus.fr\/de\/wp-json\/wp\/v2\/media?parent=100642"}],"wp:term":[{"taxonomy":"product_cat","embeddable":true,"href":"https:\/\/happyhaus.fr\/de\/wp-json\/wp\/v2\/product_cat?post=100642"},{"taxonomy":"product_tag","embeddable":true,"href":"https:\/\/happyhaus.fr\/de\/wp-json\/wp\/v2\/product_tag?post=100642"}],"curies":[{"name":"wp","href":"https:\/\/api.w.org\/{rel}","templated":true}]}}