{"id":100600,"date":"2026-04-21T10:08:29","date_gmt":"2026-04-21T08:08:31","guid":{"rendered":"https:\/\/happyhaus.fr\/?post_type=product&#038;p=100600"},"modified":"2026-04-21T10:49:05","modified_gmt":"2026-04-21T08:49:05","slug":"le-tee-shirt-happy","status":"publish","type":"product","link":"https:\/\/happyhaus.fr\/de\/produkt\/le-tee-shirt-happy\/","title":{"rendered":"LE TEE SHIRT HAPPY"},"content":{"rendered":"<ul>\n<li>Angepasster und gerader Schnitt<\/li>\n<li>Abgerundeter Hals<\/li>\n<li>Kleine \u00c4rmel<\/li>\n<li>Gesticktes Spinnweben-Regenbogenseil<\/li>\n<li>Stechen Sie den Ton an den Ton<\/li>\n<li>Kleines gewebtes Etikett<\/li>\n<li>Weicher Jersey<\/li>\n<li>100% GOTS-zertifizierte Baumwolle<\/li>\n<\/ul>\n<p>Ursprung des Stoffes: Portugal<br \/>\nHergestellt in Portugal<\/p>\n","protected":false},"excerpt":{"rendered":"<p>Das HAPPY TEE SHIRT, ein unverzichtbares und leuchtendes Teil der Garderobe. Hergestellt aus einem sehr weichen Jersey, bietet es einen zarten Griff und absoluten Komfort, perfekt f\u00fcr den Einsatz unter allen Umst\u00e4nden. Sein rosafarbener Farbton bringt Z\u00e4rtlichkeit, sowohl einfach als auch voller Frische.<\/p>\n<p>Er besitzt ein besticktes Wappen, das mit F\u00e4den in den Farben des Regenbogens gefertigt wurde. Ein sch\u00f6nes Detail, das den entscheidenden Unterschied macht.<\/p>\n<p>Die Passform ist angepasst, wir empfehlen Ihnen, Ihre \u00fcbliche Gr\u00f6\u00dfe zu nehmen.<\/p>\n","protected":false},"featured_media":100627,"comment_status":"open","ping_status":"closed","template":"","meta":{"_acf_changed":false},"product_cat":[312,231,313,598],"product_tag":[],"acf":[],"yoast_head":"<!-- This site is optimized with the Yoast SEO plugin v22.6 - https:\/\/yoast.com\/wordpress\/plugins\/seo\/ -->\n<title>LE TEE SHIRT HAPPY -<\/title>\n<meta name=\"robots\" content=\"index, follow, max-snippet:-1, max-image-preview:large, max-video-preview:-1\" \/>\n<link rel=\"canonical\" href=\"https:\/\/happyhaus.fr\/de\/produkt\/le-tee-shirt-happy\/\" \/>\n<meta property=\"og:locale\" content=\"de_DE\" \/>\n<meta property=\"og:type\" content=\"article\" \/>\n<meta property=\"og:title\" content=\"LE TEE SHIRT HAPPY -\" \/>\n<meta property=\"og:description\" content=\"Das HAPPY TEE SHIRT, ein unverzichtbares und leuchtendes Teil der Garderobe. Hergestellt aus einem sehr weichen Jersey, bietet es einen zarten Griff und absoluten Komfort, perfekt f\u00fcr den Einsatz unter allen Umst\u00e4nden. Sein rosafarbener Farbton bringt Z\u00e4rtlichkeit, sowohl einfach als auch voller Frische.  Er besitzt ein besticktes Wappen, das mit F\u00e4den in den Farben des Regenbogens gefertigt wurde. Ein sch\u00f6nes Detail, das den entscheidenden Unterschied macht.  Die Passform ist angepasst, wir empfehlen Ihnen, Ihre \u00fcbliche Gr\u00f6\u00dfe zu nehmen.\" \/>\n<meta property=\"og:url\" content=\"https:\/\/happyhaus.fr\/de\/produkt\/le-tee-shirt-happy\/\" \/>\n<meta property=\"article:modified_time\" content=\"2026-04-21T08:49:05+00:00\" \/>\n<meta property=\"og:image\" content=\"https:\/\/happyhaus.fr\/wp-content\/uploads\/2026\/04\/Z2-5.jpg\" \/>\n\t<meta property=\"og:image:width\" content=\"1707\" \/>\n\t<meta property=\"og:image:height\" content=\"2560\" \/>\n\t<meta property=\"og:image:type\" content=\"image\/jpeg\" \/>\n<meta name=\"twitter:card\" content=\"summary_large_image\" \/>\n<meta name=\"twitter:label1\" content=\"Gesch\u00e4tzte Lesezeit\" \/>\n\t<meta name=\"twitter:data1\" content=\"1\u00a0Minute\" \/>\n<script type=\"application\/ld+json\" class=\"yoast-schema-graph\">{\"@context\":\"https:\/\/schema.org\",\"@graph\":[{\"@type\":\"WebPage\",\"@id\":\"https:\/\/happyhaus.fr\/de\/produkt\/le-tee-shirt-happy\/\",\"url\":\"https:\/\/happyhaus.fr\/de\/produkt\/le-tee-shirt-happy\/\",\"name\":\"LE TEE SHIRT HAPPY -\",\"isPartOf\":{\"@id\":\"https:\/\/happyhaus.fr\/#website\"},\"primaryImageOfPage\":{\"@id\":\"https:\/\/happyhaus.fr\/de\/produkt\/le-tee-shirt-happy\/#primaryimage\"},\"image\":{\"@id\":\"https:\/\/happyhaus.fr\/de\/produkt\/le-tee-shirt-happy\/#primaryimage\"},\"thumbnailUrl\":\"https:\/\/happyhaus.fr\/wp-content\/uploads\/2026\/04\/Z2-5.jpg\",\"datePublished\":\"2026-04-21T08:08:31+00:00\",\"dateModified\":\"2026-04-21T08:49:05+00:00\",\"breadcrumb\":{\"@id\":\"https:\/\/happyhaus.fr\/de\/produkt\/le-tee-shirt-happy\/#breadcrumb\"},\"inLanguage\":\"de\",\"potentialAction\":[{\"@type\":\"ReadAction\",\"target\":[\"https:\/\/happyhaus.fr\/de\/produkt\/le-tee-shirt-happy\/\"]}]},{\"@type\":\"ImageObject\",\"inLanguage\":\"de\",\"@id\":\"https:\/\/happyhaus.fr\/de\/produkt\/le-tee-shirt-happy\/#primaryimage\",\"url\":\"https:\/\/happyhaus.fr\/wp-content\/uploads\/2026\/04\/Z2-5.jpg\",\"contentUrl\":\"https:\/\/happyhaus.fr\/wp-content\/uploads\/2026\/04\/Z2-5.jpg\",\"width\":1707,\"height\":2560},{\"@type\":\"BreadcrumbList\",\"@id\":\"https:\/\/happyhaus.fr\/de\/produkt\/le-tee-shirt-happy\/#breadcrumb\",\"itemListElement\":[{\"@type\":\"ListItem\",\"position\":1,\"name\":\"Accueil\",\"item\":\"https:\/\/happyhaus.fr\/de\/\"},{\"@type\":\"ListItem\",\"position\":2,\"name\":\"Priv\u00e9\u00a0: Shop\",\"item\":\"https:\/\/happyhaus.fr\/?page_id=4438\"},{\"@type\":\"ListItem\",\"position\":3,\"name\":\"LE TEE SHIRT HAPPY\"}]},{\"@type\":\"WebSite\",\"@id\":\"https:\/\/happyhaus.fr\/#website\",\"url\":\"https:\/\/happyhaus.fr\/\",\"name\":\"\",\"description\":\"\",\"potentialAction\":[{\"@type\":\"SearchAction\",\"target\":{\"@type\":\"EntryPoint\",\"urlTemplate\":\"https:\/\/happyhaus.fr\/?s={search_term_string}\"},\"query-input\":\"required name=search_term_string\"}],\"inLanguage\":\"de\"}]}<\/script>\n<!-- \/ Yoast SEO plugin. -->","yoast_head_json":{"title":"LE TEE SHIRT HAPPY -","robots":{"index":"index","follow":"follow","max-snippet":"max-snippet:-1","max-image-preview":"max-image-preview:large","max-video-preview":"max-video-preview:-1"},"canonical":"https:\/\/happyhaus.fr\/de\/produkt\/le-tee-shirt-happy\/","og_locale":"de_DE","og_type":"article","og_title":"LE TEE SHIRT HAPPY -","og_description":"Das HAPPY TEE SHIRT, ein unverzichtbares und leuchtendes Teil der Garderobe. Hergestellt aus einem sehr weichen Jersey, bietet es einen zarten Griff und absoluten Komfort, perfekt f\u00fcr den Einsatz unter allen Umst\u00e4nden. Sein rosafarbener Farbton bringt Z\u00e4rtlichkeit, sowohl einfach als auch voller Frische.  Er besitzt ein besticktes Wappen, das mit F\u00e4den in den Farben des Regenbogens gefertigt wurde. Ein sch\u00f6nes Detail, das den entscheidenden Unterschied macht.  Die Passform ist angepasst, wir empfehlen Ihnen, Ihre \u00fcbliche Gr\u00f6\u00dfe zu nehmen.","og_url":"https:\/\/happyhaus.fr\/de\/produkt\/le-tee-shirt-happy\/","article_modified_time":"2026-04-21T08:49:05+00:00","og_image":[{"width":1707,"height":2560,"url":"https:\/\/happyhaus.fr\/wp-content\/uploads\/2026\/04\/Z2-5.jpg","type":"image\/jpeg"}],"twitter_card":"summary_large_image","twitter_misc":{"Gesch\u00e4tzte Lesezeit":"1\u00a0Minute"},"schema":{"@context":"https:\/\/schema.org","@graph":[{"@type":"WebPage","@id":"https:\/\/happyhaus.fr\/de\/produkt\/le-tee-shirt-happy\/","url":"https:\/\/happyhaus.fr\/de\/produkt\/le-tee-shirt-happy\/","name":"LE TEE SHIRT HAPPY -","isPartOf":{"@id":"https:\/\/happyhaus.fr\/#website"},"primaryImageOfPage":{"@id":"https:\/\/happyhaus.fr\/de\/produkt\/le-tee-shirt-happy\/#primaryimage"},"image":{"@id":"https:\/\/happyhaus.fr\/de\/produkt\/le-tee-shirt-happy\/#primaryimage"},"thumbnailUrl":"https:\/\/happyhaus.fr\/wp-content\/uploads\/2026\/04\/Z2-5.jpg","datePublished":"2026-04-21T08:08:31+00:00","dateModified":"2026-04-21T08:49:05+00:00","breadcrumb":{"@id":"https:\/\/happyhaus.fr\/de\/produkt\/le-tee-shirt-happy\/#breadcrumb"},"inLanguage":"de","potentialAction":[{"@type":"ReadAction","target":["https:\/\/happyhaus.fr\/de\/produkt\/le-tee-shirt-happy\/"]}]},{"@type":"ImageObject","inLanguage":"de","@id":"https:\/\/happyhaus.fr\/de\/produkt\/le-tee-shirt-happy\/#primaryimage","url":"https:\/\/happyhaus.fr\/wp-content\/uploads\/2026\/04\/Z2-5.jpg","contentUrl":"https:\/\/happyhaus.fr\/wp-content\/uploads\/2026\/04\/Z2-5.jpg","width":1707,"height":2560},{"@type":"BreadcrumbList","@id":"https:\/\/happyhaus.fr\/de\/produkt\/le-tee-shirt-happy\/#breadcrumb","itemListElement":[{"@type":"ListItem","position":1,"name":"Accueil","item":"https:\/\/happyhaus.fr\/de\/"},{"@type":"ListItem","position":2,"name":"Priv\u00e9\u00a0: Shop","item":"https:\/\/happyhaus.fr\/?page_id=4438"},{"@type":"ListItem","position":3,"name":"LE TEE SHIRT HAPPY"}]},{"@type":"WebSite","@id":"https:\/\/happyhaus.fr\/#website","url":"https:\/\/happyhaus.fr\/","name":"","description":"","potentialAction":[{"@type":"SearchAction","target":{"@type":"EntryPoint","urlTemplate":"https:\/\/happyhaus.fr\/?s={search_term_string}"},"query-input":"required name=search_term_string"}],"inLanguage":"de"}]}},"_links":{"self":[{"href":"https:\/\/happyhaus.fr\/de\/wp-json\/wp\/v2\/product\/100600"}],"collection":[{"href":"https:\/\/happyhaus.fr\/de\/wp-json\/wp\/v2\/product"}],"about":[{"href":"https:\/\/happyhaus.fr\/de\/wp-json\/wp\/v2\/types\/product"}],"replies":[{"embeddable":true,"href":"https:\/\/happyhaus.fr\/de\/wp-json\/wp\/v2\/comments?post=100600"}],"wp:featuredmedia":[{"embeddable":true,"href":"https:\/\/happyhaus.fr\/de\/wp-json\/wp\/v2\/media\/100627"}],"wp:attachment":[{"href":"https:\/\/happyhaus.fr\/de\/wp-json\/wp\/v2\/media?parent=100600"}],"wp:term":[{"taxonomy":"product_cat","embeddable":true,"href":"https:\/\/happyhaus.fr\/de\/wp-json\/wp\/v2\/product_cat?post=100600"},{"taxonomy":"product_tag","embeddable":true,"href":"https:\/\/happyhaus.fr\/de\/wp-json\/wp\/v2\/product_tag?post=100600"}],"curies":[{"name":"wp","href":"https:\/\/api.w.org\/{rel}","templated":true}]}}