{"id":100438,"date":"2026-04-07T15:37:17","date_gmt":"2026-04-07T13:37:19","guid":{"rendered":"https:\/\/happyhaus.fr\/?post_type=product&#038;p=100438"},"modified":"2026-04-07T16:14:36","modified_gmt":"2026-04-07T14:14:36","slug":"la-robe-summer","status":"publish","type":"product","link":"https:\/\/happyhaus.fr\/de\/produkt\/la-robe-summer\/","title":{"rendered":"LA ROBE SUMMER"},"content":{"rendered":"<ul>\n<li>Langer, auslaufender Schnitt<\/li>\n<li>\u00c4rmelloser Kaminkragen<\/li>\n<li>Offene Gurte<\/li>\n<li>Verschluss \u00fcber die gesamte vordere L\u00e4nge<\/li>\n<li>Niedrige Taille mit Ausschnitt und Dichtungen<\/li>\n<li>2 integrierte Taschen im Ausschnitt der Gr\u00f6\u00dfe<\/li>\n<li>N\u00e4hte ton auf ton<\/li>\n<li>72% Baumwolle &#8211; 28% Viskose<\/li>\n<\/ul>\n<p>Stoffherkunft: Italien<br \/>\nHerstellung: Tunesien<\/p>\n","protected":false},"excerpt":{"rendered":"<p>Unser SUMMER KLEID hat einen langen, ausgerissenen Schnitt und eine dezent markierte Taille. Es bietet einen flie\u00dfenden Fall, der auf nat\u00fcrliche Weise mit den Bewegungen einhergeht.<\/p>\n<p>Sein Kaminkragen und seine offenen Armb\u00e4nder strukturieren die Oberseite der Silhouette, w\u00e4hrend der weite Rock Volumen und Leichtigkeit bringt.<br \/>\nSie zeichnet sich durch sch\u00f6ne Details aus: zarte F\u00e4hnchen auf der Taille, dezent integrierte Taschen, eine Knopfleiste \u00fcber die gesamte L\u00e4nge.<\/p>\n<p>Hergestellt aus leichtem Denim mit vintage-hellblauer W\u00e4sche, kombiniert es Baumwolle und Viskose f\u00fcr einen weichen Griff und ein weiches und flie\u00dfendes Gef\u00fchl.<br \/>\nEin einfach zu tragendes Kleidungsst\u00fcck, ideal f\u00fcr den Alltag und die Sommerferien.<\/p>\n<p>Sandy, die Gr\u00fcnderin von Happy Haus, ist 170 cm gro\u00df und tr\u00e4gt Gr\u00f6\u00dfe 36.<\/p>\n","protected":false},"featured_media":100451,"comment_status":"closed","ping_status":"closed","template":"","meta":{"_acf_changed":false},"product_cat":[312,231,233,313],"product_tag":[335],"acf":[],"yoast_head":"<!-- This site is optimized with the Yoast SEO plugin v22.6 - https:\/\/yoast.com\/wordpress\/plugins\/seo\/ -->\n<title>LA ROBE SUMMER -<\/title>\n<meta name=\"robots\" content=\"index, follow, max-snippet:-1, max-image-preview:large, max-video-preview:-1\" \/>\n<link rel=\"canonical\" href=\"https:\/\/happyhaus.fr\/de\/produkt\/la-robe-summer\/\" \/>\n<meta property=\"og:locale\" content=\"de_DE\" \/>\n<meta property=\"og:type\" content=\"article\" \/>\n<meta property=\"og:title\" content=\"LA ROBE SUMMER -\" \/>\n<meta property=\"og:description\" content=\"Unser SUMMER KLEID hat einen langen, ausgerissenen Schnitt und eine dezent markierte Taille. Es bietet einen flie\u00dfenden Fall, der auf nat\u00fcrliche Weise mit den Bewegungen einhergeht.  Sein Kaminkragen und seine offenen Armb\u00e4nder strukturieren die Oberseite der Silhouette, w\u00e4hrend der weite Rock Volumen und Leichtigkeit bringt. Sie zeichnet sich durch sch\u00f6ne Details aus: zarte F\u00e4hnchen auf der Taille, dezent integrierte Taschen, eine Knopfleiste \u00fcber die gesamte L\u00e4nge.  Hergestellt aus leichtem Denim mit vintage-hellblauer W\u00e4sche, kombiniert es Baumwolle und Viskose f\u00fcr einen weichen Griff und ein weiches und flie\u00dfendes Gef\u00fchl. Ein einfach zu tragendes Kleidungsst\u00fcck, ideal f\u00fcr den Alltag und die Sommerferien.  Sandy, die Gr\u00fcnderin von Happy Haus, ist 170 cm gro\u00df und tr\u00e4gt Gr\u00f6\u00dfe 36.\" \/>\n<meta property=\"og:url\" content=\"https:\/\/happyhaus.fr\/de\/produkt\/la-robe-summer\/\" \/>\n<meta property=\"article:modified_time\" content=\"2026-04-07T14:14:36+00:00\" \/>\n<meta property=\"og:image\" content=\"https:\/\/happyhaus.fr\/wp-content\/uploads\/2026\/04\/Z1-4.jpg\" \/>\n\t<meta property=\"og:image:width\" content=\"1707\" \/>\n\t<meta property=\"og:image:height\" content=\"2560\" \/>\n\t<meta property=\"og:image:type\" content=\"image\/jpeg\" \/>\n<meta name=\"twitter:card\" content=\"summary_large_image\" \/>\n<meta name=\"twitter:label1\" content=\"Gesch\u00e4tzte Lesezeit\" \/>\n\t<meta name=\"twitter:data1\" content=\"1\u00a0Minute\" \/>\n<script type=\"application\/ld+json\" class=\"yoast-schema-graph\">{\"@context\":\"https:\/\/schema.org\",\"@graph\":[{\"@type\":\"WebPage\",\"@id\":\"https:\/\/happyhaus.fr\/de\/produkt\/la-robe-summer\/\",\"url\":\"https:\/\/happyhaus.fr\/de\/produkt\/la-robe-summer\/\",\"name\":\"LA ROBE SUMMER -\",\"isPartOf\":{\"@id\":\"https:\/\/happyhaus.fr\/#website\"},\"primaryImageOfPage\":{\"@id\":\"https:\/\/happyhaus.fr\/de\/produkt\/la-robe-summer\/#primaryimage\"},\"image\":{\"@id\":\"https:\/\/happyhaus.fr\/de\/produkt\/la-robe-summer\/#primaryimage\"},\"thumbnailUrl\":\"https:\/\/happyhaus.fr\/wp-content\/uploads\/2026\/04\/Z1-4.jpg\",\"datePublished\":\"2026-04-07T13:37:19+00:00\",\"dateModified\":\"2026-04-07T14:14:36+00:00\",\"breadcrumb\":{\"@id\":\"https:\/\/happyhaus.fr\/de\/produkt\/la-robe-summer\/#breadcrumb\"},\"inLanguage\":\"de\",\"potentialAction\":[{\"@type\":\"ReadAction\",\"target\":[\"https:\/\/happyhaus.fr\/de\/produkt\/la-robe-summer\/\"]}]},{\"@type\":\"ImageObject\",\"inLanguage\":\"de\",\"@id\":\"https:\/\/happyhaus.fr\/de\/produkt\/la-robe-summer\/#primaryimage\",\"url\":\"https:\/\/happyhaus.fr\/wp-content\/uploads\/2026\/04\/Z1-4.jpg\",\"contentUrl\":\"https:\/\/happyhaus.fr\/wp-content\/uploads\/2026\/04\/Z1-4.jpg\",\"width\":1707,\"height\":2560},{\"@type\":\"BreadcrumbList\",\"@id\":\"https:\/\/happyhaus.fr\/de\/produkt\/la-robe-summer\/#breadcrumb\",\"itemListElement\":[{\"@type\":\"ListItem\",\"position\":1,\"name\":\"Accueil\",\"item\":\"https:\/\/happyhaus.fr\/de\/\"},{\"@type\":\"ListItem\",\"position\":2,\"name\":\"Priv\u00e9\u00a0: Shop\",\"item\":\"https:\/\/happyhaus.fr\/?page_id=4438\"},{\"@type\":\"ListItem\",\"position\":3,\"name\":\"LA ROBE SUMMER\"}]},{\"@type\":\"WebSite\",\"@id\":\"https:\/\/happyhaus.fr\/#website\",\"url\":\"https:\/\/happyhaus.fr\/\",\"name\":\"\",\"description\":\"\",\"potentialAction\":[{\"@type\":\"SearchAction\",\"target\":{\"@type\":\"EntryPoint\",\"urlTemplate\":\"https:\/\/happyhaus.fr\/?s={search_term_string}\"},\"query-input\":\"required name=search_term_string\"}],\"inLanguage\":\"de\"}]}<\/script>\n<!-- \/ Yoast SEO plugin. -->","yoast_head_json":{"title":"LA ROBE SUMMER -","robots":{"index":"index","follow":"follow","max-snippet":"max-snippet:-1","max-image-preview":"max-image-preview:large","max-video-preview":"max-video-preview:-1"},"canonical":"https:\/\/happyhaus.fr\/de\/produkt\/la-robe-summer\/","og_locale":"de_DE","og_type":"article","og_title":"LA ROBE SUMMER -","og_description":"Unser SUMMER KLEID hat einen langen, ausgerissenen Schnitt und eine dezent markierte Taille. Es bietet einen flie\u00dfenden Fall, der auf nat\u00fcrliche Weise mit den Bewegungen einhergeht.  Sein Kaminkragen und seine offenen Armb\u00e4nder strukturieren die Oberseite der Silhouette, w\u00e4hrend der weite Rock Volumen und Leichtigkeit bringt. Sie zeichnet sich durch sch\u00f6ne Details aus: zarte F\u00e4hnchen auf der Taille, dezent integrierte Taschen, eine Knopfleiste \u00fcber die gesamte L\u00e4nge.  Hergestellt aus leichtem Denim mit vintage-hellblauer W\u00e4sche, kombiniert es Baumwolle und Viskose f\u00fcr einen weichen Griff und ein weiches und flie\u00dfendes Gef\u00fchl. Ein einfach zu tragendes Kleidungsst\u00fcck, ideal f\u00fcr den Alltag und die Sommerferien.  Sandy, die Gr\u00fcnderin von Happy Haus, ist 170 cm gro\u00df und tr\u00e4gt Gr\u00f6\u00dfe 36.","og_url":"https:\/\/happyhaus.fr\/de\/produkt\/la-robe-summer\/","article_modified_time":"2026-04-07T14:14:36+00:00","og_image":[{"width":1707,"height":2560,"url":"https:\/\/happyhaus.fr\/wp-content\/uploads\/2026\/04\/Z1-4.jpg","type":"image\/jpeg"}],"twitter_card":"summary_large_image","twitter_misc":{"Gesch\u00e4tzte Lesezeit":"1\u00a0Minute"},"schema":{"@context":"https:\/\/schema.org","@graph":[{"@type":"WebPage","@id":"https:\/\/happyhaus.fr\/de\/produkt\/la-robe-summer\/","url":"https:\/\/happyhaus.fr\/de\/produkt\/la-robe-summer\/","name":"LA ROBE SUMMER -","isPartOf":{"@id":"https:\/\/happyhaus.fr\/#website"},"primaryImageOfPage":{"@id":"https:\/\/happyhaus.fr\/de\/produkt\/la-robe-summer\/#primaryimage"},"image":{"@id":"https:\/\/happyhaus.fr\/de\/produkt\/la-robe-summer\/#primaryimage"},"thumbnailUrl":"https:\/\/happyhaus.fr\/wp-content\/uploads\/2026\/04\/Z1-4.jpg","datePublished":"2026-04-07T13:37:19+00:00","dateModified":"2026-04-07T14:14:36+00:00","breadcrumb":{"@id":"https:\/\/happyhaus.fr\/de\/produkt\/la-robe-summer\/#breadcrumb"},"inLanguage":"de","potentialAction":[{"@type":"ReadAction","target":["https:\/\/happyhaus.fr\/de\/produkt\/la-robe-summer\/"]}]},{"@type":"ImageObject","inLanguage":"de","@id":"https:\/\/happyhaus.fr\/de\/produkt\/la-robe-summer\/#primaryimage","url":"https:\/\/happyhaus.fr\/wp-content\/uploads\/2026\/04\/Z1-4.jpg","contentUrl":"https:\/\/happyhaus.fr\/wp-content\/uploads\/2026\/04\/Z1-4.jpg","width":1707,"height":2560},{"@type":"BreadcrumbList","@id":"https:\/\/happyhaus.fr\/de\/produkt\/la-robe-summer\/#breadcrumb","itemListElement":[{"@type":"ListItem","position":1,"name":"Accueil","item":"https:\/\/happyhaus.fr\/de\/"},{"@type":"ListItem","position":2,"name":"Priv\u00e9\u00a0: Shop","item":"https:\/\/happyhaus.fr\/?page_id=4438"},{"@type":"ListItem","position":3,"name":"LA ROBE SUMMER"}]},{"@type":"WebSite","@id":"https:\/\/happyhaus.fr\/#website","url":"https:\/\/happyhaus.fr\/","name":"","description":"","potentialAction":[{"@type":"SearchAction","target":{"@type":"EntryPoint","urlTemplate":"https:\/\/happyhaus.fr\/?s={search_term_string}"},"query-input":"required name=search_term_string"}],"inLanguage":"de"}]}},"_links":{"self":[{"href":"https:\/\/happyhaus.fr\/de\/wp-json\/wp\/v2\/product\/100438"}],"collection":[{"href":"https:\/\/happyhaus.fr\/de\/wp-json\/wp\/v2\/product"}],"about":[{"href":"https:\/\/happyhaus.fr\/de\/wp-json\/wp\/v2\/types\/product"}],"replies":[{"embeddable":true,"href":"https:\/\/happyhaus.fr\/de\/wp-json\/wp\/v2\/comments?post=100438"}],"wp:featuredmedia":[{"embeddable":true,"href":"https:\/\/happyhaus.fr\/de\/wp-json\/wp\/v2\/media\/100451"}],"wp:attachment":[{"href":"https:\/\/happyhaus.fr\/de\/wp-json\/wp\/v2\/media?parent=100438"}],"wp:term":[{"taxonomy":"product_cat","embeddable":true,"href":"https:\/\/happyhaus.fr\/de\/wp-json\/wp\/v2\/product_cat?post=100438"},{"taxonomy":"product_tag","embeddable":true,"href":"https:\/\/happyhaus.fr\/de\/wp-json\/wp\/v2\/product_tag?post=100438"}],"curies":[{"name":"wp","href":"https:\/\/api.w.org\/{rel}","templated":true}]}}