{"id":100363,"date":"2026-04-01T17:00:13","date_gmt":"2026-04-01T13:36:14","guid":{"rendered":"https:\/\/happyhaus.fr\/?post_type=product&#038;p=100363"},"modified":"2026-04-01T16:33:31","modified_gmt":"2026-04-01T14:33:31","slug":"la-jupe-trompe-loeil-bleu-d-ete","status":"publish","type":"product","link":"https:\/\/happyhaus.fr\/de\/produkt\/la-jupe-trompe-loeil-bleu-d-ete\/","title":{"rendered":"LA JUPE TROMPE L&#8217;OEIL"},"content":{"rendered":"<ul>\n<li class=\"p1\">Lange<\/li>\n<li class=\"p1\">Ausgestellter Schnitt<\/li>\n<li class=\"p1\">5 Taschen<\/li>\n<li class=\"p1\">2 R\u00fcckentaschen in Blumenform<\/li>\n<li class=\"p1\">Knopf in Corozo<\/li>\n<li class=\"p1\">HAPPY HAUS Stickerei auf der R\u00fcckseite des G\u00fcrtels<\/li>\n<li class=\"p1\">Geflechtg\u00fcrtel<\/li>\n<li class=\"p1\">100% Detox zertifizierte Baumwolle<\/li>\n<\/ul>\n<p class=\"p1\">Herkunft des Stoffes: Italien<br \/>\nHergestellt in Tunesien<\/p>\n","protected":false},"excerpt":{"rendered":"<p>Unser TROMPE L&#8217;\u0152IL-Rock interpretiert die \u00c4sthetik des unteren Teils unseres TROMPE L&#8217;\u0152IL-Kleides neu, der das Hauptmodell unserer Dauerkollektion ist.<br \/>\nDer TROMPE L&#8217;\u0152IL-Rock ist lang und hat einen gew\u00f6lbten Schnitt. Sein Verschlusssystem besteht aus Kn\u00f6pfen aus Corozo. Sie bietet sch\u00f6ne Details wie den im selben Stoff geflochtenen G\u00fcrtel, die beiden blumenf\u00f6rmigen hinteren Taschen und die HAPPY HAUS-Stickerei auf der R\u00fcckseite. Der TROMPE L&#8217;\u0152IL-Rock formt die Figur auf elegante Weise, er ist schick und entspannt.<\/p>\n<p>Hergestellt aus unserem neuen leichten Denim, der eine Webart hat, auf der die Richtung der Kette besser sichtbar ist. Das verleiht ihm mehr Charakter und einen markanteren Vintage-Effekt.<\/p>\n<p>Er schnitt normal.<\/p>\n","protected":false},"featured_media":100377,"comment_status":"closed","ping_status":"closed","template":"","meta":{"_acf_changed":false},"product_cat":[312,231,313,328],"product_tag":[335],"acf":[],"yoast_head":"<!-- This site is optimized with the Yoast SEO plugin v22.6 - https:\/\/yoast.com\/wordpress\/plugins\/seo\/ -->\n<title>LA JUPE TROMPE L&#039;OEIL -<\/title>\n<meta name=\"robots\" content=\"index, follow, max-snippet:-1, max-image-preview:large, max-video-preview:-1\" \/>\n<link rel=\"canonical\" href=\"https:\/\/happyhaus.fr\/en\/produkt\/la-jupe-trompe-loeil-bleu-dete\/\" \/>\n<meta property=\"og:locale\" content=\"de_DE\" \/>\n<meta property=\"og:type\" content=\"article\" \/>\n<meta property=\"og:title\" content=\"LA JUPE TROMPE L&#039;OEIL -\" \/>\n<meta property=\"og:description\" content=\"Unser TROMPE L&#039;\u0152IL-Rock interpretiert die \u00c4sthetik des unteren Teils unseres TROMPE L&#039;\u0152IL-Kleides neu, der das Hauptmodell unserer Dauerkollektion ist. Der TROMPE L&#039;\u0152IL-Rock ist lang und hat einen gew\u00f6lbten Schnitt. Sein Verschlusssystem besteht aus Kn\u00f6pfen aus Corozo. Sie bietet sch\u00f6ne Details wie den im selben Stoff geflochtenen G\u00fcrtel, die beiden blumenf\u00f6rmigen hinteren Taschen und die HAPPY HAUS-Stickerei auf der R\u00fcckseite. Der TROMPE L&#039;\u0152IL-Rock formt die Figur auf elegante Weise, er ist schick und entspannt.  Hergestellt aus unserem neuen leichten Denim, der eine Webart hat, auf der die Richtung der Kette besser sichtbar ist. Das verleiht ihm mehr Charakter und einen markanteren Vintage-Effekt.  Er schnitt normal.\" \/>\n<meta property=\"og:url\" content=\"https:\/\/happyhaus.fr\/en\/produkt\/la-jupe-trompe-loeil-bleu-dete\/\" \/>\n<meta property=\"article:modified_time\" content=\"2026-04-01T14:33:31+00:00\" \/>\n<meta property=\"og:image\" content=\"https:\/\/happyhaus.fr\/wp-content\/uploads\/2026\/04\/Z1-2.jpg\" \/>\n\t<meta property=\"og:image:width\" content=\"1707\" \/>\n\t<meta property=\"og:image:height\" content=\"2560\" \/>\n\t<meta property=\"og:image:type\" content=\"image\/jpeg\" \/>\n<meta name=\"twitter:card\" content=\"summary_large_image\" \/>\n<meta name=\"twitter:label1\" content=\"Gesch\u00e4tzte Lesezeit\" \/>\n\t<meta name=\"twitter:data1\" content=\"1\u00a0Minute\" \/>\n<script type=\"application\/ld+json\" class=\"yoast-schema-graph\">{\"@context\":\"https:\/\/schema.org\",\"@graph\":[{\"@type\":\"WebPage\",\"@id\":\"https:\/\/happyhaus.fr\/en\/produkt\/la-jupe-trompe-loeil-bleu-dete\/\",\"url\":\"https:\/\/happyhaus.fr\/en\/produkt\/la-jupe-trompe-loeil-bleu-dete\/\",\"name\":\"LA JUPE TROMPE L'OEIL -\",\"isPartOf\":{\"@id\":\"https:\/\/happyhaus.fr\/#website\"},\"primaryImageOfPage\":{\"@id\":\"https:\/\/happyhaus.fr\/en\/produkt\/la-jupe-trompe-loeil-bleu-dete\/#primaryimage\"},\"image\":{\"@id\":\"https:\/\/happyhaus.fr\/en\/produkt\/la-jupe-trompe-loeil-bleu-dete\/#primaryimage\"},\"thumbnailUrl\":\"https:\/\/happyhaus.fr\/wp-content\/uploads\/2026\/04\/Z1-2.jpg\",\"datePublished\":\"2026-04-01T13:36:14+00:00\",\"dateModified\":\"2026-04-01T14:33:31+00:00\",\"breadcrumb\":{\"@id\":\"https:\/\/happyhaus.fr\/en\/produkt\/la-jupe-trompe-loeil-bleu-dete\/#breadcrumb\"},\"inLanguage\":\"de\",\"potentialAction\":[{\"@type\":\"ReadAction\",\"target\":[\"https:\/\/happyhaus.fr\/en\/produkt\/la-jupe-trompe-loeil-bleu-dete\/\"]}]},{\"@type\":\"ImageObject\",\"inLanguage\":\"de\",\"@id\":\"https:\/\/happyhaus.fr\/en\/produkt\/la-jupe-trompe-loeil-bleu-dete\/#primaryimage\",\"url\":\"https:\/\/happyhaus.fr\/wp-content\/uploads\/2026\/04\/Z1-2.jpg\",\"contentUrl\":\"https:\/\/happyhaus.fr\/wp-content\/uploads\/2026\/04\/Z1-2.jpg\",\"width\":1707,\"height\":2560},{\"@type\":\"BreadcrumbList\",\"@id\":\"https:\/\/happyhaus.fr\/en\/produkt\/la-jupe-trompe-loeil-bleu-dete\/#breadcrumb\",\"itemListElement\":[{\"@type\":\"ListItem\",\"position\":1,\"name\":\"Accueil\",\"item\":\"https:\/\/happyhaus.fr\/de\/\"},{\"@type\":\"ListItem\",\"position\":2,\"name\":\"Priv\u00e9\u00a0: Shop\",\"item\":\"https:\/\/happyhaus.fr\/?page_id=4438\"},{\"@type\":\"ListItem\",\"position\":3,\"name\":\"LA JUPE TROMPE L&#8217;OEIL\"}]},{\"@type\":\"WebSite\",\"@id\":\"https:\/\/happyhaus.fr\/#website\",\"url\":\"https:\/\/happyhaus.fr\/\",\"name\":\"\",\"description\":\"\",\"potentialAction\":[{\"@type\":\"SearchAction\",\"target\":{\"@type\":\"EntryPoint\",\"urlTemplate\":\"https:\/\/happyhaus.fr\/?s={search_term_string}\"},\"query-input\":\"required name=search_term_string\"}],\"inLanguage\":\"de\"}]}<\/script>\n<!-- \/ Yoast SEO plugin. -->","yoast_head_json":{"title":"LA JUPE TROMPE L'OEIL -","robots":{"index":"index","follow":"follow","max-snippet":"max-snippet:-1","max-image-preview":"max-image-preview:large","max-video-preview":"max-video-preview:-1"},"canonical":"https:\/\/happyhaus.fr\/en\/produkt\/la-jupe-trompe-loeil-bleu-dete\/","og_locale":"de_DE","og_type":"article","og_title":"LA JUPE TROMPE L'OEIL -","og_description":"Unser TROMPE L'\u0152IL-Rock interpretiert die \u00c4sthetik des unteren Teils unseres TROMPE L'\u0152IL-Kleides neu, der das Hauptmodell unserer Dauerkollektion ist. Der TROMPE L'\u0152IL-Rock ist lang und hat einen gew\u00f6lbten Schnitt. Sein Verschlusssystem besteht aus Kn\u00f6pfen aus Corozo. Sie bietet sch\u00f6ne Details wie den im selben Stoff geflochtenen G\u00fcrtel, die beiden blumenf\u00f6rmigen hinteren Taschen und die HAPPY HAUS-Stickerei auf der R\u00fcckseite. Der TROMPE L'\u0152IL-Rock formt die Figur auf elegante Weise, er ist schick und entspannt.  Hergestellt aus unserem neuen leichten Denim, der eine Webart hat, auf der die Richtung der Kette besser sichtbar ist. Das verleiht ihm mehr Charakter und einen markanteren Vintage-Effekt.  Er schnitt normal.","og_url":"https:\/\/happyhaus.fr\/en\/produkt\/la-jupe-trompe-loeil-bleu-dete\/","article_modified_time":"2026-04-01T14:33:31+00:00","og_image":[{"width":1707,"height":2560,"url":"https:\/\/happyhaus.fr\/wp-content\/uploads\/2026\/04\/Z1-2.jpg","type":"image\/jpeg"}],"twitter_card":"summary_large_image","twitter_misc":{"Gesch\u00e4tzte Lesezeit":"1\u00a0Minute"},"schema":{"@context":"https:\/\/schema.org","@graph":[{"@type":"WebPage","@id":"https:\/\/happyhaus.fr\/en\/produkt\/la-jupe-trompe-loeil-bleu-dete\/","url":"https:\/\/happyhaus.fr\/en\/produkt\/la-jupe-trompe-loeil-bleu-dete\/","name":"LA JUPE TROMPE L'OEIL -","isPartOf":{"@id":"https:\/\/happyhaus.fr\/#website"},"primaryImageOfPage":{"@id":"https:\/\/happyhaus.fr\/en\/produkt\/la-jupe-trompe-loeil-bleu-dete\/#primaryimage"},"image":{"@id":"https:\/\/happyhaus.fr\/en\/produkt\/la-jupe-trompe-loeil-bleu-dete\/#primaryimage"},"thumbnailUrl":"https:\/\/happyhaus.fr\/wp-content\/uploads\/2026\/04\/Z1-2.jpg","datePublished":"2026-04-01T13:36:14+00:00","dateModified":"2026-04-01T14:33:31+00:00","breadcrumb":{"@id":"https:\/\/happyhaus.fr\/en\/produkt\/la-jupe-trompe-loeil-bleu-dete\/#breadcrumb"},"inLanguage":"de","potentialAction":[{"@type":"ReadAction","target":["https:\/\/happyhaus.fr\/en\/produkt\/la-jupe-trompe-loeil-bleu-dete\/"]}]},{"@type":"ImageObject","inLanguage":"de","@id":"https:\/\/happyhaus.fr\/en\/produkt\/la-jupe-trompe-loeil-bleu-dete\/#primaryimage","url":"https:\/\/happyhaus.fr\/wp-content\/uploads\/2026\/04\/Z1-2.jpg","contentUrl":"https:\/\/happyhaus.fr\/wp-content\/uploads\/2026\/04\/Z1-2.jpg","width":1707,"height":2560},{"@type":"BreadcrumbList","@id":"https:\/\/happyhaus.fr\/en\/produkt\/la-jupe-trompe-loeil-bleu-dete\/#breadcrumb","itemListElement":[{"@type":"ListItem","position":1,"name":"Accueil","item":"https:\/\/happyhaus.fr\/de\/"},{"@type":"ListItem","position":2,"name":"Priv\u00e9\u00a0: Shop","item":"https:\/\/happyhaus.fr\/?page_id=4438"},{"@type":"ListItem","position":3,"name":"LA JUPE TROMPE L&#8217;OEIL"}]},{"@type":"WebSite","@id":"https:\/\/happyhaus.fr\/#website","url":"https:\/\/happyhaus.fr\/","name":"","description":"","potentialAction":[{"@type":"SearchAction","target":{"@type":"EntryPoint","urlTemplate":"https:\/\/happyhaus.fr\/?s={search_term_string}"},"query-input":"required name=search_term_string"}],"inLanguage":"de"}]}},"_links":{"self":[{"href":"https:\/\/happyhaus.fr\/de\/wp-json\/wp\/v2\/product\/100363"}],"collection":[{"href":"https:\/\/happyhaus.fr\/de\/wp-json\/wp\/v2\/product"}],"about":[{"href":"https:\/\/happyhaus.fr\/de\/wp-json\/wp\/v2\/types\/product"}],"replies":[{"embeddable":true,"href":"https:\/\/happyhaus.fr\/de\/wp-json\/wp\/v2\/comments?post=100363"}],"wp:featuredmedia":[{"embeddable":true,"href":"https:\/\/happyhaus.fr\/de\/wp-json\/wp\/v2\/media\/100377"}],"wp:attachment":[{"href":"https:\/\/happyhaus.fr\/de\/wp-json\/wp\/v2\/media?parent=100363"}],"wp:term":[{"taxonomy":"product_cat","embeddable":true,"href":"https:\/\/happyhaus.fr\/de\/wp-json\/wp\/v2\/product_cat?post=100363"},{"taxonomy":"product_tag","embeddable":true,"href":"https:\/\/happyhaus.fr\/de\/wp-json\/wp\/v2\/product_tag?post=100363"}],"curies":[{"name":"wp","href":"https:\/\/api.w.org\/{rel}","templated":true}]}}