{"id":100324,"date":"2026-04-20T15:40:11","date_gmt":"2026-04-01T13:10:13","guid":{"rendered":"https:\/\/happyhaus.fr\/?post_type=product&#038;p=100324"},"modified":"2026-04-01T15:30:18","modified_gmt":"2026-04-01T13:30:18","slug":"le-blazer","status":"publish","type":"product","link":"https:\/\/happyhaus.fr\/de\/produkt\/le-blazer\/","title":{"rendered":"LE BLAZER"},"content":{"rendered":"<ul>\n<li>M\u00e4nnlicher Blazer femin<\/li>\n<li>Locker geschnitten<\/li>\n<li>Taschen mit Patte<\/li>\n<li>Kn\u00f6pfe<\/li>\n<li>Schlitz auf der R\u00fcckseite<\/li>\n<li>Leicht h\u00e4ngende Schultern<\/li>\n<li>Brustklemmen<\/li>\n<li>Nicht verdoppelt<\/li>\n<li>100% Baumwolle<\/li>\n<\/ul>\n<p>Herkunft des Stoffes: Italien<br \/>\nHergestellt in Tunesien<\/p>\n","protected":false},"excerpt":{"rendered":"<p>Unser BLAZER ist elegant und zeitlos. Der BLAZER hat einen weiten und geraden Schnitt, er bietet sch\u00f6ne Details: die Klappentaschen, die abgedeckten Kn\u00f6pfe. Der BLAZER hat eine &#8220;m\u00e4nnlich-weibliche&#8221; Einstellung, ist cool und sehr elegant zugleich.<\/p>\n<p>Hergestellt aus unserem neuen leichten Denim, der eine Webart hat, auf der die Richtung der Kette besser sichtbar ist. Das verleiht ihm mehr Charakter und einen markanteren Vintage-Effekt. Er ist perfekt zu vielen Hosen, R\u00f6cken oder Kleidern kombinierbar. Es ist ein interessantes St\u00fcck, um die \u00dcberlagerungen zu spielen.<\/p>\n<p>Er senkte sich bequem.<\/p>\n","protected":false},"featured_media":100742,"comment_status":"closed","ping_status":"closed","template":"","meta":{"_acf_changed":false},"product_cat":[312,231,238,313],"product_tag":[335],"acf":[],"yoast_head":"<!-- This site is optimized with the Yoast SEO plugin v22.6 - https:\/\/yoast.com\/wordpress\/plugins\/seo\/ -->\n<title>LE BLAZER -<\/title>\n<meta name=\"robots\" content=\"index, follow, max-snippet:-1, max-image-preview:large, max-video-preview:-1\" \/>\n<link rel=\"canonical\" href=\"https:\/\/happyhaus.fr\/de\/produkt\/le-blazer\/\" \/>\n<meta property=\"og:locale\" content=\"de_DE\" \/>\n<meta property=\"og:type\" content=\"article\" \/>\n<meta property=\"og:title\" content=\"LE BLAZER -\" \/>\n<meta property=\"og:description\" content=\"Unser BLAZER ist elegant und zeitlos. Der BLAZER hat einen weiten und geraden Schnitt, er bietet sch\u00f6ne Details: die Klappentaschen, die abgedeckten Kn\u00f6pfe. Der BLAZER hat eine &quot;m\u00e4nnlich-weibliche&quot; Einstellung, ist cool und sehr elegant zugleich.  Hergestellt aus unserem neuen leichten Denim, der eine Webart hat, auf der die Richtung der Kette besser sichtbar ist. Das verleiht ihm mehr Charakter und einen markanteren Vintage-Effekt. Er ist perfekt zu vielen Hosen, R\u00f6cken oder Kleidern kombinierbar. Es ist ein interessantes St\u00fcck, um die \u00dcberlagerungen zu spielen.  Er senkte sich bequem.\" \/>\n<meta property=\"og:url\" content=\"https:\/\/happyhaus.fr\/de\/produkt\/le-blazer\/\" \/>\n<meta property=\"article:modified_time\" content=\"2026-04-01T13:30:18+00:00\" \/>\n<meta property=\"og:image\" content=\"https:\/\/happyhaus.fr\/wp-content\/uploads\/2026\/04\/Z1-1.jpg\" \/>\n\t<meta property=\"og:image:width\" content=\"1707\" \/>\n\t<meta property=\"og:image:height\" content=\"2560\" \/>\n\t<meta property=\"og:image:type\" content=\"image\/jpeg\" \/>\n<meta name=\"twitter:card\" content=\"summary_large_image\" \/>\n<meta name=\"twitter:label1\" content=\"Gesch\u00e4tzte Lesezeit\" \/>\n\t<meta name=\"twitter:data1\" content=\"1\u00a0Minute\" \/>\n<script type=\"application\/ld+json\" class=\"yoast-schema-graph\">{\"@context\":\"https:\/\/schema.org\",\"@graph\":[{\"@type\":\"WebPage\",\"@id\":\"https:\/\/happyhaus.fr\/de\/produkt\/le-blazer\/\",\"url\":\"https:\/\/happyhaus.fr\/de\/produkt\/le-blazer\/\",\"name\":\"LE BLAZER -\",\"isPartOf\":{\"@id\":\"https:\/\/happyhaus.fr\/#website\"},\"primaryImageOfPage\":{\"@id\":\"https:\/\/happyhaus.fr\/de\/produkt\/le-blazer\/#primaryimage\"},\"image\":{\"@id\":\"https:\/\/happyhaus.fr\/de\/produkt\/le-blazer\/#primaryimage\"},\"thumbnailUrl\":\"https:\/\/happyhaus.fr\/wp-content\/uploads\/2026\/04\/Z1-9.jpg\",\"datePublished\":\"2026-04-01T13:10:13+00:00\",\"dateModified\":\"2026-04-01T13:30:18+00:00\",\"breadcrumb\":{\"@id\":\"https:\/\/happyhaus.fr\/de\/produkt\/le-blazer\/#breadcrumb\"},\"inLanguage\":\"de\",\"potentialAction\":[{\"@type\":\"ReadAction\",\"target\":[\"https:\/\/happyhaus.fr\/de\/produkt\/le-blazer\/\"]}]},{\"@type\":\"ImageObject\",\"inLanguage\":\"de\",\"@id\":\"https:\/\/happyhaus.fr\/de\/produkt\/le-blazer\/#primaryimage\",\"url\":\"https:\/\/happyhaus.fr\/wp-content\/uploads\/2026\/04\/Z1-9.jpg\",\"contentUrl\":\"https:\/\/happyhaus.fr\/wp-content\/uploads\/2026\/04\/Z1-9.jpg\",\"width\":1707,\"height\":2560},{\"@type\":\"BreadcrumbList\",\"@id\":\"https:\/\/happyhaus.fr\/de\/produkt\/le-blazer\/#breadcrumb\",\"itemListElement\":[{\"@type\":\"ListItem\",\"position\":1,\"name\":\"Accueil\",\"item\":\"https:\/\/happyhaus.fr\/de\/\"},{\"@type\":\"ListItem\",\"position\":2,\"name\":\"Priv\u00e9\u00a0: Shop\",\"item\":\"https:\/\/happyhaus.fr\/?page_id=4438\"},{\"@type\":\"ListItem\",\"position\":3,\"name\":\"LE BLAZER\"}]},{\"@type\":\"WebSite\",\"@id\":\"https:\/\/happyhaus.fr\/#website\",\"url\":\"https:\/\/happyhaus.fr\/\",\"name\":\"\",\"description\":\"\",\"potentialAction\":[{\"@type\":\"SearchAction\",\"target\":{\"@type\":\"EntryPoint\",\"urlTemplate\":\"https:\/\/happyhaus.fr\/?s={search_term_string}\"},\"query-input\":\"required name=search_term_string\"}],\"inLanguage\":\"de\"}]}<\/script>\n<!-- \/ Yoast SEO plugin. -->","yoast_head_json":{"title":"LE BLAZER -","robots":{"index":"index","follow":"follow","max-snippet":"max-snippet:-1","max-image-preview":"max-image-preview:large","max-video-preview":"max-video-preview:-1"},"canonical":"https:\/\/happyhaus.fr\/de\/produkt\/le-blazer\/","og_locale":"de_DE","og_type":"article","og_title":"LE BLAZER -","og_description":"Unser BLAZER ist elegant und zeitlos. Der BLAZER hat einen weiten und geraden Schnitt, er bietet sch\u00f6ne Details: die Klappentaschen, die abgedeckten Kn\u00f6pfe. Der BLAZER hat eine \"m\u00e4nnlich-weibliche\" Einstellung, ist cool und sehr elegant zugleich.  Hergestellt aus unserem neuen leichten Denim, der eine Webart hat, auf der die Richtung der Kette besser sichtbar ist. Das verleiht ihm mehr Charakter und einen markanteren Vintage-Effekt. Er ist perfekt zu vielen Hosen, R\u00f6cken oder Kleidern kombinierbar. Es ist ein interessantes St\u00fcck, um die \u00dcberlagerungen zu spielen.  Er senkte sich bequem.","og_url":"https:\/\/happyhaus.fr\/de\/produkt\/le-blazer\/","article_modified_time":"2026-04-01T13:30:18+00:00","og_image":[{"width":1707,"height":2560,"url":"https:\/\/happyhaus.fr\/wp-content\/uploads\/2026\/04\/Z1-1.jpg","type":"image\/jpeg"}],"twitter_card":"summary_large_image","twitter_misc":{"Gesch\u00e4tzte Lesezeit":"1\u00a0Minute"},"schema":{"@context":"https:\/\/schema.org","@graph":[{"@type":"WebPage","@id":"https:\/\/happyhaus.fr\/de\/produkt\/le-blazer\/","url":"https:\/\/happyhaus.fr\/de\/produkt\/le-blazer\/","name":"LE BLAZER -","isPartOf":{"@id":"https:\/\/happyhaus.fr\/#website"},"primaryImageOfPage":{"@id":"https:\/\/happyhaus.fr\/de\/produkt\/le-blazer\/#primaryimage"},"image":{"@id":"https:\/\/happyhaus.fr\/de\/produkt\/le-blazer\/#primaryimage"},"thumbnailUrl":"https:\/\/happyhaus.fr\/wp-content\/uploads\/2026\/04\/Z1-9.jpg","datePublished":"2026-04-01T13:10:13+00:00","dateModified":"2026-04-01T13:30:18+00:00","breadcrumb":{"@id":"https:\/\/happyhaus.fr\/de\/produkt\/le-blazer\/#breadcrumb"},"inLanguage":"de","potentialAction":[{"@type":"ReadAction","target":["https:\/\/happyhaus.fr\/de\/produkt\/le-blazer\/"]}]},{"@type":"ImageObject","inLanguage":"de","@id":"https:\/\/happyhaus.fr\/de\/produkt\/le-blazer\/#primaryimage","url":"https:\/\/happyhaus.fr\/wp-content\/uploads\/2026\/04\/Z1-9.jpg","contentUrl":"https:\/\/happyhaus.fr\/wp-content\/uploads\/2026\/04\/Z1-9.jpg","width":1707,"height":2560},{"@type":"BreadcrumbList","@id":"https:\/\/happyhaus.fr\/de\/produkt\/le-blazer\/#breadcrumb","itemListElement":[{"@type":"ListItem","position":1,"name":"Accueil","item":"https:\/\/happyhaus.fr\/de\/"},{"@type":"ListItem","position":2,"name":"Priv\u00e9\u00a0: Shop","item":"https:\/\/happyhaus.fr\/?page_id=4438"},{"@type":"ListItem","position":3,"name":"LE BLAZER"}]},{"@type":"WebSite","@id":"https:\/\/happyhaus.fr\/#website","url":"https:\/\/happyhaus.fr\/","name":"","description":"","potentialAction":[{"@type":"SearchAction","target":{"@type":"EntryPoint","urlTemplate":"https:\/\/happyhaus.fr\/?s={search_term_string}"},"query-input":"required name=search_term_string"}],"inLanguage":"de"}]}},"_links":{"self":[{"href":"https:\/\/happyhaus.fr\/de\/wp-json\/wp\/v2\/product\/100324"}],"collection":[{"href":"https:\/\/happyhaus.fr\/de\/wp-json\/wp\/v2\/product"}],"about":[{"href":"https:\/\/happyhaus.fr\/de\/wp-json\/wp\/v2\/types\/product"}],"replies":[{"embeddable":true,"href":"https:\/\/happyhaus.fr\/de\/wp-json\/wp\/v2\/comments?post=100324"}],"wp:featuredmedia":[{"embeddable":true,"href":"https:\/\/happyhaus.fr\/de\/wp-json\/wp\/v2\/media\/100742"}],"wp:attachment":[{"href":"https:\/\/happyhaus.fr\/de\/wp-json\/wp\/v2\/media?parent=100324"}],"wp:term":[{"taxonomy":"product_cat","embeddable":true,"href":"https:\/\/happyhaus.fr\/de\/wp-json\/wp\/v2\/product_cat?post=100324"},{"taxonomy":"product_tag","embeddable":true,"href":"https:\/\/happyhaus.fr\/de\/wp-json\/wp\/v2\/product_tag?post=100324"}],"curies":[{"name":"wp","href":"https:\/\/api.w.org\/{rel}","templated":true}]}}