{"id":100284,"date":"2026-04-01T13:52:18","date_gmt":"2026-04-01T11:52:20","guid":{"rendered":"https:\/\/happyhaus.fr\/?post_type=product&#038;p=100284"},"modified":"2026-04-01T14:54:03","modified_gmt":"2026-04-01T12:54:03","slug":"la-jupe-culotte-xl","status":"publish","type":"product","link":"https:\/\/happyhaus.fr\/de\/produkt\/la-jupe-culotte-xl\/","title":{"rendered":"LA JUPE CULOTTE XL"},"content":{"rendered":"<ul>\n<li>Loser und flie\u00dfender Schnitt<\/li>\n<li>L\u00e4nge des Kn\u00f6chels<\/li>\n<li>Hohe Gr\u00f6\u00dfe<\/li>\n<li>Klemmen<\/li>\n<li>italienische Taschen vorne<\/li>\n<li>Gepolsterte Taschen hinten<\/li>\n<li>Gepolsterte Paonstickerei<\/li>\n<li>Gro\u00dfz\u00fcgiges Volumen, das einen Rock-Effekt erzeugt<\/li>\n<li>Knopf in Corozo<\/li>\n<li>Zip<\/li>\n<li>Tabakfarbene \u00dcberzieh<\/li>\n<li>Au\u00dfergew\u00f6hnlicher in Japan gewebter Denim<\/li>\n<li>100% Baumwolle<\/li>\n<\/ul>\n<p>Stoffherkunft: Japan<br \/>\nHergestellt in Tunesien<\/p>\n<p>&nbsp;<\/p>\n","protected":false},"excerpt":{"rendered":"<p>Unser JUPE CULOTTE XL hat eine feminine und moderne Linie. Mit seinem lockeren, flie\u00dfenden Schnitt und seiner hohen Taille betont er die Silhouette und bietet gleichzeitig einen gro\u00dfen Komfort. Das Volumen und die Kn\u00f6chell\u00e4nge geben die Illusion eines Rock, w\u00e4hrend die Bequemlichkeit einer breiten Hose erhalten bleibt.<\/p>\n<p>Sie zeigt sch\u00f6ne Details: Zange, die die Form strukturiert, italienische Taschen vorne und hintere Taschen, mit Pudern versehen und auf der R\u00fcckseite von unserem Paon gestickt, f\u00fcr ein raffiniertes Finish. Sein Verschluss kombiniert einen dezenten Rei\u00dfverschluss mit einem Corozo-Knopf, und G\u00fcrtelpassagen erm\u00f6glichen eine perfekte Anpassung des Teils.<\/p>\n<p>Sie ist aus einem au\u00dfergew\u00f6hnlichen Denim gefertigt, der in Japan gewebt ist, mit einer einzigartigen Handwerkskunst, die ihr diese Farbtiefe, dieses perfekte Outfit und diesen eleganten Look verleiht. Es ist ein au\u00dfergew\u00f6hnliches Gem\u00e4lde, sowohl authentisch als auch raffiniert.<\/p>\n<p>Sandy, die Gr\u00fcnderin von Happy Haus tr\u00e4gt Gr\u00f6\u00dfe 36 und ist 170 cm gro\u00df.<\/p>\n","protected":false},"featured_media":100313,"comment_status":"closed","ping_status":"closed","template":"","meta":{"_acf_changed":false},"product_cat":[312,231,313,235],"product_tag":[335],"acf":[],"yoast_head":"<!-- This site is optimized with the Yoast SEO plugin v22.6 - https:\/\/yoast.com\/wordpress\/plugins\/seo\/ -->\n<title>LA JUPE CULOTTE XL -<\/title>\n<meta name=\"robots\" content=\"index, follow, max-snippet:-1, max-image-preview:large, max-video-preview:-1\" \/>\n<link rel=\"canonical\" href=\"https:\/\/happyhaus.fr\/en\/produkt\/la-jupe-culotte-xl\/\" \/>\n<meta property=\"og:locale\" content=\"de_DE\" \/>\n<meta property=\"og:type\" content=\"article\" \/>\n<meta property=\"og:title\" content=\"LA JUPE CULOTTE XL -\" \/>\n<meta property=\"og:description\" content=\"Unser JUPE CULOTTE XL hat eine feminine und moderne Linie. Mit seinem lockeren, flie\u00dfenden Schnitt und seiner hohen Taille betont er die Silhouette und bietet gleichzeitig einen gro\u00dfen Komfort. Das Volumen und die Kn\u00f6chell\u00e4nge geben die Illusion eines Rock, w\u00e4hrend die Bequemlichkeit einer breiten Hose erhalten bleibt.  Sie zeigt sch\u00f6ne Details: Zange, die die Form strukturiert, italienische Taschen vorne und hintere Taschen, mit Pudern versehen und auf der R\u00fcckseite von unserem Paon gestickt, f\u00fcr ein raffiniertes Finish. Sein Verschluss kombiniert einen dezenten Rei\u00dfverschluss mit einem Corozo-Knopf, und G\u00fcrtelpassagen erm\u00f6glichen eine perfekte Anpassung des Teils.  Sie ist aus einem au\u00dfergew\u00f6hnlichen Denim gefertigt, der in Japan gewebt ist, mit einer einzigartigen Handwerkskunst, die ihr diese Farbtiefe, dieses perfekte Outfit und diesen eleganten Look verleiht. Es ist ein au\u00dfergew\u00f6hnliches Gem\u00e4lde, sowohl authentisch als auch raffiniert.  Sandy, die Gr\u00fcnderin von Happy Haus tr\u00e4gt Gr\u00f6\u00dfe 36 und ist 170 cm gro\u00df.\" \/>\n<meta property=\"og:url\" content=\"https:\/\/happyhaus.fr\/en\/produkt\/la-jupe-culotte-xl\/\" \/>\n<meta property=\"article:modified_time\" content=\"2026-04-01T12:54:03+00:00\" \/>\n<meta property=\"og:image\" content=\"https:\/\/happyhaus.fr\/wp-content\/uploads\/2026\/04\/Z1.jpg\" \/>\n\t<meta property=\"og:image:width\" content=\"1707\" \/>\n\t<meta property=\"og:image:height\" content=\"2560\" \/>\n\t<meta property=\"og:image:type\" content=\"image\/jpeg\" \/>\n<meta name=\"twitter:card\" content=\"summary_large_image\" \/>\n<meta name=\"twitter:label1\" content=\"Gesch\u00e4tzte Lesezeit\" \/>\n\t<meta name=\"twitter:data1\" content=\"1\u00a0Minute\" \/>\n<script type=\"application\/ld+json\" class=\"yoast-schema-graph\">{\"@context\":\"https:\/\/schema.org\",\"@graph\":[{\"@type\":\"WebPage\",\"@id\":\"https:\/\/happyhaus.fr\/en\/produkt\/la-jupe-culotte-xl\/\",\"url\":\"https:\/\/happyhaus.fr\/en\/produkt\/la-jupe-culotte-xl\/\",\"name\":\"LA JUPE CULOTTE XL -\",\"isPartOf\":{\"@id\":\"https:\/\/happyhaus.fr\/#website\"},\"primaryImageOfPage\":{\"@id\":\"https:\/\/happyhaus.fr\/en\/produkt\/la-jupe-culotte-xl\/#primaryimage\"},\"image\":{\"@id\":\"https:\/\/happyhaus.fr\/en\/produkt\/la-jupe-culotte-xl\/#primaryimage\"},\"thumbnailUrl\":\"https:\/\/happyhaus.fr\/wp-content\/uploads\/2026\/04\/Z1.jpg\",\"datePublished\":\"2026-04-01T11:52:20+00:00\",\"dateModified\":\"2026-04-01T12:54:03+00:00\",\"breadcrumb\":{\"@id\":\"https:\/\/happyhaus.fr\/en\/produkt\/la-jupe-culotte-xl\/#breadcrumb\"},\"inLanguage\":\"de\",\"potentialAction\":[{\"@type\":\"ReadAction\",\"target\":[\"https:\/\/happyhaus.fr\/en\/produkt\/la-jupe-culotte-xl\/\"]}]},{\"@type\":\"ImageObject\",\"inLanguage\":\"de\",\"@id\":\"https:\/\/happyhaus.fr\/en\/produkt\/la-jupe-culotte-xl\/#primaryimage\",\"url\":\"https:\/\/happyhaus.fr\/wp-content\/uploads\/2026\/04\/Z1.jpg\",\"contentUrl\":\"https:\/\/happyhaus.fr\/wp-content\/uploads\/2026\/04\/Z1.jpg\",\"width\":1707,\"height\":2560},{\"@type\":\"BreadcrumbList\",\"@id\":\"https:\/\/happyhaus.fr\/en\/produkt\/la-jupe-culotte-xl\/#breadcrumb\",\"itemListElement\":[{\"@type\":\"ListItem\",\"position\":1,\"name\":\"Accueil\",\"item\":\"https:\/\/happyhaus.fr\/de\/\"},{\"@type\":\"ListItem\",\"position\":2,\"name\":\"Priv\u00e9\u00a0: Shop\",\"item\":\"https:\/\/happyhaus.fr\/?page_id=4438\"},{\"@type\":\"ListItem\",\"position\":3,\"name\":\"LA JUPE CULOTTE XL\"}]},{\"@type\":\"WebSite\",\"@id\":\"https:\/\/happyhaus.fr\/#website\",\"url\":\"https:\/\/happyhaus.fr\/\",\"name\":\"\",\"description\":\"\",\"potentialAction\":[{\"@type\":\"SearchAction\",\"target\":{\"@type\":\"EntryPoint\",\"urlTemplate\":\"https:\/\/happyhaus.fr\/?s={search_term_string}\"},\"query-input\":\"required name=search_term_string\"}],\"inLanguage\":\"de\"}]}<\/script>\n<!-- \/ Yoast SEO plugin. -->","yoast_head_json":{"title":"LA JUPE CULOTTE XL -","robots":{"index":"index","follow":"follow","max-snippet":"max-snippet:-1","max-image-preview":"max-image-preview:large","max-video-preview":"max-video-preview:-1"},"canonical":"https:\/\/happyhaus.fr\/en\/produkt\/la-jupe-culotte-xl\/","og_locale":"de_DE","og_type":"article","og_title":"LA JUPE CULOTTE XL -","og_description":"Unser JUPE CULOTTE XL hat eine feminine und moderne Linie. Mit seinem lockeren, flie\u00dfenden Schnitt und seiner hohen Taille betont er die Silhouette und bietet gleichzeitig einen gro\u00dfen Komfort. Das Volumen und die Kn\u00f6chell\u00e4nge geben die Illusion eines Rock, w\u00e4hrend die Bequemlichkeit einer breiten Hose erhalten bleibt.  Sie zeigt sch\u00f6ne Details: Zange, die die Form strukturiert, italienische Taschen vorne und hintere Taschen, mit Pudern versehen und auf der R\u00fcckseite von unserem Paon gestickt, f\u00fcr ein raffiniertes Finish. Sein Verschluss kombiniert einen dezenten Rei\u00dfverschluss mit einem Corozo-Knopf, und G\u00fcrtelpassagen erm\u00f6glichen eine perfekte Anpassung des Teils.  Sie ist aus einem au\u00dfergew\u00f6hnlichen Denim gefertigt, der in Japan gewebt ist, mit einer einzigartigen Handwerkskunst, die ihr diese Farbtiefe, dieses perfekte Outfit und diesen eleganten Look verleiht. Es ist ein au\u00dfergew\u00f6hnliches Gem\u00e4lde, sowohl authentisch als auch raffiniert.  Sandy, die Gr\u00fcnderin von Happy Haus tr\u00e4gt Gr\u00f6\u00dfe 36 und ist 170 cm gro\u00df.","og_url":"https:\/\/happyhaus.fr\/en\/produkt\/la-jupe-culotte-xl\/","article_modified_time":"2026-04-01T12:54:03+00:00","og_image":[{"width":1707,"height":2560,"url":"https:\/\/happyhaus.fr\/wp-content\/uploads\/2026\/04\/Z1.jpg","type":"image\/jpeg"}],"twitter_card":"summary_large_image","twitter_misc":{"Gesch\u00e4tzte Lesezeit":"1\u00a0Minute"},"schema":{"@context":"https:\/\/schema.org","@graph":[{"@type":"WebPage","@id":"https:\/\/happyhaus.fr\/en\/produkt\/la-jupe-culotte-xl\/","url":"https:\/\/happyhaus.fr\/en\/produkt\/la-jupe-culotte-xl\/","name":"LA JUPE CULOTTE XL -","isPartOf":{"@id":"https:\/\/happyhaus.fr\/#website"},"primaryImageOfPage":{"@id":"https:\/\/happyhaus.fr\/en\/produkt\/la-jupe-culotte-xl\/#primaryimage"},"image":{"@id":"https:\/\/happyhaus.fr\/en\/produkt\/la-jupe-culotte-xl\/#primaryimage"},"thumbnailUrl":"https:\/\/happyhaus.fr\/wp-content\/uploads\/2026\/04\/Z1.jpg","datePublished":"2026-04-01T11:52:20+00:00","dateModified":"2026-04-01T12:54:03+00:00","breadcrumb":{"@id":"https:\/\/happyhaus.fr\/en\/produkt\/la-jupe-culotte-xl\/#breadcrumb"},"inLanguage":"de","potentialAction":[{"@type":"ReadAction","target":["https:\/\/happyhaus.fr\/en\/produkt\/la-jupe-culotte-xl\/"]}]},{"@type":"ImageObject","inLanguage":"de","@id":"https:\/\/happyhaus.fr\/en\/produkt\/la-jupe-culotte-xl\/#primaryimage","url":"https:\/\/happyhaus.fr\/wp-content\/uploads\/2026\/04\/Z1.jpg","contentUrl":"https:\/\/happyhaus.fr\/wp-content\/uploads\/2026\/04\/Z1.jpg","width":1707,"height":2560},{"@type":"BreadcrumbList","@id":"https:\/\/happyhaus.fr\/en\/produkt\/la-jupe-culotte-xl\/#breadcrumb","itemListElement":[{"@type":"ListItem","position":1,"name":"Accueil","item":"https:\/\/happyhaus.fr\/de\/"},{"@type":"ListItem","position":2,"name":"Priv\u00e9\u00a0: Shop","item":"https:\/\/happyhaus.fr\/?page_id=4438"},{"@type":"ListItem","position":3,"name":"LA JUPE CULOTTE XL"}]},{"@type":"WebSite","@id":"https:\/\/happyhaus.fr\/#website","url":"https:\/\/happyhaus.fr\/","name":"","description":"","potentialAction":[{"@type":"SearchAction","target":{"@type":"EntryPoint","urlTemplate":"https:\/\/happyhaus.fr\/?s={search_term_string}"},"query-input":"required name=search_term_string"}],"inLanguage":"de"}]}},"_links":{"self":[{"href":"https:\/\/happyhaus.fr\/de\/wp-json\/wp\/v2\/product\/100284"}],"collection":[{"href":"https:\/\/happyhaus.fr\/de\/wp-json\/wp\/v2\/product"}],"about":[{"href":"https:\/\/happyhaus.fr\/de\/wp-json\/wp\/v2\/types\/product"}],"replies":[{"embeddable":true,"href":"https:\/\/happyhaus.fr\/de\/wp-json\/wp\/v2\/comments?post=100284"}],"wp:featuredmedia":[{"embeddable":true,"href":"https:\/\/happyhaus.fr\/de\/wp-json\/wp\/v2\/media\/100313"}],"wp:attachment":[{"href":"https:\/\/happyhaus.fr\/de\/wp-json\/wp\/v2\/media?parent=100284"}],"wp:term":[{"taxonomy":"product_cat","embeddable":true,"href":"https:\/\/happyhaus.fr\/de\/wp-json\/wp\/v2\/product_cat?post=100284"},{"taxonomy":"product_tag","embeddable":true,"href":"https:\/\/happyhaus.fr\/de\/wp-json\/wp\/v2\/product_tag?post=100284"}],"curies":[{"name":"wp","href":"https:\/\/api.w.org\/{rel}","templated":true}]}}