{"id":100212,"date":"2026-03-25T14:47:57","date_gmt":"2026-03-25T13:47:59","guid":{"rendered":"https:\/\/happyhaus.fr\/?post_type=product&#038;p=100212"},"modified":"2026-03-25T15:37:24","modified_gmt":"2026-03-25T14:37:24","slug":"la-blouse-boheme-leinen-pink","status":"publish","type":"product","link":"https:\/\/happyhaus.fr\/de\/produkt\/la-blouse-boheme-leinen-pink\/","title":{"rendered":"LA BLOUSE BOH\u00c8ME"},"content":{"rendered":"<ul>\n<li>\u00dcbergro\u00dfer und gerader Schnitt<\/li>\n<li>V-Ausschnitt mit zu kn\u00fcpfenden Verbindungen<\/li>\n<li>3\/4-\u00c4rmel voll<\/li>\n<li>Eingeengte Oberfl\u00e4chen an den Handgelenken mit Verbindungen<\/li>\n<li>Kr\u00e4uselungen am Hals<\/li>\n<li>Stechen Sie den Ton an den Ton<\/li>\n<li>Gewebtes Etikett<\/li>\n<li>100% leinen<\/li>\n<\/ul>\n<p>Stoffherkunft: Italien<br \/>\nHergestellt in Tunesien<\/p>\n","protected":false},"excerpt":{"rendered":"<p>Unsere BOH\u00c8ME-BLUSE hat einen \u00fcbergro\u00dfen und geraden Schnitt, der eine flie\u00dfende und moderne Silhouette schafft, die im Alltag einfach zu tragen ist. Die Ausschnitte und die zu kn\u00fcpfenden B\u00e4nder verleihen einen subtilen b\u00f6hmischen Touch, w\u00e4hrend die leicht prallen 3\/4-\u00c4rmel den Look sanft strukturieren.<\/p>\n<p>Die Passform ist breit und bequem, f\u00fcr ein freies, nat\u00fcrliches und elegantes Tragen konzipiert, das einen au\u00dfergew\u00f6hnlichen 100% Leinen-Stoff hervorhebt, der den entscheidenden Unterschied macht.<\/p>\n<p>Seine Farbe &#8220;Pink Pale&#8221; ist frisch und hell<\/p>\n<p>Wir empfehlen Ihnen, Ihre \u00fcbliche Gr\u00f6\u00dfe zu nehmen.<\/p>\n","protected":false},"featured_media":100239,"comment_status":"closed","ping_status":"closed","template":"","meta":{"_acf_changed":false},"product_cat":[312,231,237,313],"product_tag":[335],"acf":[],"yoast_head":"<!-- This site is optimized with the Yoast SEO plugin v22.6 - https:\/\/yoast.com\/wordpress\/plugins\/seo\/ -->\n<title>LA BLOUSE BOH\u00c8ME -<\/title>\n<meta name=\"robots\" content=\"index, follow, max-snippet:-1, max-image-preview:large, max-video-preview:-1\" \/>\n<link rel=\"canonical\" href=\"https:\/\/happyhaus.fr\/de\/produkt\/la-blouse-boheme-leinen-pink\/\" \/>\n<meta property=\"og:locale\" content=\"de_DE\" \/>\n<meta property=\"og:type\" content=\"article\" \/>\n<meta property=\"og:title\" content=\"LA BLOUSE BOH\u00c8ME -\" \/>\n<meta property=\"og:description\" content=\"Unsere BOH\u00c8ME-BLUSE hat einen \u00fcbergro\u00dfen und geraden Schnitt, der eine flie\u00dfende und moderne Silhouette schafft, die im Alltag einfach zu tragen ist. Die Ausschnitte und die zu kn\u00fcpfenden B\u00e4nder verleihen einen subtilen b\u00f6hmischen Touch, w\u00e4hrend die leicht prallen 3\/4-\u00c4rmel den Look sanft strukturieren.  Die Passform ist breit und bequem, f\u00fcr ein freies, nat\u00fcrliches und elegantes Tragen konzipiert, das einen au\u00dfergew\u00f6hnlichen 100% Leinen-Stoff hervorhebt, der den entscheidenden Unterschied macht.  Seine Farbe &quot;Pink Pale&quot; ist frisch und hell  Wir empfehlen Ihnen, Ihre \u00fcbliche Gr\u00f6\u00dfe zu nehmen.\" \/>\n<meta property=\"og:url\" content=\"https:\/\/happyhaus.fr\/de\/produkt\/la-blouse-boheme-leinen-pink\/\" \/>\n<meta property=\"article:modified_time\" content=\"2026-03-25T14:37:24+00:00\" \/>\n<meta property=\"og:image\" content=\"https:\/\/happyhaus.fr\/wp-content\/uploads\/2026\/03\/Z1-8.jpg\" \/>\n\t<meta property=\"og:image:width\" content=\"1707\" \/>\n\t<meta property=\"og:image:height\" content=\"2560\" \/>\n\t<meta property=\"og:image:type\" content=\"image\/jpeg\" \/>\n<meta name=\"twitter:card\" content=\"summary_large_image\" \/>\n<meta name=\"twitter:label1\" content=\"Gesch\u00e4tzte Lesezeit\" \/>\n\t<meta name=\"twitter:data1\" content=\"1\u00a0Minute\" \/>\n<script type=\"application\/ld+json\" class=\"yoast-schema-graph\">{\"@context\":\"https:\/\/schema.org\",\"@graph\":[{\"@type\":\"WebPage\",\"@id\":\"https:\/\/happyhaus.fr\/de\/produkt\/la-blouse-boheme-leinen-pink\/\",\"url\":\"https:\/\/happyhaus.fr\/de\/produkt\/la-blouse-boheme-leinen-pink\/\",\"name\":\"LA BLOUSE BOH\u00c8ME -\",\"isPartOf\":{\"@id\":\"https:\/\/happyhaus.fr\/#website\"},\"primaryImageOfPage\":{\"@id\":\"https:\/\/happyhaus.fr\/de\/produkt\/la-blouse-boheme-leinen-pink\/#primaryimage\"},\"image\":{\"@id\":\"https:\/\/happyhaus.fr\/de\/produkt\/la-blouse-boheme-leinen-pink\/#primaryimage\"},\"thumbnailUrl\":\"https:\/\/happyhaus.fr\/wp-content\/uploads\/2026\/03\/Z1-8.jpg\",\"datePublished\":\"2026-03-25T13:47:59+00:00\",\"dateModified\":\"2026-03-25T14:37:24+00:00\",\"breadcrumb\":{\"@id\":\"https:\/\/happyhaus.fr\/de\/produkt\/la-blouse-boheme-leinen-pink\/#breadcrumb\"},\"inLanguage\":\"de\",\"potentialAction\":[{\"@type\":\"ReadAction\",\"target\":[\"https:\/\/happyhaus.fr\/de\/produkt\/la-blouse-boheme-leinen-pink\/\"]}]},{\"@type\":\"ImageObject\",\"inLanguage\":\"de\",\"@id\":\"https:\/\/happyhaus.fr\/de\/produkt\/la-blouse-boheme-leinen-pink\/#primaryimage\",\"url\":\"https:\/\/happyhaus.fr\/wp-content\/uploads\/2026\/03\/Z1-8.jpg\",\"contentUrl\":\"https:\/\/happyhaus.fr\/wp-content\/uploads\/2026\/03\/Z1-8.jpg\",\"width\":1707,\"height\":2560},{\"@type\":\"BreadcrumbList\",\"@id\":\"https:\/\/happyhaus.fr\/de\/produkt\/la-blouse-boheme-leinen-pink\/#breadcrumb\",\"itemListElement\":[{\"@type\":\"ListItem\",\"position\":1,\"name\":\"Accueil\",\"item\":\"https:\/\/happyhaus.fr\/de\/\"},{\"@type\":\"ListItem\",\"position\":2,\"name\":\"Priv\u00e9\u00a0: Shop\",\"item\":\"https:\/\/happyhaus.fr\/?page_id=4438\"},{\"@type\":\"ListItem\",\"position\":3,\"name\":\"LA BLOUSE BOH\u00c8ME\"}]},{\"@type\":\"WebSite\",\"@id\":\"https:\/\/happyhaus.fr\/#website\",\"url\":\"https:\/\/happyhaus.fr\/\",\"name\":\"\",\"description\":\"\",\"potentialAction\":[{\"@type\":\"SearchAction\",\"target\":{\"@type\":\"EntryPoint\",\"urlTemplate\":\"https:\/\/happyhaus.fr\/?s={search_term_string}\"},\"query-input\":\"required name=search_term_string\"}],\"inLanguage\":\"de\"}]}<\/script>\n<!-- \/ Yoast SEO plugin. -->","yoast_head_json":{"title":"LA BLOUSE BOH\u00c8ME -","robots":{"index":"index","follow":"follow","max-snippet":"max-snippet:-1","max-image-preview":"max-image-preview:large","max-video-preview":"max-video-preview:-1"},"canonical":"https:\/\/happyhaus.fr\/de\/produkt\/la-blouse-boheme-leinen-pink\/","og_locale":"de_DE","og_type":"article","og_title":"LA BLOUSE BOH\u00c8ME -","og_description":"Unsere BOH\u00c8ME-BLUSE hat einen \u00fcbergro\u00dfen und geraden Schnitt, der eine flie\u00dfende und moderne Silhouette schafft, die im Alltag einfach zu tragen ist. Die Ausschnitte und die zu kn\u00fcpfenden B\u00e4nder verleihen einen subtilen b\u00f6hmischen Touch, w\u00e4hrend die leicht prallen 3\/4-\u00c4rmel den Look sanft strukturieren.  Die Passform ist breit und bequem, f\u00fcr ein freies, nat\u00fcrliches und elegantes Tragen konzipiert, das einen au\u00dfergew\u00f6hnlichen 100% Leinen-Stoff hervorhebt, der den entscheidenden Unterschied macht.  Seine Farbe \"Pink Pale\" ist frisch und hell  Wir empfehlen Ihnen, Ihre \u00fcbliche Gr\u00f6\u00dfe zu nehmen.","og_url":"https:\/\/happyhaus.fr\/de\/produkt\/la-blouse-boheme-leinen-pink\/","article_modified_time":"2026-03-25T14:37:24+00:00","og_image":[{"width":1707,"height":2560,"url":"https:\/\/happyhaus.fr\/wp-content\/uploads\/2026\/03\/Z1-8.jpg","type":"image\/jpeg"}],"twitter_card":"summary_large_image","twitter_misc":{"Gesch\u00e4tzte Lesezeit":"1\u00a0Minute"},"schema":{"@context":"https:\/\/schema.org","@graph":[{"@type":"WebPage","@id":"https:\/\/happyhaus.fr\/de\/produkt\/la-blouse-boheme-leinen-pink\/","url":"https:\/\/happyhaus.fr\/de\/produkt\/la-blouse-boheme-leinen-pink\/","name":"LA BLOUSE BOH\u00c8ME -","isPartOf":{"@id":"https:\/\/happyhaus.fr\/#website"},"primaryImageOfPage":{"@id":"https:\/\/happyhaus.fr\/de\/produkt\/la-blouse-boheme-leinen-pink\/#primaryimage"},"image":{"@id":"https:\/\/happyhaus.fr\/de\/produkt\/la-blouse-boheme-leinen-pink\/#primaryimage"},"thumbnailUrl":"https:\/\/happyhaus.fr\/wp-content\/uploads\/2026\/03\/Z1-8.jpg","datePublished":"2026-03-25T13:47:59+00:00","dateModified":"2026-03-25T14:37:24+00:00","breadcrumb":{"@id":"https:\/\/happyhaus.fr\/de\/produkt\/la-blouse-boheme-leinen-pink\/#breadcrumb"},"inLanguage":"de","potentialAction":[{"@type":"ReadAction","target":["https:\/\/happyhaus.fr\/de\/produkt\/la-blouse-boheme-leinen-pink\/"]}]},{"@type":"ImageObject","inLanguage":"de","@id":"https:\/\/happyhaus.fr\/de\/produkt\/la-blouse-boheme-leinen-pink\/#primaryimage","url":"https:\/\/happyhaus.fr\/wp-content\/uploads\/2026\/03\/Z1-8.jpg","contentUrl":"https:\/\/happyhaus.fr\/wp-content\/uploads\/2026\/03\/Z1-8.jpg","width":1707,"height":2560},{"@type":"BreadcrumbList","@id":"https:\/\/happyhaus.fr\/de\/produkt\/la-blouse-boheme-leinen-pink\/#breadcrumb","itemListElement":[{"@type":"ListItem","position":1,"name":"Accueil","item":"https:\/\/happyhaus.fr\/de\/"},{"@type":"ListItem","position":2,"name":"Priv\u00e9\u00a0: Shop","item":"https:\/\/happyhaus.fr\/?page_id=4438"},{"@type":"ListItem","position":3,"name":"LA BLOUSE BOH\u00c8ME"}]},{"@type":"WebSite","@id":"https:\/\/happyhaus.fr\/#website","url":"https:\/\/happyhaus.fr\/","name":"","description":"","potentialAction":[{"@type":"SearchAction","target":{"@type":"EntryPoint","urlTemplate":"https:\/\/happyhaus.fr\/?s={search_term_string}"},"query-input":"required name=search_term_string"}],"inLanguage":"de"}]}},"_links":{"self":[{"href":"https:\/\/happyhaus.fr\/de\/wp-json\/wp\/v2\/product\/100212"}],"collection":[{"href":"https:\/\/happyhaus.fr\/de\/wp-json\/wp\/v2\/product"}],"about":[{"href":"https:\/\/happyhaus.fr\/de\/wp-json\/wp\/v2\/types\/product"}],"replies":[{"embeddable":true,"href":"https:\/\/happyhaus.fr\/de\/wp-json\/wp\/v2\/comments?post=100212"}],"wp:featuredmedia":[{"embeddable":true,"href":"https:\/\/happyhaus.fr\/de\/wp-json\/wp\/v2\/media\/100239"}],"wp:attachment":[{"href":"https:\/\/happyhaus.fr\/de\/wp-json\/wp\/v2\/media?parent=100212"}],"wp:term":[{"taxonomy":"product_cat","embeddable":true,"href":"https:\/\/happyhaus.fr\/de\/wp-json\/wp\/v2\/product_cat?post=100212"},{"taxonomy":"product_tag","embeddable":true,"href":"https:\/\/happyhaus.fr\/de\/wp-json\/wp\/v2\/product_tag?post=100212"}],"curies":[{"name":"wp","href":"https:\/\/api.w.org\/{rel}","templated":true}]}}