{"id":100144,"date":"2026-04-06T16:31:44","date_gmt":"2026-03-18T12:31:45","guid":{"rendered":"https:\/\/happyhaus.fr\/?post_type=product&#038;p=100144"},"modified":"2026-04-07T13:50:00","modified_gmt":"2026-04-07T11:50:00","slug":"la-veste-farrah-bleu-japonais","status":"publish","type":"product","link":"https:\/\/happyhaus.fr\/de\/produkt\/la-veste-farrah-bleu-japonais\/","title":{"rendered":"LA VESTE FARRAH"},"content":{"rendered":"<ul>\n<li>Leicht angepasster Schnitt und kurze L\u00e4nge<\/li>\n<li>Abgerundeter Hals<\/li>\n<li>Verschluss mit Kn\u00f6pfen aus Corozo vorne<\/li>\n<li>Zwei plattierte Taschen mit abgerundeten Aussparungen vorne<\/li>\n<li>Lange \u00c4rmel mit gekn\u00f6pften Handgelenken<\/li>\n<li>Sorgf\u00e4ltige Verarbeitung<\/li>\n<li>Gewebtes Etikett<\/li>\n<li>Au\u00dfergew\u00f6hnlicher Denim, gewebt in Japan<\/li>\n<li>100% Baumwolle<\/li>\n<\/ul>\n<p>Stoffherkunft: Japan<br \/>\nHergestellt in: Tunesien<\/p>\n","protected":false},"excerpt":{"rendered":"<p>Die FARRAH-Jacke interpretiert Denim mit modernem Touch. Sein leicht angepasster Schnitt und seine kurze L\u00e4nge strukturieren die Figur und sind gleichzeitig sehr bequem. Sein abgerundeter Kragen und die originalen Ausschnitttaschen verleihen ihm eine einzigartige Signatur. Er ist sowohl im Alltag als auch bei Gelegenheiten einfach zu tragen.<\/p>\n<p>Die FARRAH-Jacke ist aus au\u00dfergew\u00f6hnlichem 100% Baumwolldenim gefertigt, das in Japan gewebt wird. Dieser einzigartige Stoff besticht durch seine leuchtend-strahlend japanisch-blaue Waschung sowie durch seine gro\u00dfe Weichheit. Es bietet ein makelloses Outfit, bleibt jedoch geschmeidig und ist extrem angenehm zu tragen. Die Kn\u00f6pfe aus Corozo, einem nat\u00fcrlichen Material, vervollst\u00e4ndigen den Raum mit Eleganz und Authentizit\u00e4t.<\/p>\n<p>Die Gr\u00f6\u00dfe ist normal und das Volumen etwas locker. Wir empfehlen, die \u00fcbliche Gr\u00f6\u00dfe zu nehmen.<\/p>\n","protected":false},"featured_media":100172,"comment_status":"closed","ping_status":"closed","template":"","meta":{"_acf_changed":false},"product_cat":[312,231,238,313],"product_tag":[335],"acf":[],"yoast_head":"<!-- This site is optimized with the Yoast SEO plugin v22.6 - https:\/\/yoast.com\/wordpress\/plugins\/seo\/ -->\n<title>LA VESTE FARRAH -<\/title>\n<meta name=\"robots\" content=\"index, follow, max-snippet:-1, max-image-preview:large, max-video-preview:-1\" \/>\n<link rel=\"canonical\" href=\"https:\/\/happyhaus.fr\/de\/produkt\/la-veste-farrah-bleu-japonais\/\" \/>\n<meta property=\"og:locale\" content=\"de_DE\" \/>\n<meta property=\"og:type\" content=\"article\" \/>\n<meta property=\"og:title\" content=\"LA VESTE FARRAH -\" \/>\n<meta property=\"og:description\" content=\"Die FARRAH-Jacke interpretiert Denim mit modernem Touch. Sein leicht angepasster Schnitt und seine kurze L\u00e4nge strukturieren die Figur und sind gleichzeitig sehr bequem. Sein abgerundeter Kragen und die originalen Ausschnitttaschen verleihen ihm eine einzigartige Signatur. Er ist sowohl im Alltag als auch bei Gelegenheiten einfach zu tragen.  Die FARRAH-Jacke ist aus au\u00dfergew\u00f6hnlichem 100% Baumwolldenim gefertigt, das in Japan gewebt wird. Dieser einzigartige Stoff besticht durch seine leuchtend-strahlend japanisch-blaue Waschung sowie durch seine gro\u00dfe Weichheit. Es bietet ein makelloses Outfit, bleibt jedoch geschmeidig und ist extrem angenehm zu tragen. Die Kn\u00f6pfe aus Corozo, einem nat\u00fcrlichen Material, vervollst\u00e4ndigen den Raum mit Eleganz und Authentizit\u00e4t.  Die Gr\u00f6\u00dfe ist normal und das Volumen etwas locker. Wir empfehlen, die \u00fcbliche Gr\u00f6\u00dfe zu nehmen.\" \/>\n<meta property=\"og:url\" content=\"https:\/\/happyhaus.fr\/de\/produkt\/la-veste-farrah-bleu-japonais\/\" \/>\n<meta property=\"article:modified_time\" content=\"2026-04-07T11:50:00+00:00\" \/>\n<meta property=\"og:image\" content=\"https:\/\/happyhaus.fr\/wp-content\/uploads\/2026\/03\/Z1-6.jpg\" \/>\n\t<meta property=\"og:image:width\" content=\"1707\" \/>\n\t<meta property=\"og:image:height\" content=\"2560\" \/>\n\t<meta property=\"og:image:type\" content=\"image\/jpeg\" \/>\n<meta name=\"twitter:card\" content=\"summary_large_image\" \/>\n<meta name=\"twitter:label1\" content=\"Gesch\u00e4tzte Lesezeit\" \/>\n\t<meta name=\"twitter:data1\" content=\"1\u00a0Minute\" \/>\n<script type=\"application\/ld+json\" class=\"yoast-schema-graph\">{\"@context\":\"https:\/\/schema.org\",\"@graph\":[{\"@type\":\"WebPage\",\"@id\":\"https:\/\/happyhaus.fr\/de\/produkt\/la-veste-farrah-bleu-japonais\/\",\"url\":\"https:\/\/happyhaus.fr\/de\/produkt\/la-veste-farrah-bleu-japonais\/\",\"name\":\"LA VESTE FARRAH -\",\"isPartOf\":{\"@id\":\"https:\/\/happyhaus.fr\/#website\"},\"primaryImageOfPage\":{\"@id\":\"https:\/\/happyhaus.fr\/de\/produkt\/la-veste-farrah-bleu-japonais\/#primaryimage\"},\"image\":{\"@id\":\"https:\/\/happyhaus.fr\/de\/produkt\/la-veste-farrah-bleu-japonais\/#primaryimage\"},\"thumbnailUrl\":\"https:\/\/happyhaus.fr\/wp-content\/uploads\/2026\/03\/Z1-6.jpg\",\"datePublished\":\"2026-03-18T12:31:45+00:00\",\"dateModified\":\"2026-04-07T11:50:00+00:00\",\"breadcrumb\":{\"@id\":\"https:\/\/happyhaus.fr\/de\/produkt\/la-veste-farrah-bleu-japonais\/#breadcrumb\"},\"inLanguage\":\"de\",\"potentialAction\":[{\"@type\":\"ReadAction\",\"target\":[\"https:\/\/happyhaus.fr\/de\/produkt\/la-veste-farrah-bleu-japonais\/\"]}]},{\"@type\":\"ImageObject\",\"inLanguage\":\"de\",\"@id\":\"https:\/\/happyhaus.fr\/de\/produkt\/la-veste-farrah-bleu-japonais\/#primaryimage\",\"url\":\"https:\/\/happyhaus.fr\/wp-content\/uploads\/2026\/03\/Z1-6.jpg\",\"contentUrl\":\"https:\/\/happyhaus.fr\/wp-content\/uploads\/2026\/03\/Z1-6.jpg\",\"width\":1707,\"height\":2560},{\"@type\":\"BreadcrumbList\",\"@id\":\"https:\/\/happyhaus.fr\/de\/produkt\/la-veste-farrah-bleu-japonais\/#breadcrumb\",\"itemListElement\":[{\"@type\":\"ListItem\",\"position\":1,\"name\":\"Accueil\",\"item\":\"https:\/\/happyhaus.fr\/de\/\"},{\"@type\":\"ListItem\",\"position\":2,\"name\":\"Priv\u00e9\u00a0: Shop\",\"item\":\"https:\/\/happyhaus.fr\/?page_id=4438\"},{\"@type\":\"ListItem\",\"position\":3,\"name\":\"LA VESTE FARRAH\"}]},{\"@type\":\"WebSite\",\"@id\":\"https:\/\/happyhaus.fr\/#website\",\"url\":\"https:\/\/happyhaus.fr\/\",\"name\":\"\",\"description\":\"\",\"potentialAction\":[{\"@type\":\"SearchAction\",\"target\":{\"@type\":\"EntryPoint\",\"urlTemplate\":\"https:\/\/happyhaus.fr\/?s={search_term_string}\"},\"query-input\":\"required name=search_term_string\"}],\"inLanguage\":\"de\"}]}<\/script>\n<!-- \/ Yoast SEO plugin. -->","yoast_head_json":{"title":"LA VESTE FARRAH -","robots":{"index":"index","follow":"follow","max-snippet":"max-snippet:-1","max-image-preview":"max-image-preview:large","max-video-preview":"max-video-preview:-1"},"canonical":"https:\/\/happyhaus.fr\/de\/produkt\/la-veste-farrah-bleu-japonais\/","og_locale":"de_DE","og_type":"article","og_title":"LA VESTE FARRAH -","og_description":"Die FARRAH-Jacke interpretiert Denim mit modernem Touch. Sein leicht angepasster Schnitt und seine kurze L\u00e4nge strukturieren die Figur und sind gleichzeitig sehr bequem. Sein abgerundeter Kragen und die originalen Ausschnitttaschen verleihen ihm eine einzigartige Signatur. Er ist sowohl im Alltag als auch bei Gelegenheiten einfach zu tragen.  Die FARRAH-Jacke ist aus au\u00dfergew\u00f6hnlichem 100% Baumwolldenim gefertigt, das in Japan gewebt wird. Dieser einzigartige Stoff besticht durch seine leuchtend-strahlend japanisch-blaue Waschung sowie durch seine gro\u00dfe Weichheit. Es bietet ein makelloses Outfit, bleibt jedoch geschmeidig und ist extrem angenehm zu tragen. Die Kn\u00f6pfe aus Corozo, einem nat\u00fcrlichen Material, vervollst\u00e4ndigen den Raum mit Eleganz und Authentizit\u00e4t.  Die Gr\u00f6\u00dfe ist normal und das Volumen etwas locker. Wir empfehlen, die \u00fcbliche Gr\u00f6\u00dfe zu nehmen.","og_url":"https:\/\/happyhaus.fr\/de\/produkt\/la-veste-farrah-bleu-japonais\/","article_modified_time":"2026-04-07T11:50:00+00:00","og_image":[{"width":1707,"height":2560,"url":"https:\/\/happyhaus.fr\/wp-content\/uploads\/2026\/03\/Z1-6.jpg","type":"image\/jpeg"}],"twitter_card":"summary_large_image","twitter_misc":{"Gesch\u00e4tzte Lesezeit":"1\u00a0Minute"},"schema":{"@context":"https:\/\/schema.org","@graph":[{"@type":"WebPage","@id":"https:\/\/happyhaus.fr\/de\/produkt\/la-veste-farrah-bleu-japonais\/","url":"https:\/\/happyhaus.fr\/de\/produkt\/la-veste-farrah-bleu-japonais\/","name":"LA VESTE FARRAH -","isPartOf":{"@id":"https:\/\/happyhaus.fr\/#website"},"primaryImageOfPage":{"@id":"https:\/\/happyhaus.fr\/de\/produkt\/la-veste-farrah-bleu-japonais\/#primaryimage"},"image":{"@id":"https:\/\/happyhaus.fr\/de\/produkt\/la-veste-farrah-bleu-japonais\/#primaryimage"},"thumbnailUrl":"https:\/\/happyhaus.fr\/wp-content\/uploads\/2026\/03\/Z1-6.jpg","datePublished":"2026-03-18T12:31:45+00:00","dateModified":"2026-04-07T11:50:00+00:00","breadcrumb":{"@id":"https:\/\/happyhaus.fr\/de\/produkt\/la-veste-farrah-bleu-japonais\/#breadcrumb"},"inLanguage":"de","potentialAction":[{"@type":"ReadAction","target":["https:\/\/happyhaus.fr\/de\/produkt\/la-veste-farrah-bleu-japonais\/"]}]},{"@type":"ImageObject","inLanguage":"de","@id":"https:\/\/happyhaus.fr\/de\/produkt\/la-veste-farrah-bleu-japonais\/#primaryimage","url":"https:\/\/happyhaus.fr\/wp-content\/uploads\/2026\/03\/Z1-6.jpg","contentUrl":"https:\/\/happyhaus.fr\/wp-content\/uploads\/2026\/03\/Z1-6.jpg","width":1707,"height":2560},{"@type":"BreadcrumbList","@id":"https:\/\/happyhaus.fr\/de\/produkt\/la-veste-farrah-bleu-japonais\/#breadcrumb","itemListElement":[{"@type":"ListItem","position":1,"name":"Accueil","item":"https:\/\/happyhaus.fr\/de\/"},{"@type":"ListItem","position":2,"name":"Priv\u00e9\u00a0: Shop","item":"https:\/\/happyhaus.fr\/?page_id=4438"},{"@type":"ListItem","position":3,"name":"LA VESTE FARRAH"}]},{"@type":"WebSite","@id":"https:\/\/happyhaus.fr\/#website","url":"https:\/\/happyhaus.fr\/","name":"","description":"","potentialAction":[{"@type":"SearchAction","target":{"@type":"EntryPoint","urlTemplate":"https:\/\/happyhaus.fr\/?s={search_term_string}"},"query-input":"required name=search_term_string"}],"inLanguage":"de"}]}},"_links":{"self":[{"href":"https:\/\/happyhaus.fr\/de\/wp-json\/wp\/v2\/product\/100144"}],"collection":[{"href":"https:\/\/happyhaus.fr\/de\/wp-json\/wp\/v2\/product"}],"about":[{"href":"https:\/\/happyhaus.fr\/de\/wp-json\/wp\/v2\/types\/product"}],"replies":[{"embeddable":true,"href":"https:\/\/happyhaus.fr\/de\/wp-json\/wp\/v2\/comments?post=100144"}],"wp:featuredmedia":[{"embeddable":true,"href":"https:\/\/happyhaus.fr\/de\/wp-json\/wp\/v2\/media\/100172"}],"wp:attachment":[{"href":"https:\/\/happyhaus.fr\/de\/wp-json\/wp\/v2\/media?parent=100144"}],"wp:term":[{"taxonomy":"product_cat","embeddable":true,"href":"https:\/\/happyhaus.fr\/de\/wp-json\/wp\/v2\/product_cat?post=100144"},{"taxonomy":"product_tag","embeddable":true,"href":"https:\/\/happyhaus.fr\/de\/wp-json\/wp\/v2\/product_tag?post=100144"}],"curies":[{"name":"wp","href":"https:\/\/api.w.org\/{rel}","templated":true}]}}