{"id":100087,"date":"2026-03-18T12:02:54","date_gmt":"2026-03-18T11:02:57","guid":{"rendered":"https:\/\/happyhaus.fr\/?post_type=product&#038;p=100087"},"modified":"2026-04-07T15:14:05","modified_gmt":"2026-04-07T13:14:05","slug":"la-combinaison-trompe-loeil-denim-japonais","status":"publish","type":"product","link":"https:\/\/happyhaus.fr\/de\/produkt\/la-combinaison-trompe-loeil-denim-japonais\/","title":{"rendered":"La Combinaison TROMPE L&#8217;OEIL"},"content":{"rendered":"<ul>\n<li>Hemdkragen<\/li>\n<li>Vorderer versteckter Schnabel mit Kn\u00f6pfen aus Naturholz<\/li>\n<li>5 Taschen: an der Seite und hinten aufgesteckt<\/li>\n<li>Paarf\u00f6rmige Stickerei auf der R\u00fcckentasche<\/li>\n<li>Handgelenk mit Doppelfalz und Holzknopf<\/li>\n<li>Au\u00dfergew\u00f6hnlicher Denim, gewebt in Japan<\/li>\n<li>100% Baumwolle<\/li>\n<\/ul>\n<p>Stoffherkunft: Japan<br \/>\nHergestellt in Tunesien<\/p>\n","protected":false},"excerpt":{"rendered":"<p>Der COMBINAISON TROMPE L&#8217;\u0152IL ist ein St\u00fcck mit einzigartigem Charakter, gefertigt aus au\u00dfergew\u00f6hnlichem japanisch gewebtem Denim mit japanisch-blauer W\u00e4sche, hell und strahlend. Dieser au\u00dfergew\u00f6hnliche Stoff besticht durch seine Geschmeidigkeit, seinen makellosen Halt und seine sehr gro\u00dfe Weichheit.<\/p>\n<p>Sie erweckt den Eindruck, ein Hemd zu tragen, das perfekt in eine Hose eingefasst ist und eine elegante und entspannte Silhouette schafft. Der Schnitt zeichnet die Linien des K\u00f6rpers mit Pr\u00e4zision, bleibt aber bequem und einfach im t\u00e4glichen Gebrauch.<\/p>\n<p>Vielseitig, diese Kombination passt sich allen Ihren W\u00fcnschen an. Sie tr\u00e4gt sowohl in einer l\u00e4ssigen Version, die auf einem Tank-Top mit Turnschuhen aufliegt, als auch in einem schickeren Outfit, das mit einer Jacke und Boots kombiniert wird. Ein St\u00fcck, das entworfen wurde, um die Jahreszeiten mit Stil zu durchqueren.<\/p>\n<p>Sandy, die Gr\u00fcnderin von Happy Haus tr\u00e4gt Gr\u00f6\u00dfe 35 und ist 170cm gro\u00df.<\/p>\n","protected":false},"featured_media":100129,"comment_status":"open","ping_status":"closed","template":"","meta":{"_acf_changed":false},"product_cat":[312,231,234,313],"product_tag":[],"acf":[],"yoast_head":"<!-- This site is optimized with the Yoast SEO plugin v22.6 - https:\/\/yoast.com\/wordpress\/plugins\/seo\/ -->\n<title>La Combinaison TROMPE L&#039;OEIL -<\/title>\n<meta name=\"robots\" content=\"index, follow, max-snippet:-1, max-image-preview:large, max-video-preview:-1\" \/>\n<link rel=\"canonical\" href=\"https:\/\/happyhaus.fr\/de\/produkt\/la-combinaison-trompe-loeil-denim-japonais\/\" \/>\n<meta property=\"og:locale\" content=\"de_DE\" \/>\n<meta property=\"og:type\" content=\"article\" \/>\n<meta property=\"og:title\" content=\"La Combinaison TROMPE L&#039;OEIL -\" \/>\n<meta property=\"og:description\" content=\"Der COMBINAISON TROMPE L&#039;\u0152IL ist ein St\u00fcck mit einzigartigem Charakter, gefertigt aus au\u00dfergew\u00f6hnlichem japanisch gewebtem Denim mit japanisch-blauer W\u00e4sche, hell und strahlend. Dieser au\u00dfergew\u00f6hnliche Stoff besticht durch seine Geschmeidigkeit, seinen makellosen Halt und seine sehr gro\u00dfe Weichheit.  Sie erweckt den Eindruck, ein Hemd zu tragen, das perfekt in eine Hose eingefasst ist und eine elegante und entspannte Silhouette schafft. Der Schnitt zeichnet die Linien des K\u00f6rpers mit Pr\u00e4zision, bleibt aber bequem und einfach im t\u00e4glichen Gebrauch.  Vielseitig, diese Kombination passt sich allen Ihren W\u00fcnschen an. Sie tr\u00e4gt sowohl in einer l\u00e4ssigen Version, die auf einem Tank-Top mit Turnschuhen aufliegt, als auch in einem schickeren Outfit, das mit einer Jacke und Boots kombiniert wird. Ein St\u00fcck, das entworfen wurde, um die Jahreszeiten mit Stil zu durchqueren.  Sandy, die Gr\u00fcnderin von Happy Haus tr\u00e4gt Gr\u00f6\u00dfe 35 und ist 170cm gro\u00df.\" \/>\n<meta property=\"og:url\" content=\"https:\/\/happyhaus.fr\/de\/produkt\/la-combinaison-trompe-loeil-denim-japonais\/\" \/>\n<meta property=\"article:modified_time\" content=\"2026-04-07T13:14:05+00:00\" \/>\n<meta property=\"og:image\" content=\"https:\/\/happyhaus.fr\/wp-content\/uploads\/2026\/03\/Z1-5.jpg\" \/>\n\t<meta property=\"og:image:width\" content=\"1707\" \/>\n\t<meta property=\"og:image:height\" content=\"2560\" \/>\n\t<meta property=\"og:image:type\" content=\"image\/jpeg\" \/>\n<meta name=\"twitter:card\" content=\"summary_large_image\" \/>\n<meta name=\"twitter:label1\" content=\"Gesch\u00e4tzte Lesezeit\" \/>\n\t<meta name=\"twitter:data1\" content=\"1\u00a0Minute\" \/>\n<script type=\"application\/ld+json\" class=\"yoast-schema-graph\">{\"@context\":\"https:\/\/schema.org\",\"@graph\":[{\"@type\":\"WebPage\",\"@id\":\"https:\/\/happyhaus.fr\/de\/produkt\/la-combinaison-trompe-loeil-denim-japonais\/\",\"url\":\"https:\/\/happyhaus.fr\/de\/produkt\/la-combinaison-trompe-loeil-denim-japonais\/\",\"name\":\"La Combinaison TROMPE L'OEIL -\",\"isPartOf\":{\"@id\":\"https:\/\/happyhaus.fr\/#website\"},\"primaryImageOfPage\":{\"@id\":\"https:\/\/happyhaus.fr\/de\/produkt\/la-combinaison-trompe-loeil-denim-japonais\/#primaryimage\"},\"image\":{\"@id\":\"https:\/\/happyhaus.fr\/de\/produkt\/la-combinaison-trompe-loeil-denim-japonais\/#primaryimage\"},\"thumbnailUrl\":\"https:\/\/happyhaus.fr\/wp-content\/uploads\/2026\/03\/Z1-5.jpg\",\"datePublished\":\"2026-03-18T11:02:57+00:00\",\"dateModified\":\"2026-04-07T13:14:05+00:00\",\"breadcrumb\":{\"@id\":\"https:\/\/happyhaus.fr\/de\/produkt\/la-combinaison-trompe-loeil-denim-japonais\/#breadcrumb\"},\"inLanguage\":\"de\",\"potentialAction\":[{\"@type\":\"ReadAction\",\"target\":[\"https:\/\/happyhaus.fr\/de\/produkt\/la-combinaison-trompe-loeil-denim-japonais\/\"]}]},{\"@type\":\"ImageObject\",\"inLanguage\":\"de\",\"@id\":\"https:\/\/happyhaus.fr\/de\/produkt\/la-combinaison-trompe-loeil-denim-japonais\/#primaryimage\",\"url\":\"https:\/\/happyhaus.fr\/wp-content\/uploads\/2026\/03\/Z1-5.jpg\",\"contentUrl\":\"https:\/\/happyhaus.fr\/wp-content\/uploads\/2026\/03\/Z1-5.jpg\",\"width\":1707,\"height\":2560},{\"@type\":\"BreadcrumbList\",\"@id\":\"https:\/\/happyhaus.fr\/de\/produkt\/la-combinaison-trompe-loeil-denim-japonais\/#breadcrumb\",\"itemListElement\":[{\"@type\":\"ListItem\",\"position\":1,\"name\":\"Accueil\",\"item\":\"https:\/\/happyhaus.fr\/de\/\"},{\"@type\":\"ListItem\",\"position\":2,\"name\":\"Priv\u00e9\u00a0: Shop\",\"item\":\"https:\/\/happyhaus.fr\/?page_id=4438\"},{\"@type\":\"ListItem\",\"position\":3,\"name\":\"La Combinaison TROMPE L&#8217;OEIL\"}]},{\"@type\":\"WebSite\",\"@id\":\"https:\/\/happyhaus.fr\/#website\",\"url\":\"https:\/\/happyhaus.fr\/\",\"name\":\"\",\"description\":\"\",\"potentialAction\":[{\"@type\":\"SearchAction\",\"target\":{\"@type\":\"EntryPoint\",\"urlTemplate\":\"https:\/\/happyhaus.fr\/?s={search_term_string}\"},\"query-input\":\"required name=search_term_string\"}],\"inLanguage\":\"de\"}]}<\/script>\n<!-- \/ Yoast SEO plugin. -->","yoast_head_json":{"title":"La Combinaison TROMPE L'OEIL -","robots":{"index":"index","follow":"follow","max-snippet":"max-snippet:-1","max-image-preview":"max-image-preview:large","max-video-preview":"max-video-preview:-1"},"canonical":"https:\/\/happyhaus.fr\/de\/produkt\/la-combinaison-trompe-loeil-denim-japonais\/","og_locale":"de_DE","og_type":"article","og_title":"La Combinaison TROMPE L'OEIL -","og_description":"Der COMBINAISON TROMPE L'\u0152IL ist ein St\u00fcck mit einzigartigem Charakter, gefertigt aus au\u00dfergew\u00f6hnlichem japanisch gewebtem Denim mit japanisch-blauer W\u00e4sche, hell und strahlend. Dieser au\u00dfergew\u00f6hnliche Stoff besticht durch seine Geschmeidigkeit, seinen makellosen Halt und seine sehr gro\u00dfe Weichheit.  Sie erweckt den Eindruck, ein Hemd zu tragen, das perfekt in eine Hose eingefasst ist und eine elegante und entspannte Silhouette schafft. Der Schnitt zeichnet die Linien des K\u00f6rpers mit Pr\u00e4zision, bleibt aber bequem und einfach im t\u00e4glichen Gebrauch.  Vielseitig, diese Kombination passt sich allen Ihren W\u00fcnschen an. Sie tr\u00e4gt sowohl in einer l\u00e4ssigen Version, die auf einem Tank-Top mit Turnschuhen aufliegt, als auch in einem schickeren Outfit, das mit einer Jacke und Boots kombiniert wird. Ein St\u00fcck, das entworfen wurde, um die Jahreszeiten mit Stil zu durchqueren.  Sandy, die Gr\u00fcnderin von Happy Haus tr\u00e4gt Gr\u00f6\u00dfe 35 und ist 170cm gro\u00df.","og_url":"https:\/\/happyhaus.fr\/de\/produkt\/la-combinaison-trompe-loeil-denim-japonais\/","article_modified_time":"2026-04-07T13:14:05+00:00","og_image":[{"width":1707,"height":2560,"url":"https:\/\/happyhaus.fr\/wp-content\/uploads\/2026\/03\/Z1-5.jpg","type":"image\/jpeg"}],"twitter_card":"summary_large_image","twitter_misc":{"Gesch\u00e4tzte Lesezeit":"1\u00a0Minute"},"schema":{"@context":"https:\/\/schema.org","@graph":[{"@type":"WebPage","@id":"https:\/\/happyhaus.fr\/de\/produkt\/la-combinaison-trompe-loeil-denim-japonais\/","url":"https:\/\/happyhaus.fr\/de\/produkt\/la-combinaison-trompe-loeil-denim-japonais\/","name":"La Combinaison TROMPE L'OEIL -","isPartOf":{"@id":"https:\/\/happyhaus.fr\/#website"},"primaryImageOfPage":{"@id":"https:\/\/happyhaus.fr\/de\/produkt\/la-combinaison-trompe-loeil-denim-japonais\/#primaryimage"},"image":{"@id":"https:\/\/happyhaus.fr\/de\/produkt\/la-combinaison-trompe-loeil-denim-japonais\/#primaryimage"},"thumbnailUrl":"https:\/\/happyhaus.fr\/wp-content\/uploads\/2026\/03\/Z1-5.jpg","datePublished":"2026-03-18T11:02:57+00:00","dateModified":"2026-04-07T13:14:05+00:00","breadcrumb":{"@id":"https:\/\/happyhaus.fr\/de\/produkt\/la-combinaison-trompe-loeil-denim-japonais\/#breadcrumb"},"inLanguage":"de","potentialAction":[{"@type":"ReadAction","target":["https:\/\/happyhaus.fr\/de\/produkt\/la-combinaison-trompe-loeil-denim-japonais\/"]}]},{"@type":"ImageObject","inLanguage":"de","@id":"https:\/\/happyhaus.fr\/de\/produkt\/la-combinaison-trompe-loeil-denim-japonais\/#primaryimage","url":"https:\/\/happyhaus.fr\/wp-content\/uploads\/2026\/03\/Z1-5.jpg","contentUrl":"https:\/\/happyhaus.fr\/wp-content\/uploads\/2026\/03\/Z1-5.jpg","width":1707,"height":2560},{"@type":"BreadcrumbList","@id":"https:\/\/happyhaus.fr\/de\/produkt\/la-combinaison-trompe-loeil-denim-japonais\/#breadcrumb","itemListElement":[{"@type":"ListItem","position":1,"name":"Accueil","item":"https:\/\/happyhaus.fr\/de\/"},{"@type":"ListItem","position":2,"name":"Priv\u00e9\u00a0: Shop","item":"https:\/\/happyhaus.fr\/?page_id=4438"},{"@type":"ListItem","position":3,"name":"La Combinaison TROMPE L&#8217;OEIL"}]},{"@type":"WebSite","@id":"https:\/\/happyhaus.fr\/#website","url":"https:\/\/happyhaus.fr\/","name":"","description":"","potentialAction":[{"@type":"SearchAction","target":{"@type":"EntryPoint","urlTemplate":"https:\/\/happyhaus.fr\/?s={search_term_string}"},"query-input":"required name=search_term_string"}],"inLanguage":"de"}]}},"_links":{"self":[{"href":"https:\/\/happyhaus.fr\/de\/wp-json\/wp\/v2\/product\/100087"}],"collection":[{"href":"https:\/\/happyhaus.fr\/de\/wp-json\/wp\/v2\/product"}],"about":[{"href":"https:\/\/happyhaus.fr\/de\/wp-json\/wp\/v2\/types\/product"}],"replies":[{"embeddable":true,"href":"https:\/\/happyhaus.fr\/de\/wp-json\/wp\/v2\/comments?post=100087"}],"wp:featuredmedia":[{"embeddable":true,"href":"https:\/\/happyhaus.fr\/de\/wp-json\/wp\/v2\/media\/100129"}],"wp:attachment":[{"href":"https:\/\/happyhaus.fr\/de\/wp-json\/wp\/v2\/media?parent=100087"}],"wp:term":[{"taxonomy":"product_cat","embeddable":true,"href":"https:\/\/happyhaus.fr\/de\/wp-json\/wp\/v2\/product_cat?post=100087"},{"taxonomy":"product_tag","embeddable":true,"href":"https:\/\/happyhaus.fr\/de\/wp-json\/wp\/v2\/product_tag?post=100087"}],"curies":[{"name":"wp","href":"https:\/\/api.w.org\/{rel}","templated":true}]}}