{"id":100036,"date":"2026-03-17T13:00:44","date_gmt":"2026-03-17T12:00:45","guid":{"rendered":"https:\/\/happyhaus.fr\/?post_type=product&#038;p=100036"},"modified":"2026-04-07T14:44:36","modified_gmt":"2026-04-07T12:44:36","slug":"le-trench-coat-laine-lin","status":"publish","type":"product","link":"https:\/\/happyhaus.fr\/de\/produkt\/le-trench-coat-laine-lin\/","title":{"rendered":"LE TRENCH-COAT"},"content":{"rendered":"<ul>\n<li>Passgenauer und leicht ausgerissener Schnitt<\/li>\n<li>Breiter G\u00fcrtel<\/li>\n<li>Bedeckte Kn\u00f6pfe<\/li>\n<li>Stechen Sie Ihren Ton an Ihrem<\/li>\n<li>Bas-volet<\/li>\n<li>Spanngurte unten an den \u00c4rmeln<\/li>\n<li>Taschen im italienischen Stil<\/li>\n<li>Nicht verdoppelt<\/li>\n<li>Gewebtes Etikett<\/li>\n<li>Au\u00dfergew\u00f6hnlicher in Japan gewebter Stoff<\/li>\n<li>Edle Mischung aus Wolle und Leinen<\/li>\n<li>80% Wolle und 20% Leinen<\/li>\n<\/ul>\n<p>Stoffherkunft: Japan<br \/>\nHergestellt in Tunesien<\/p>\n","protected":false},"excerpt":{"rendered":"<p>Der TRENCH-COAT ist elegant und zeitlos. Er hat einen geraden und leicht ausgerissenen Schnitt, bietet sch\u00f6ne Details: die sorgf\u00e4ltigen Oberfl\u00e4chen, der breite G\u00fcrtel<br \/>\nund die bedeckten Kn\u00f6pfe<\/p>\n<p>Der TRENCH-COAT wird aus einem au\u00dfergew\u00f6hnlichen Stoff hergestellt, der in Japan gewebt ist und von einer Manufaktur stammt, die f\u00fcr die Qualit\u00e4t und Pr\u00e4zision ihrer Stoffe bekannt ist. Wolle sorgt f\u00fcr Weichheit und Halt, w\u00e4hrend Leinen Leichtigkeit und Authentizit\u00e4t verleiht.<\/p>\n<p>Die Gr\u00f6\u00dfe ist normal, wir empfehlen Ihnen, Ihre \u00fcbliche Gr\u00f6\u00dfe zu nehmen.<\/p>\n","protected":false},"featured_media":100066,"comment_status":"closed","ping_status":"closed","template":"","meta":{"_acf_changed":false},"product_cat":[312,231,238,313],"product_tag":[335],"acf":[],"yoast_head":"<!-- This site is optimized with the Yoast SEO plugin v22.6 - https:\/\/yoast.com\/wordpress\/plugins\/seo\/ -->\n<title>LE TRENCH-COAT -<\/title>\n<meta name=\"robots\" content=\"index, follow, max-snippet:-1, max-image-preview:large, max-video-preview:-1\" \/>\n<link rel=\"canonical\" href=\"https:\/\/happyhaus.fr\/en\/produkt\/le-trench-coat-laine-et-lin-japonais\/\" \/>\n<meta property=\"og:locale\" content=\"de_DE\" \/>\n<meta property=\"og:type\" content=\"article\" \/>\n<meta property=\"og:title\" content=\"LE TRENCH-COAT -\" \/>\n<meta property=\"og:description\" content=\"Der TRENCH-COAT ist elegant und zeitlos. Er hat einen geraden und leicht ausgerissenen Schnitt, bietet sch\u00f6ne Details: die sorgf\u00e4ltigen Oberfl\u00e4chen, der breite G\u00fcrtel und die bedeckten Kn\u00f6pfe  Der TRENCH-COAT wird aus einem au\u00dfergew\u00f6hnlichen Stoff hergestellt, der in Japan gewebt ist und von einer Manufaktur stammt, die f\u00fcr die Qualit\u00e4t und Pr\u00e4zision ihrer Stoffe bekannt ist. Wolle sorgt f\u00fcr Weichheit und Halt, w\u00e4hrend Leinen Leichtigkeit und Authentizit\u00e4t verleiht.  Die Gr\u00f6\u00dfe ist normal, wir empfehlen Ihnen, Ihre \u00fcbliche Gr\u00f6\u00dfe zu nehmen.\" \/>\n<meta property=\"og:url\" content=\"https:\/\/happyhaus.fr\/en\/produkt\/le-trench-coat-laine-et-lin-japonais\/\" \/>\n<meta property=\"article:modified_time\" content=\"2026-04-07T12:44:36+00:00\" \/>\n<meta property=\"og:image\" content=\"https:\/\/happyhaus.fr\/wp-content\/uploads\/2026\/03\/Z1-4.jpg\" \/>\n\t<meta property=\"og:image:width\" content=\"1707\" \/>\n\t<meta property=\"og:image:height\" content=\"2560\" \/>\n\t<meta property=\"og:image:type\" content=\"image\/jpeg\" \/>\n<meta name=\"twitter:card\" content=\"summary_large_image\" \/>\n<meta name=\"twitter:label1\" content=\"Gesch\u00e4tzte Lesezeit\" \/>\n\t<meta name=\"twitter:data1\" content=\"1\u00a0Minute\" \/>\n<script type=\"application\/ld+json\" class=\"yoast-schema-graph\">{\"@context\":\"https:\/\/schema.org\",\"@graph\":[{\"@type\":\"WebPage\",\"@id\":\"https:\/\/happyhaus.fr\/en\/produkt\/le-trench-coat-laine-et-lin-japonais\/\",\"url\":\"https:\/\/happyhaus.fr\/en\/produkt\/le-trench-coat-laine-et-lin-japonais\/\",\"name\":\"LE TRENCH-COAT -\",\"isPartOf\":{\"@id\":\"https:\/\/happyhaus.fr\/#website\"},\"primaryImageOfPage\":{\"@id\":\"https:\/\/happyhaus.fr\/en\/produkt\/le-trench-coat-laine-et-lin-japonais\/#primaryimage\"},\"image\":{\"@id\":\"https:\/\/happyhaus.fr\/en\/produkt\/le-trench-coat-laine-et-lin-japonais\/#primaryimage\"},\"thumbnailUrl\":\"https:\/\/happyhaus.fr\/wp-content\/uploads\/2026\/03\/Z1-4.jpg\",\"datePublished\":\"2026-03-17T12:00:45+00:00\",\"dateModified\":\"2026-04-07T12:44:36+00:00\",\"breadcrumb\":{\"@id\":\"https:\/\/happyhaus.fr\/en\/produkt\/le-trench-coat-laine-et-lin-japonais\/#breadcrumb\"},\"inLanguage\":\"de\",\"potentialAction\":[{\"@type\":\"ReadAction\",\"target\":[\"https:\/\/happyhaus.fr\/en\/produkt\/le-trench-coat-laine-et-lin-japonais\/\"]}]},{\"@type\":\"ImageObject\",\"inLanguage\":\"de\",\"@id\":\"https:\/\/happyhaus.fr\/en\/produkt\/le-trench-coat-laine-et-lin-japonais\/#primaryimage\",\"url\":\"https:\/\/happyhaus.fr\/wp-content\/uploads\/2026\/03\/Z1-4.jpg\",\"contentUrl\":\"https:\/\/happyhaus.fr\/wp-content\/uploads\/2026\/03\/Z1-4.jpg\",\"width\":1707,\"height\":2560},{\"@type\":\"BreadcrumbList\",\"@id\":\"https:\/\/happyhaus.fr\/en\/produkt\/le-trench-coat-laine-et-lin-japonais\/#breadcrumb\",\"itemListElement\":[{\"@type\":\"ListItem\",\"position\":1,\"name\":\"Accueil\",\"item\":\"https:\/\/happyhaus.fr\/de\/\"},{\"@type\":\"ListItem\",\"position\":2,\"name\":\"Priv\u00e9\u00a0: Shop\",\"item\":\"https:\/\/happyhaus.fr\/?page_id=4438\"},{\"@type\":\"ListItem\",\"position\":3,\"name\":\"LE TRENCH-COAT\"}]},{\"@type\":\"WebSite\",\"@id\":\"https:\/\/happyhaus.fr\/#website\",\"url\":\"https:\/\/happyhaus.fr\/\",\"name\":\"\",\"description\":\"\",\"potentialAction\":[{\"@type\":\"SearchAction\",\"target\":{\"@type\":\"EntryPoint\",\"urlTemplate\":\"https:\/\/happyhaus.fr\/?s={search_term_string}\"},\"query-input\":\"required name=search_term_string\"}],\"inLanguage\":\"de\"}]}<\/script>\n<!-- \/ Yoast SEO plugin. -->","yoast_head_json":{"title":"LE TRENCH-COAT -","robots":{"index":"index","follow":"follow","max-snippet":"max-snippet:-1","max-image-preview":"max-image-preview:large","max-video-preview":"max-video-preview:-1"},"canonical":"https:\/\/happyhaus.fr\/en\/produkt\/le-trench-coat-laine-et-lin-japonais\/","og_locale":"de_DE","og_type":"article","og_title":"LE TRENCH-COAT -","og_description":"Der TRENCH-COAT ist elegant und zeitlos. Er hat einen geraden und leicht ausgerissenen Schnitt, bietet sch\u00f6ne Details: die sorgf\u00e4ltigen Oberfl\u00e4chen, der breite G\u00fcrtel und die bedeckten Kn\u00f6pfe  Der TRENCH-COAT wird aus einem au\u00dfergew\u00f6hnlichen Stoff hergestellt, der in Japan gewebt ist und von einer Manufaktur stammt, die f\u00fcr die Qualit\u00e4t und Pr\u00e4zision ihrer Stoffe bekannt ist. Wolle sorgt f\u00fcr Weichheit und Halt, w\u00e4hrend Leinen Leichtigkeit und Authentizit\u00e4t verleiht.  Die Gr\u00f6\u00dfe ist normal, wir empfehlen Ihnen, Ihre \u00fcbliche Gr\u00f6\u00dfe zu nehmen.","og_url":"https:\/\/happyhaus.fr\/en\/produkt\/le-trench-coat-laine-et-lin-japonais\/","article_modified_time":"2026-04-07T12:44:36+00:00","og_image":[{"width":1707,"height":2560,"url":"https:\/\/happyhaus.fr\/wp-content\/uploads\/2026\/03\/Z1-4.jpg","type":"image\/jpeg"}],"twitter_card":"summary_large_image","twitter_misc":{"Gesch\u00e4tzte Lesezeit":"1\u00a0Minute"},"schema":{"@context":"https:\/\/schema.org","@graph":[{"@type":"WebPage","@id":"https:\/\/happyhaus.fr\/en\/produkt\/le-trench-coat-laine-et-lin-japonais\/","url":"https:\/\/happyhaus.fr\/en\/produkt\/le-trench-coat-laine-et-lin-japonais\/","name":"LE TRENCH-COAT -","isPartOf":{"@id":"https:\/\/happyhaus.fr\/#website"},"primaryImageOfPage":{"@id":"https:\/\/happyhaus.fr\/en\/produkt\/le-trench-coat-laine-et-lin-japonais\/#primaryimage"},"image":{"@id":"https:\/\/happyhaus.fr\/en\/produkt\/le-trench-coat-laine-et-lin-japonais\/#primaryimage"},"thumbnailUrl":"https:\/\/happyhaus.fr\/wp-content\/uploads\/2026\/03\/Z1-4.jpg","datePublished":"2026-03-17T12:00:45+00:00","dateModified":"2026-04-07T12:44:36+00:00","breadcrumb":{"@id":"https:\/\/happyhaus.fr\/en\/produkt\/le-trench-coat-laine-et-lin-japonais\/#breadcrumb"},"inLanguage":"de","potentialAction":[{"@type":"ReadAction","target":["https:\/\/happyhaus.fr\/en\/produkt\/le-trench-coat-laine-et-lin-japonais\/"]}]},{"@type":"ImageObject","inLanguage":"de","@id":"https:\/\/happyhaus.fr\/en\/produkt\/le-trench-coat-laine-et-lin-japonais\/#primaryimage","url":"https:\/\/happyhaus.fr\/wp-content\/uploads\/2026\/03\/Z1-4.jpg","contentUrl":"https:\/\/happyhaus.fr\/wp-content\/uploads\/2026\/03\/Z1-4.jpg","width":1707,"height":2560},{"@type":"BreadcrumbList","@id":"https:\/\/happyhaus.fr\/en\/produkt\/le-trench-coat-laine-et-lin-japonais\/#breadcrumb","itemListElement":[{"@type":"ListItem","position":1,"name":"Accueil","item":"https:\/\/happyhaus.fr\/de\/"},{"@type":"ListItem","position":2,"name":"Priv\u00e9\u00a0: Shop","item":"https:\/\/happyhaus.fr\/?page_id=4438"},{"@type":"ListItem","position":3,"name":"LE TRENCH-COAT"}]},{"@type":"WebSite","@id":"https:\/\/happyhaus.fr\/#website","url":"https:\/\/happyhaus.fr\/","name":"","description":"","potentialAction":[{"@type":"SearchAction","target":{"@type":"EntryPoint","urlTemplate":"https:\/\/happyhaus.fr\/?s={search_term_string}"},"query-input":"required name=search_term_string"}],"inLanguage":"de"}]}},"_links":{"self":[{"href":"https:\/\/happyhaus.fr\/de\/wp-json\/wp\/v2\/product\/100036"}],"collection":[{"href":"https:\/\/happyhaus.fr\/de\/wp-json\/wp\/v2\/product"}],"about":[{"href":"https:\/\/happyhaus.fr\/de\/wp-json\/wp\/v2\/types\/product"}],"replies":[{"embeddable":true,"href":"https:\/\/happyhaus.fr\/de\/wp-json\/wp\/v2\/comments?post=100036"}],"wp:featuredmedia":[{"embeddable":true,"href":"https:\/\/happyhaus.fr\/de\/wp-json\/wp\/v2\/media\/100066"}],"wp:attachment":[{"href":"https:\/\/happyhaus.fr\/de\/wp-json\/wp\/v2\/media?parent=100036"}],"wp:term":[{"taxonomy":"product_cat","embeddable":true,"href":"https:\/\/happyhaus.fr\/de\/wp-json\/wp\/v2\/product_cat?post=100036"},{"taxonomy":"product_tag","embeddable":true,"href":"https:\/\/happyhaus.fr\/de\/wp-json\/wp\/v2\/product_tag?post=100036"}],"curies":[{"name":"wp","href":"https:\/\/api.w.org\/{rel}","templated":true}]}}