{"id":47180,"date":"2022-02-03T17:01:58","date_gmt":"2022-02-03T16:01:58","guid":{"rendered":"https:\/\/happyhaus.fr\/?page_id=47180"},"modified":"2022-02-15T16:28:28","modified_gmt":"2022-02-15T15:28:28","slug":"unsere-geschichte","status":"publish","type":"page","link":"https:\/\/happyhaus.fr\/de\/unsere-geschichte\/","title":{"rendered":"Unsere Geschichte"},"content":{"rendered":"[vc_row et_full_width=&#8221;true&#8221; et_row_padding=&#8221;true&#8221; equal_height=&#8221;yes&#8221; css=&#8221;.vc_custom_1643726149253{margin-bottom: 15px !important;}&#8221;][vc_column][vc_single_image image=&#8221;47058&#8243; img_size=&#8221;full&#8221; alignment=&#8221;center&#8221; animation=&#8221;animation fade-in&#8221;][\/vc_column][\/vc_row][vc_row][vc_column][vc_column_text]\n<h1 style=\"text-align: center;\">Unsere Geschichte<\/h1>\n<p>Mein gr\u00f6\u00dftes Engagement f\u00fcr den Planeten besteht darin, Kleidung zu kreieren, die so lange wie m\u00f6glich getragen werden kann. Kleidung, die einem nie langweilig wird, die man immer wieder gerne tr\u00e4gt, die gut altert und mit der Zeit immer sch\u00f6ner wird. Deshalb wollte ich bei der Vorstellung von HAPPY HAUS zuerst einen Stil vorschlagen und nicht versuchen, modisch zu sein, denn Mode kommt so schnell aus der Mode, wie sie kreiert wird, und treibt uns dazu, zu konsumieren, ohne zu wissen, was Sie wollen, was Sie sind.[\/vc_column_text][vc_empty_space height=&#8221;64px&#8221;][\/vc_column][\/vc_row][vc_row content_placement=&#8221;middle&#8221;][vc_column width=&#8221;1\/2&#8243;][vc_column_text el_class=&#8221;home-bloc&#8221;]\n<h2 style=\"text-align: left;\">EIN<br \/>\nFRAUEN<\/h2>\n<p style=\"text-align: justify;\">&#8220;Vor 15 Jahren verlie\u00df ich Frankfurt in Deutschland, um mit meinem Traum, eines Tages eine Marke zu kreieren, die wirklich zu mir passt, nach Paris zu kommen.<\/p>\n<p style=\"text-align: justify;\">Nach meinem Studium an der ESMOD machte ich meine ersten Schritte als Designer an der Seite von Jean-Charles de Castelbajac, bevor ich mehr kommerzielle Mode entdeckte.Ich wollte all diese Erfahrungen nutzen und frei von all diesen Zw\u00e4ngen, indem ich heute eine Garderobe anbiete, die sich selbst befreit von den Jahreszeiten, von den Rhythmen der Kollektionen, um Kleidung anzubieten, die man immer tragen kann und die Freude hat, sie altern zu sehen.<\/p>\n<p style=\"text-align: justify;\">Und da ich es mein ganzes Leben lang, meine ganze Kindheit lang, mit dem Bewusstsein meiner Umwelt und der Forderung, sie zu respektieren, gelebt habe, war es f\u00fcr mich selbstverst\u00e4ndlich, fast zwingend, heute eine \u201e\u00f6ko-verantwortliche\u201c Kollektion vorzuschlagen Lieferanten w\u00fcrden mir dabei helfen, diese Geschichte zu erz\u00e4hlen, indem sie dieselben Anforderungen und dieselben Werte teilen. \u00bb<\/p>\n[\/vc_column_text][\/vc_column][vc_column width=&#8221;1\/2&#8243; css=&#8221;.vc_custom_1625581795940{padding-right: 40px !important;padding-left: 40px !important;}&#8221;][vc_single_image image=&#8221;47055&#8243; img_size=&#8221;full&#8221;][vc_empty_space][\/vc_column][\/vc_row][vc_row content_placement=&#8221;middle&#8221;][vc_column width=&#8221;1\/2&#8243;][vc_single_image image=&#8221;47061&#8243; img_size=&#8221;full&#8221;][vc_empty_space][\/vc_column][vc_column width=&#8221;1\/2&#8243; css=&#8221;.vc_custom_1625581795940{padding-right: 40px !important;padding-left: 40px !important;}&#8221;][vc_column_text el_class=&#8221;home-bloc&#8221;]\n<h2 style=\"text-align: left;\">EIN<br \/>\nFAMILIE<\/h2>\n<p style=\"text-align: justify;\">Mein gr\u00f6\u00dftes Engagement f\u00fcr den Planeten besteht darin, Kleidung zu kreieren, die so lange wie m\u00f6glich getragen werden kann. Kleidung, die einem nie langweilig wird, die man immer wieder gerne tr\u00e4gt, die gut altert und mit der Zeit immer sch\u00f6ner wird. Deshalb wollte ich bei der Vorstellung von HAPPY HAUS zuerst einen Stil vorschlagen und nicht versuchen, modisch zu sein.<\/p>\n<p style=\"text-align: justify;\">Ich wollte eine Garderobe anbieten, die das ganze Jahr \u00fcber getragen werden kann, um einige Modelle herum, bewusst wenige, lange durchdacht, damit sie offensichtlich sind und meinem Engagement entsprechen.<\/p>\n<p style=\"text-align: justify;\">Ich bin kein Aktivist, ich bin nicht perfekt, noch weniger vorbildlich, aber ich versuche mein Bestes zu geben, indem ich nach Lieferanten suche, die meine Werte teilen, die GOTS- und Greenpeace-zertifizierten Denim herstellen, Holzkn\u00f6pfe oder Steinnuss oder so Sie weben extra f\u00fcr uns wundersch\u00f6ne Bio-Baumwolle<br \/>\noder Tencel, dieser unglaublich weiche Stoff wie Seide aus Holz.<\/p>\n<p>Toutes ces femmes et tous ces hommes sont la HAPPY FAMILY.[\/vc_column_text][\/vc_column][\/vc_row][vc_row][vc_column][vc_empty_space height=&#8221;64px&#8221;][\/vc_column][\/vc_row]\n","protected":false},"excerpt":{"rendered":"<p>[vc_row et_full_width=&#8221;true&#8221; et_row_padding=&#8221;true&#8221; equal_height=&#8221;yes&#8221; css=&#8221;.vc_custom_1643726149253{margin-bottom: 15px !important;}&#8221;][vc_column][vc_single_image image=&#8221;47058&#8243; img_size=&#8221;full&#8221; alignment=&#8221;center&#8221; animation=&#8221;animation fade-in&#8221;][\/vc_column][\/vc_row][vc_row][vc_column][vc_column_text] Unsere Geschichte Mein gr\u00f6\u00dftes Engagement f\u00fcr den Planeten besteht darin, Kleidung zu kreieren, die so lange wie m\u00f6glich getragen werden kann. Kleidung, die einem nie langweilig wird, die man immer wieder gerne tr\u00e4gt, die gut altert und mit&hellip;<\/p>\n","protected":false},"author":3,"featured_media":0,"parent":0,"menu_order":0,"comment_status":"closed","ping_status":"closed","template":"","meta":{"_acf_changed":false,"footnotes":""},"acf":[],"yoast_head":"<!-- This site is optimized with the Yoast SEO plugin v22.6 - https:\/\/yoast.com\/wordpress\/plugins\/seo\/ -->\n<title>Unsere Geschichte -<\/title>\n<meta name=\"description\" content=\"Unsere Geschichte\" \/>\n<meta name=\"robots\" content=\"index, follow, max-snippet:-1, max-image-preview:large, max-video-preview:-1\" \/>\n<link rel=\"canonical\" href=\"https:\/\/happyhaus.fr\/de\/unsere-geschichte\/\" \/>\n<meta property=\"og:locale\" content=\"de_DE\" \/>\n<meta property=\"og:type\" content=\"article\" \/>\n<meta property=\"og:title\" content=\"Unsere Geschichte -\" \/>\n<meta property=\"og:description\" content=\"Unsere Geschichte\" \/>\n<meta property=\"og:url\" content=\"https:\/\/happyhaus.fr\/de\/unsere-geschichte\/\" \/>\n<meta property=\"article:modified_time\" content=\"2022-02-15T15:28:28+00:00\" \/>\n<meta name=\"twitter:card\" content=\"summary_large_image\" \/>\n<meta name=\"twitter:label1\" content=\"Gesch\u00e4tzte Lesezeit\" \/>\n\t<meta name=\"twitter:data1\" content=\"3\u00a0Minuten\" \/>\n<script type=\"application\/ld+json\" class=\"yoast-schema-graph\">{\"@context\":\"https:\/\/schema.org\",\"@graph\":[{\"@type\":\"WebPage\",\"@id\":\"https:\/\/happyhaus.fr\/de\/unsere-geschichte\/\",\"url\":\"https:\/\/happyhaus.fr\/de\/unsere-geschichte\/\",\"name\":\"Unsere Geschichte -\",\"isPartOf\":{\"@id\":\"https:\/\/happyhaus.fr\/#website\"},\"datePublished\":\"2022-02-03T16:01:58+00:00\",\"dateModified\":\"2022-02-15T15:28:28+00:00\",\"description\":\"Unsere Geschichte\",\"breadcrumb\":{\"@id\":\"https:\/\/happyhaus.fr\/de\/unsere-geschichte\/#breadcrumb\"},\"inLanguage\":\"de\",\"potentialAction\":[{\"@type\":\"ReadAction\",\"target\":[\"https:\/\/happyhaus.fr\/de\/unsere-geschichte\/\"]}]},{\"@type\":\"BreadcrumbList\",\"@id\":\"https:\/\/happyhaus.fr\/de\/unsere-geschichte\/#breadcrumb\",\"itemListElement\":[{\"@type\":\"ListItem\",\"position\":1,\"name\":\"Accueil\",\"item\":\"https:\/\/happyhaus.fr\/de\/\"},{\"@type\":\"ListItem\",\"position\":2,\"name\":\"Unsere Geschichte\"}]},{\"@type\":\"WebSite\",\"@id\":\"https:\/\/happyhaus.fr\/#website\",\"url\":\"https:\/\/happyhaus.fr\/\",\"name\":\"\",\"description\":\"\",\"potentialAction\":[{\"@type\":\"SearchAction\",\"target\":{\"@type\":\"EntryPoint\",\"urlTemplate\":\"https:\/\/happyhaus.fr\/?s={search_term_string}\"},\"query-input\":\"required name=search_term_string\"}],\"inLanguage\":\"de\"}]}<\/script>\n<!-- \/ Yoast SEO plugin. -->","yoast_head_json":{"title":"Unsere Geschichte -","description":"Unsere Geschichte","robots":{"index":"index","follow":"follow","max-snippet":"max-snippet:-1","max-image-preview":"max-image-preview:large","max-video-preview":"max-video-preview:-1"},"canonical":"https:\/\/happyhaus.fr\/de\/unsere-geschichte\/","og_locale":"de_DE","og_type":"article","og_title":"Unsere Geschichte -","og_description":"Unsere Geschichte","og_url":"https:\/\/happyhaus.fr\/de\/unsere-geschichte\/","article_modified_time":"2022-02-15T15:28:28+00:00","twitter_card":"summary_large_image","twitter_misc":{"Gesch\u00e4tzte Lesezeit":"3\u00a0Minuten"},"schema":{"@context":"https:\/\/schema.org","@graph":[{"@type":"WebPage","@id":"https:\/\/happyhaus.fr\/de\/unsere-geschichte\/","url":"https:\/\/happyhaus.fr\/de\/unsere-geschichte\/","name":"Unsere Geschichte -","isPartOf":{"@id":"https:\/\/happyhaus.fr\/#website"},"datePublished":"2022-02-03T16:01:58+00:00","dateModified":"2022-02-15T15:28:28+00:00","description":"Unsere Geschichte","breadcrumb":{"@id":"https:\/\/happyhaus.fr\/de\/unsere-geschichte\/#breadcrumb"},"inLanguage":"de","potentialAction":[{"@type":"ReadAction","target":["https:\/\/happyhaus.fr\/de\/unsere-geschichte\/"]}]},{"@type":"BreadcrumbList","@id":"https:\/\/happyhaus.fr\/de\/unsere-geschichte\/#breadcrumb","itemListElement":[{"@type":"ListItem","position":1,"name":"Accueil","item":"https:\/\/happyhaus.fr\/de\/"},{"@type":"ListItem","position":2,"name":"Unsere Geschichte"}]},{"@type":"WebSite","@id":"https:\/\/happyhaus.fr\/#website","url":"https:\/\/happyhaus.fr\/","name":"","description":"","potentialAction":[{"@type":"SearchAction","target":{"@type":"EntryPoint","urlTemplate":"https:\/\/happyhaus.fr\/?s={search_term_string}"},"query-input":"required name=search_term_string"}],"inLanguage":"de"}]}},"_links":{"self":[{"href":"https:\/\/happyhaus.fr\/de\/wp-json\/wp\/v2\/pages\/47180"}],"collection":[{"href":"https:\/\/happyhaus.fr\/de\/wp-json\/wp\/v2\/pages"}],"about":[{"href":"https:\/\/happyhaus.fr\/de\/wp-json\/wp\/v2\/types\/page"}],"author":[{"embeddable":true,"href":"https:\/\/happyhaus.fr\/de\/wp-json\/wp\/v2\/users\/3"}],"replies":[{"embeddable":true,"href":"https:\/\/happyhaus.fr\/de\/wp-json\/wp\/v2\/comments?post=47180"}],"version-history":[{"count":4,"href":"https:\/\/happyhaus.fr\/de\/wp-json\/wp\/v2\/pages\/47180\/revisions"}],"predecessor-version":[{"id":47434,"href":"https:\/\/happyhaus.fr\/de\/wp-json\/wp\/v2\/pages\/47180\/revisions\/47434"}],"wp:attachment":[{"href":"https:\/\/happyhaus.fr\/de\/wp-json\/wp\/v2\/media?parent=47180"}],"curies":[{"name":"wp","href":"https:\/\/api.w.org\/{rel}","templated":true}]}}