{"id":46137,"date":"2021-08-30T17:05:48","date_gmt":"2021-08-30T15:05:48","guid":{"rendered":"https:\/\/happyhaus.fr\/?page_id=46137"},"modified":"2022-09-15T14:20:08","modified_gmt":"2022-09-15T12:20:08","slug":"sendung","status":"publish","type":"page","link":"https:\/\/happyhaus.fr\/de\/sendung\/","title":{"rendered":"Sendung"},"content":{"rendered":"<h2 style=\"text-align: center;\">Versandinformationen<\/h2>\n<p style=\"text-align: center;\">HAPPY HAUS bietet eine kostenlose Standardlieferung f\u00fcr alle Bekleidungsbestellungen innerhalb Europas. Bitte beachten Sie, dass Ihre Bestellung an der Kasse versandkostenfrei ist.<\/p>\n<p style=\"text-align: center;\">Die Lieferzeiten k\u00f6nnen je nach Bestimmungsland variieren. Die Fristen sind ungef\u00e4hr wie folgt:<\/p>\n<p style=\"text-align: center;\">Europa : 3 \u2013 7 Tage<\/p>\n<p style=\"text-align: center;\">Vorbestellung : 3 \u2013 6 Wochen<\/p>\n<p style=\"text-align: center;\">USA 5 : \u2013 9 Tage<\/p>\n<p style=\"text-align: center;\">Es ist zu beachten, dass Lieferungen in l\u00e4ndliche oder schwer erreichbare Gebiete l\u00e4ngere Vorlaufzeiten erfordern k\u00f6nnen.<\/p>\n<p style=\"text-align: center;\">Steuern und Z\u00f6lle<\/p>\n<p style=\"text-align: center;\">Alle L\u00e4nder der Europ\u00e4ischen Union werden auf DDP-Basis (Delivery Duty Paid) versandt, was bedeutet, dass Steuern und Z\u00f6lle im Endpreis enthalten sind.<\/p>\n","protected":false},"excerpt":{"rendered":"<p>Versandinformationen HAPPY HAUS bietet eine kostenlose Standardlieferung f\u00fcr alle Bekleidungsbestellungen innerhalb Europas. Bitte beachten Sie, dass Ihre Bestellung an der Kasse versandkostenfrei ist. Die Lieferzeiten k\u00f6nnen je nach Bestimmungsland variieren. Die Fristen sind ungef\u00e4hr wie folgt: Europa : 3 \u2013 7 Tage Vorbestellung : 3 \u2013 6 Wochen USA 5&hellip;<\/p>\n","protected":false},"author":1,"featured_media":0,"parent":0,"menu_order":0,"comment_status":"closed","ping_status":"closed","template":"","meta":{"_acf_changed":false,"footnotes":""},"acf":[],"yoast_head":"<!-- This site is optimized with the Yoast SEO plugin v22.6 - https:\/\/yoast.com\/wordpress\/plugins\/seo\/ -->\n<title>Sendung -<\/title>\n<meta name=\"robots\" content=\"index, follow, max-snippet:-1, max-image-preview:large, max-video-preview:-1\" \/>\n<link rel=\"canonical\" href=\"https:\/\/happyhaus.fr\/de\/sendung\/\" \/>\n<meta property=\"og:locale\" content=\"de_DE\" \/>\n<meta property=\"og:type\" content=\"article\" \/>\n<meta property=\"og:title\" content=\"Sendung -\" \/>\n<meta property=\"og:description\" content=\"Versandinformationen HAPPY HAUS bietet eine kostenlose Standardlieferung f\u00fcr alle Bekleidungsbestellungen innerhalb Europas. Bitte beachten Sie, dass Ihre Bestellung an der Kasse versandkostenfrei ist. Die Lieferzeiten k\u00f6nnen je nach Bestimmungsland variieren. Die Fristen sind ungef\u00e4hr wie folgt: Europa : 3 \u2013 7 Tage Vorbestellung : 3 \u2013 6 Wochen USA 5&hellip;\" \/>\n<meta property=\"og:url\" content=\"https:\/\/happyhaus.fr\/de\/sendung\/\" \/>\n<meta property=\"article:modified_time\" content=\"2022-09-15T12:20:08+00:00\" \/>\n<meta name=\"twitter:card\" content=\"summary_large_image\" \/>\n<meta name=\"twitter:label1\" content=\"Gesch\u00e4tzte Lesezeit\" \/>\n\t<meta name=\"twitter:data1\" content=\"1\u00a0Minute\" \/>\n<script type=\"application\/ld+json\" class=\"yoast-schema-graph\">{\"@context\":\"https:\/\/schema.org\",\"@graph\":[{\"@type\":\"WebPage\",\"@id\":\"https:\/\/happyhaus.fr\/de\/sendung\/\",\"url\":\"https:\/\/happyhaus.fr\/de\/sendung\/\",\"name\":\"Sendung -\",\"isPartOf\":{\"@id\":\"https:\/\/happyhaus.fr\/#website\"},\"datePublished\":\"2021-08-30T15:05:48+00:00\",\"dateModified\":\"2022-09-15T12:20:08+00:00\",\"breadcrumb\":{\"@id\":\"https:\/\/happyhaus.fr\/de\/sendung\/#breadcrumb\"},\"inLanguage\":\"de\",\"potentialAction\":[{\"@type\":\"ReadAction\",\"target\":[\"https:\/\/happyhaus.fr\/de\/sendung\/\"]}]},{\"@type\":\"BreadcrumbList\",\"@id\":\"https:\/\/happyhaus.fr\/de\/sendung\/#breadcrumb\",\"itemListElement\":[{\"@type\":\"ListItem\",\"position\":1,\"name\":\"Accueil\",\"item\":\"https:\/\/happyhaus.fr\/de\/\"},{\"@type\":\"ListItem\",\"position\":2,\"name\":\"Sendung\"}]},{\"@type\":\"WebSite\",\"@id\":\"https:\/\/happyhaus.fr\/#website\",\"url\":\"https:\/\/happyhaus.fr\/\",\"name\":\"\",\"description\":\"\",\"potentialAction\":[{\"@type\":\"SearchAction\",\"target\":{\"@type\":\"EntryPoint\",\"urlTemplate\":\"https:\/\/happyhaus.fr\/?s={search_term_string}\"},\"query-input\":\"required name=search_term_string\"}],\"inLanguage\":\"de\"}]}<\/script>\n<!-- \/ Yoast SEO plugin. -->","yoast_head_json":{"title":"Sendung -","robots":{"index":"index","follow":"follow","max-snippet":"max-snippet:-1","max-image-preview":"max-image-preview:large","max-video-preview":"max-video-preview:-1"},"canonical":"https:\/\/happyhaus.fr\/de\/sendung\/","og_locale":"de_DE","og_type":"article","og_title":"Sendung -","og_description":"Versandinformationen HAPPY HAUS bietet eine kostenlose Standardlieferung f\u00fcr alle Bekleidungsbestellungen innerhalb Europas. Bitte beachten Sie, dass Ihre Bestellung an der Kasse versandkostenfrei ist. Die Lieferzeiten k\u00f6nnen je nach Bestimmungsland variieren. Die Fristen sind ungef\u00e4hr wie folgt: Europa : 3 \u2013 7 Tage Vorbestellung : 3 \u2013 6 Wochen USA 5&hellip;","og_url":"https:\/\/happyhaus.fr\/de\/sendung\/","article_modified_time":"2022-09-15T12:20:08+00:00","twitter_card":"summary_large_image","twitter_misc":{"Gesch\u00e4tzte Lesezeit":"1\u00a0Minute"},"schema":{"@context":"https:\/\/schema.org","@graph":[{"@type":"WebPage","@id":"https:\/\/happyhaus.fr\/de\/sendung\/","url":"https:\/\/happyhaus.fr\/de\/sendung\/","name":"Sendung -","isPartOf":{"@id":"https:\/\/happyhaus.fr\/#website"},"datePublished":"2021-08-30T15:05:48+00:00","dateModified":"2022-09-15T12:20:08+00:00","breadcrumb":{"@id":"https:\/\/happyhaus.fr\/de\/sendung\/#breadcrumb"},"inLanguage":"de","potentialAction":[{"@type":"ReadAction","target":["https:\/\/happyhaus.fr\/de\/sendung\/"]}]},{"@type":"BreadcrumbList","@id":"https:\/\/happyhaus.fr\/de\/sendung\/#breadcrumb","itemListElement":[{"@type":"ListItem","position":1,"name":"Accueil","item":"https:\/\/happyhaus.fr\/de\/"},{"@type":"ListItem","position":2,"name":"Sendung"}]},{"@type":"WebSite","@id":"https:\/\/happyhaus.fr\/#website","url":"https:\/\/happyhaus.fr\/","name":"","description":"","potentialAction":[{"@type":"SearchAction","target":{"@type":"EntryPoint","urlTemplate":"https:\/\/happyhaus.fr\/?s={search_term_string}"},"query-input":"required name=search_term_string"}],"inLanguage":"de"}]}},"_links":{"self":[{"href":"https:\/\/happyhaus.fr\/de\/wp-json\/wp\/v2\/pages\/46137"}],"collection":[{"href":"https:\/\/happyhaus.fr\/de\/wp-json\/wp\/v2\/pages"}],"about":[{"href":"https:\/\/happyhaus.fr\/de\/wp-json\/wp\/v2\/types\/page"}],"author":[{"embeddable":true,"href":"https:\/\/happyhaus.fr\/de\/wp-json\/wp\/v2\/users\/1"}],"replies":[{"embeddable":true,"href":"https:\/\/happyhaus.fr\/de\/wp-json\/wp\/v2\/comments?post=46137"}],"version-history":[{"count":3,"href":"https:\/\/happyhaus.fr\/de\/wp-json\/wp\/v2\/pages\/46137\/revisions"}],"predecessor-version":[{"id":86567,"href":"https:\/\/happyhaus.fr\/de\/wp-json\/wp\/v2\/pages\/46137\/revisions\/86567"}],"wp:attachment":[{"href":"https:\/\/happyhaus.fr\/de\/wp-json\/wp\/v2\/media?parent=46137"}],"curies":[{"name":"wp","href":"https:\/\/api.w.org\/{rel}","templated":true}]}}