{"id":44220,"date":"2021-07-06T15:22:45","date_gmt":"2021-07-06T13:22:45","guid":{"rendered":"https:\/\/happyhaus.fr\/tissus-labelises\/"},"modified":"2022-02-15T16:24:10","modified_gmt":"2022-02-15T15:24:10","slug":"unsere-stoffe-sind-etikettiert","status":"publish","type":"page","link":"https:\/\/happyhaus.fr\/de\/unsere-stoffe-sind-etikettiert\/","title":{"rendered":"Etiketten"},"content":{"rendered":"[vc_row][vc_column][vc_column_text el_class=&#8221;intro&#8221;]\n<p class=\"p1\">Seit dem ersten Tag der Gr\u00fcndung von HAPPY HAUS haben wir uns verpflichtet, unsere Umwelt und unseren Planeten so gut wie m\u00f6glich zu respektieren, indem wir Kleidung anbieten, die das ganze Jahr \u00fcber und f\u00fcr lange Zeit getragen werden kann. Dieses Engagement f\u00fchrt uns auch dazu, Ihnen die besten Stoffe aus Naturfasern anzubieten, die von Gots und Greenpeace zertifiziert sind.<\/p>\n[\/vc_column_text][vc_empty_space height=&#8221;64px&#8221;][\/vc_column][\/vc_row][vc_row equal_height=&#8221;yes&#8221; css=&#8221;.vc_custom_1625577803761{padding-top: 50px !important;}&#8221;][vc_column width=&#8221;1\/2&#8243; css=&#8221;.vc_custom_1625577986706{padding-right: 40px !important;padding-left: 40px !important;}&#8221;][vc_single_image image=&#8221;47104&#8243; img_size=&#8221;&#8221; alignment=&#8221;center&#8221;][vc_column_text el_class=&#8221;home-bloc&#8221;]\n<h2 style=\"text-align: center;\">LABEL GOTS<\/h2>\n<p style=\"text-align: justify;\">Der Erhalt dieses Labels bedeutet, dem Verbraucher ein \u00f6kologisches Kleidungsst\u00fcck zu garantieren. Jede Phase des Produktlebenszyklus, vom Rohmaterial bis zum Vertrieb, wird kontrolliert und nur dann zertifiziert, wenn sie den im Standard der Organisation festgelegten Kriterien entspricht. Es zeugt von einer Produktion, die Mensch und Umwelt respektiert, wie es bei Happy Haus der Fall ist.<\/p>\n[\/vc_column_text][\/vc_column][vc_column width=&#8221;1\/2&#8243; css=&#8221;.vc_custom_1625578110492{padding-right: 40px !important;padding-left: 40px !important;}&#8221;][vc_single_image image=&#8221;47101&#8243; img_size=&#8221;&#8221; alignment=&#8221;center&#8221;][vc_column_text el_class=&#8221;home-bloc&#8221;]\n<h2 style=\"text-align: center;\">LABEL OEKO-TEX<br \/>\n<small style=\"display: block; font-size: 50%; font-weight: bold;\">STANDARD 100<\/small><\/h2>\n<p style=\"text-align: justify;\">Es kennzeichnet Marken, die den Einsatz gef\u00e4hrlicher Stoffe in ihrer Textilproduktion einschr\u00e4nken, und f\u00f6rdert nachhaltige Ans\u00e4tze von Lieferanten. Dieses Label garantiert Transparenz und R\u00fcckverfolgbarkeit unserer Teile.<\/p>\n[\/vc_column_text][\/vc_column][\/vc_row][vc_row][vc_column][vc_empty_space height=&#8221;64px&#8221;][\/vc_column][\/vc_row][vc_row][vc_column width=&#8221;1\/2&#8243;][vc_single_image image=&#8221;47095&#8243; img_size=&#8221;150&#215;150&#8243; alignment=&#8221;center&#8221;][vc_column_text el_class=&#8221;home-bloc&#8221;]\n<h2 style=\"text-align: center;\">DETOX<\/h2>\n<p style=\"text-align: justify;\">Die von Greenpeace ins Leben gerufene Detox Challenge bewertet uns an der Glaubw\u00fcrdigkeit unserer lokalen Engagements und Aktionen. Mit dieser Herausforderung setzen wir die Werte, die uns am Herzen liegen, in die Praxis um und fordern ungiftige Mode und Wasserreinigung.<\/p>\n[\/vc_column_text][\/vc_column][vc_column width=&#8221;1\/2&#8243;][vc_single_image image=&#8221;47098&#8243; alignment=&#8221;center&#8221;][vc_column_text el_class=&#8221;home-bloc&#8221;]\n<h2 style=\"text-align: center;\">SAVE THE WATER<\/h2>\n<p style=\"text-align: justify;\">Weniger Wasser bei der Herstellung und Veredelung von Textilien zu verbrauchen, ist das Hauptziel des Projekts SAVEtheWATER\u00ae. Die von ihnen entwickelten Verfahren haben den Wasser- und Energieverbrauch um rund 90 % reduziert, den CO2-Aussto\u00df verringert und Schadstoffe eliminiert.<\/p>\n[\/vc_column_text][\/vc_column][\/vc_row]\n","protected":false},"excerpt":{"rendered":"<p>[vc_row][vc_column][vc_column_text el_class=&#8221;intro&#8221;] Seit dem ersten Tag der Gr\u00fcndung von HAPPY HAUS haben wir uns verpflichtet, unsere Umwelt und unseren Planeten so gut wie m\u00f6glich zu respektieren, indem wir Kleidung anbieten, die das ganze Jahr \u00fcber und f\u00fcr lange Zeit getragen werden kann. Dieses Engagement f\u00fchrt uns auch dazu, Ihnen die&hellip;<\/p>\n","protected":false},"author":3,"featured_media":0,"parent":0,"menu_order":0,"comment_status":"closed","ping_status":"closed","template":"","meta":{"_acf_changed":false,"footnotes":""},"acf":[],"yoast_head":"<!-- This site is optimized with the Yoast SEO plugin v22.6 - https:\/\/yoast.com\/wordpress\/plugins\/seo\/ -->\n<title>Etiketten -<\/title>\n<meta name=\"description\" content=\"Unsere Stoffe sind etikettiert\" \/>\n<meta name=\"robots\" content=\"index, follow, max-snippet:-1, max-image-preview:large, max-video-preview:-1\" \/>\n<link rel=\"canonical\" href=\"https:\/\/happyhaus.fr\/de\/unsere-stoffe-sind-etikettiert\/\" \/>\n<meta property=\"og:locale\" content=\"de_DE\" \/>\n<meta property=\"og:type\" content=\"article\" \/>\n<meta property=\"og:title\" content=\"Etiketten -\" \/>\n<meta property=\"og:description\" content=\"Unsere Stoffe sind etikettiert\" \/>\n<meta property=\"og:url\" content=\"https:\/\/happyhaus.fr\/de\/unsere-stoffe-sind-etikettiert\/\" \/>\n<meta property=\"article:modified_time\" content=\"2022-02-15T15:24:10+00:00\" \/>\n<meta name=\"twitter:card\" content=\"summary_large_image\" \/>\n<meta name=\"twitter:label1\" content=\"Gesch\u00e4tzte Lesezeit\" \/>\n\t<meta name=\"twitter:data1\" content=\"2\u00a0Minuten\" \/>\n<script type=\"application\/ld+json\" class=\"yoast-schema-graph\">{\"@context\":\"https:\/\/schema.org\",\"@graph\":[{\"@type\":\"WebPage\",\"@id\":\"https:\/\/happyhaus.fr\/de\/unsere-stoffe-sind-etikettiert\/\",\"url\":\"https:\/\/happyhaus.fr\/de\/unsere-stoffe-sind-etikettiert\/\",\"name\":\"Etiketten -\",\"isPartOf\":{\"@id\":\"https:\/\/happyhaus.fr\/#website\"},\"datePublished\":\"2021-07-06T13:22:45+00:00\",\"dateModified\":\"2022-02-15T15:24:10+00:00\",\"description\":\"Unsere Stoffe sind etikettiert\",\"breadcrumb\":{\"@id\":\"https:\/\/happyhaus.fr\/de\/unsere-stoffe-sind-etikettiert\/#breadcrumb\"},\"inLanguage\":\"de\",\"potentialAction\":[{\"@type\":\"ReadAction\",\"target\":[\"https:\/\/happyhaus.fr\/de\/unsere-stoffe-sind-etikettiert\/\"]}]},{\"@type\":\"BreadcrumbList\",\"@id\":\"https:\/\/happyhaus.fr\/de\/unsere-stoffe-sind-etikettiert\/#breadcrumb\",\"itemListElement\":[{\"@type\":\"ListItem\",\"position\":1,\"name\":\"Accueil\",\"item\":\"https:\/\/happyhaus.fr\/de\/\"},{\"@type\":\"ListItem\",\"position\":2,\"name\":\"Etiketten\"}]},{\"@type\":\"WebSite\",\"@id\":\"https:\/\/happyhaus.fr\/#website\",\"url\":\"https:\/\/happyhaus.fr\/\",\"name\":\"\",\"description\":\"\",\"potentialAction\":[{\"@type\":\"SearchAction\",\"target\":{\"@type\":\"EntryPoint\",\"urlTemplate\":\"https:\/\/happyhaus.fr\/?s={search_term_string}\"},\"query-input\":\"required name=search_term_string\"}],\"inLanguage\":\"de\"}]}<\/script>\n<!-- \/ Yoast SEO plugin. -->","yoast_head_json":{"title":"Etiketten -","description":"Unsere Stoffe sind etikettiert","robots":{"index":"index","follow":"follow","max-snippet":"max-snippet:-1","max-image-preview":"max-image-preview:large","max-video-preview":"max-video-preview:-1"},"canonical":"https:\/\/happyhaus.fr\/de\/unsere-stoffe-sind-etikettiert\/","og_locale":"de_DE","og_type":"article","og_title":"Etiketten -","og_description":"Unsere Stoffe sind etikettiert","og_url":"https:\/\/happyhaus.fr\/de\/unsere-stoffe-sind-etikettiert\/","article_modified_time":"2022-02-15T15:24:10+00:00","twitter_card":"summary_large_image","twitter_misc":{"Gesch\u00e4tzte Lesezeit":"2\u00a0Minuten"},"schema":{"@context":"https:\/\/schema.org","@graph":[{"@type":"WebPage","@id":"https:\/\/happyhaus.fr\/de\/unsere-stoffe-sind-etikettiert\/","url":"https:\/\/happyhaus.fr\/de\/unsere-stoffe-sind-etikettiert\/","name":"Etiketten -","isPartOf":{"@id":"https:\/\/happyhaus.fr\/#website"},"datePublished":"2021-07-06T13:22:45+00:00","dateModified":"2022-02-15T15:24:10+00:00","description":"Unsere Stoffe sind etikettiert","breadcrumb":{"@id":"https:\/\/happyhaus.fr\/de\/unsere-stoffe-sind-etikettiert\/#breadcrumb"},"inLanguage":"de","potentialAction":[{"@type":"ReadAction","target":["https:\/\/happyhaus.fr\/de\/unsere-stoffe-sind-etikettiert\/"]}]},{"@type":"BreadcrumbList","@id":"https:\/\/happyhaus.fr\/de\/unsere-stoffe-sind-etikettiert\/#breadcrumb","itemListElement":[{"@type":"ListItem","position":1,"name":"Accueil","item":"https:\/\/happyhaus.fr\/de\/"},{"@type":"ListItem","position":2,"name":"Etiketten"}]},{"@type":"WebSite","@id":"https:\/\/happyhaus.fr\/#website","url":"https:\/\/happyhaus.fr\/","name":"","description":"","potentialAction":[{"@type":"SearchAction","target":{"@type":"EntryPoint","urlTemplate":"https:\/\/happyhaus.fr\/?s={search_term_string}"},"query-input":"required name=search_term_string"}],"inLanguage":"de"}]}},"_links":{"self":[{"href":"https:\/\/happyhaus.fr\/de\/wp-json\/wp\/v2\/pages\/44220"}],"collection":[{"href":"https:\/\/happyhaus.fr\/de\/wp-json\/wp\/v2\/pages"}],"about":[{"href":"https:\/\/happyhaus.fr\/de\/wp-json\/wp\/v2\/types\/page"}],"author":[{"embeddable":true,"href":"https:\/\/happyhaus.fr\/de\/wp-json\/wp\/v2\/users\/3"}],"replies":[{"embeddable":true,"href":"https:\/\/happyhaus.fr\/de\/wp-json\/wp\/v2\/comments?post=44220"}],"version-history":[{"count":8,"href":"https:\/\/happyhaus.fr\/de\/wp-json\/wp\/v2\/pages\/44220\/revisions"}],"predecessor-version":[{"id":47431,"href":"https:\/\/happyhaus.fr\/de\/wp-json\/wp\/v2\/pages\/44220\/revisions\/47431"}],"wp:attachment":[{"href":"https:\/\/happyhaus.fr\/de\/wp-json\/wp\/v2\/media?parent=44220"}],"curies":[{"name":"wp","href":"https:\/\/api.w.org\/{rel}","templated":true}]}}