{"id":44214,"date":"2021-07-06T11:39:42","date_gmt":"2021-07-06T09:39:42","guid":{"rendered":"https:\/\/happyhaus.fr\/matieres-naturelles\/"},"modified":"2022-11-09T16:25:47","modified_gmt":"2022-11-09T15:25:47","slug":"unsere-materialien-sind-natuerlich","status":"publish","type":"page","link":"https:\/\/happyhaus.fr\/de\/unsere-materialien-sind-natuerlich\/","title":{"rendered":"Nat\u00fcrliche Materialien"},"content":{"rendered":"[vc_row][vc_column][vc_column_text el_class=&#8221;intro&#8221;]\n<p class=\"intro\" style=\"text-align: left;\">Das Ziel von Happy Haus ist es, ein anderes Label zu sein, das transparent sein m\u00f6chte und einfach versucht, das Beste f\u00fcr Sie und die Umwelt zu tun, indem es die nat\u00fcrlichsten Materialien oder diejenigen ausw\u00e4hlt, die am l\u00e4ngsten halten, um unsere doppelte Verpflichtung einzuhalten: to unsere \u00f6kologischen Auswirkungen zu begrenzen und Ihnen Kleidung anzubieten, die mit der Zeit immer sch\u00f6ner wird.<\/p>\n[\/vc_column_text][vc_empty_space height=&#8221;64px&#8221;][\/vc_column][\/vc_row][vc_row et_column_align=&#8221;align-center&#8221; content_placement=&#8221;middle&#8221;][vc_column width=&#8221;1\/2&#8243;][vc_single_image image=&#8221;47082&#8243; img_size=&#8221;large&#8221;][vc_empty_space height=&#8221;64px&#8221;][\/vc_column][vc_column width=&#8221;1\/2&#8243; css=&#8221;.vc_custom_1625563871611{padding-top: 40px !important;padding-right: 40px !important;padding-bottom: 40px !important;padding-left: 40px !important;}&#8221;][vc_column_text el_class=&#8221;home-bloc&#8221;]\n<h2 style=\"text-align: left;\">DENIM<br \/>\nZERTIFIZIERT ODER<br \/>\nRECYCELT<\/h2>\n<p style=\"text-align: justify;\">Denim ist die Basis der Happy Haus Kollektion: das Material, das wir am meisten lieben und verwenden, weil es von Natur aus zeitlos ist und sicherlich am besten altert. Dieser Stoff scheint uns daher die beste Waffe gegen die \u201egeplante\u201c Obsoleszenz unserer Kleidung und unseren \u00dcberkonsum zu sein.<\/p>\n<p style=\"text-align: justify;\">Denim ist jedoch ein Stoff, der oft zu viel mit dem Flugzeug reist und viel Wasser verbraucht und somit in seiner Gesamtheit einen ernsthaften Angriff auf unsere Umwelt verursacht. Deshalb verwenden wir nur Denim, der entweder umweltfreundlich ist \u2013 weniger Wasser verbraucht \u2013 oder recycelt ist.<\/p>\n<p style=\"text-align: justify;\">Alle sind von den wichtigsten internationalen Umweltzeichen zertifiziert.<\/p>\n[\/vc_column_text][\/vc_column][\/vc_row][vc_row et_column_align=&#8221;align-center&#8221; content_placement=&#8221;middle&#8221; css=&#8221;.vc_custom_1625564723250{padding-top: 30px !important;}&#8221;][vc_column width=&#8221;1\/2&#8243; css=&#8221;.vc_custom_1625564473652{padding-top: 40px !important;padding-right: 40px !important;padding-bottom: 40px !important;padding-left: 40px !important;}&#8221;][vc_column_text el_class=&#8221;home-bloc&#8221;]\n<h2 style=\"text-align: left;\">LEINEN,<br \/>\nSTOFF AM MEISTEN<br \/>\n\u00d6KOLOGISCH<\/h2>\n<p style=\"text-align: justify;\">Der Anbau von Flachs erfordert sehr wenig D\u00fcngemittel, Pestizide und Wasser, da er keine Bew\u00e4sserung ben\u00f6tigt: Er nutzt alle nat\u00fcrlichen Ressourcen des Bodens. Flachs produziert keinen Abfall, da die gesamte Pflanze verwendet wird, um ein Produkt aus diesem Material herzustellen.<\/p>\n<p style=\"text-align: justify;\">Alle Bestandteile der Pflanze sind biologisch abbaubar, was die Leinenteile von Happy Haus ebenfalls biologisch abbaubar macht.<\/p>\n[\/vc_column_text][\/vc_column][vc_column width=&#8221;1\/2&#8243;][vc_gallery interval=&#8221;0&#8243; images=&#8221;85590&#8243; img_size=&#8221;large&#8221;][\/vc_column][\/vc_row][vc_row et_column_align=&#8221;align-center&#8221; content_placement=&#8221;middle&#8221; css=&#8221;.vc_custom_1625564715286{padding-top: 30px !important;}&#8221;][vc_column width=&#8221;1\/2&#8243;][vc_single_image image=&#8221;47076&#8243; img_size=&#8221;large&#8221;][vc_empty_space height=&#8221;64px&#8221;][\/vc_column][vc_column width=&#8221;1\/2&#8243; css=&#8221;.vc_custom_1625563871611{padding-top: 40px !important;padding-right: 40px !important;padding-bottom: 40px !important;padding-left: 40px !important;}&#8221;][vc_column_text el_class=&#8221;home-bloc&#8221;]\n<h2 style=\"text-align: left;\">TENCEL,<br \/>\nDAS MATERIAL DASS<br \/>\nHOLZ RECYCELN<\/h2>\n<p style=\"text-align: justify;\">Tencel, weniger bekannt als die vorherigen, ist ein \u00f6kologisches Material, das aus Zellstoff und einem ungiftigen L\u00f6sungsmittel hergestellt wird. Tencel ist in Textilien sehr beliebt, da es ein atmungsaktiver und widerstandsf\u00e4higer Stoff ist, sehr vergleichbar mit Seide. Es wird manchmal als Pflanzenseide bezeichnet.<\/p>\n<p style=\"text-align: justify;\">Der f\u00fcr die Herstellung von Lyocell verwendete Zellstoff stammt von B\u00e4umen, die eigens f\u00fcr seine Herstellung gepflanzt wurden. Die Pinien-, Eukalyptus- und Bambusw\u00e4lder sind als nachhaltig zertifiziert und haben eine geringe Umweltbelastung. Eukalyptus braucht zum Beispiel nur die Menge an Regenwasser, um zu wachsen, ohne Pestizide oder ein intensives Bew\u00e4sserungssystem.<\/p>\n[\/vc_column_text][\/vc_column][\/vc_row][vc_row et_column_align=&#8221;align-center&#8221; content_placement=&#8221;middle&#8221; css=&#8221;.vc_custom_1625564707934{padding-top: 30px !important;}&#8221;][vc_column width=&#8221;1\/2&#8243; css=&#8221;.vc_custom_1625564473652{padding-top: 40px !important;padding-right: 40px !important;padding-bottom: 40px !important;padding-left: 40px !important;}&#8221;][vc_column_text el_class=&#8221;home-bloc&#8221;]\n<h2 style=\"text-align: left;\">POPELINE,<br \/>\nDIE BAUMWOLLE<br \/>\nBIO &amp; SCHICK<\/h2>\n<p style=\"text-align: justify;\">Baumwollpopeline ist ein besonders dichter, leicht satinierter und flauschiger Stoff, so pflegeleicht und widerstandsf\u00e4hig wie Baumwolle selbst. Es ist ein Stoff, dessen sehr enges Gewebe aus zwei unterschiedlich dicken Baumwollf\u00e4den besteht. Diese Webtechnik verleiht dem Stoff sein schickes und glattes Aussehen.<\/p>\n<p style=\"text-align: justify;\">Baumwollpopeline ist ein leichtes, bequemes Material, das das Risiko von Allergien verhindert. Bei Happy Haus verwenden wir es gerne f\u00fcr unsere Hemden.<\/p>\n[\/vc_column_text][\/vc_column][vc_column width=&#8221;1\/2&#8243;][vc_single_image image=&#8221;47073&#8243; img_size=&#8221;full&#8221;][vc_empty_space height=&#8221;64px&#8221;][\/vc_column][\/vc_row][vc_row et_column_align=&#8221;align-center&#8221; content_placement=&#8221;middle&#8221; css=&#8221;.vc_custom_1625564892039{padding-top: 30px !important;}&#8221;][vc_column width=&#8221;1\/2&#8243;][vc_single_image image=&#8221;47070&#8243; img_size=&#8221;large&#8221;][vc_empty_space height=&#8221;64px&#8221;][\/vc_column][vc_column width=&#8221;1\/2&#8243; css=&#8221;.vc_custom_1625563871611{padding-top: 40px !important;padding-right: 40px !important;padding-bottom: 40px !important;padding-left: 40px !important;}&#8221;][vc_column_text el_class=&#8221;home-bloc&#8221;]\n<h2 style=\"text-align: left;\">TASTEN<br \/>\n100%<br \/>\nKOMPOSTIERBARKEITEN<\/h2>\n<p style=\"text-align: justify;\">Die Kn\u00f6pfe der Happy Haus-Kleidung sind aus Steinnuss, um die Verwendung von Plastik zu vermeiden. Es ist ein nat\u00fcrliches Material, das aus den Samen der Corozo-Palme hergestellt wird. Corozo, auch bekannt als pflanzliches Elfenbein, ist ein pflanzliches und biologisch abbaubares Material.<\/p>\n<p style=\"text-align: justify;\">F\u00fcr die Herstellung von Corozo-Kn\u00f6pfen m\u00fcssen keine B\u00e4ume gef\u00e4llt werden, da die Kn\u00f6pfe aus den N\u00fcssen der B\u00e4ume hergestellt werden. Corozo-Samen fallen auf nat\u00fcrliche Weise und werden dann zur Herstellung von Knospen geerntet.<\/p>\n<p><a class=\"biglink\" href=\"#\">ENTDECKEN SIE MODELLE MIT KN\u00d6PFEN<\/a>[\/vc_column_text][\/vc_column][\/vc_row]\n","protected":false},"excerpt":{"rendered":"<p>[vc_row][vc_column][vc_column_text el_class=&#8221;intro&#8221;] Das Ziel von Happy Haus ist es, ein anderes Label zu sein, das transparent sein m\u00f6chte und einfach versucht, das Beste f\u00fcr Sie und die Umwelt zu tun, indem es die nat\u00fcrlichsten Materialien oder diejenigen ausw\u00e4hlt, die am l\u00e4ngsten halten, um unsere doppelte Verpflichtung einzuhalten: to unsere \u00f6kologischen&hellip;<\/p>\n","protected":false},"author":3,"featured_media":0,"parent":0,"menu_order":0,"comment_status":"closed","ping_status":"closed","template":"","meta":{"_acf_changed":false,"footnotes":""},"acf":[],"yoast_head":"<!-- This site is optimized with the Yoast SEO plugin v22.6 - https:\/\/yoast.com\/wordpress\/plugins\/seo\/ -->\n<title>Nat\u00fcrliche Materialien -<\/title>\n<meta name=\"description\" content=\"Unsere Materialien sind nat\u00fcrlich\" \/>\n<meta name=\"robots\" content=\"index, follow, max-snippet:-1, max-image-preview:large, max-video-preview:-1\" \/>\n<link rel=\"canonical\" href=\"https:\/\/happyhaus.fr\/de\/unsere-materialien-sind-natuerlich\/\" \/>\n<meta property=\"og:locale\" content=\"de_DE\" \/>\n<meta property=\"og:type\" content=\"article\" \/>\n<meta property=\"og:title\" content=\"Nat\u00fcrliche Materialien -\" \/>\n<meta property=\"og:description\" content=\"Unsere Materialien sind nat\u00fcrlich\" \/>\n<meta property=\"og:url\" content=\"https:\/\/happyhaus.fr\/de\/unsere-materialien-sind-natuerlich\/\" \/>\n<meta property=\"article:modified_time\" content=\"2022-11-09T15:25:47+00:00\" \/>\n<meta name=\"twitter:card\" content=\"summary_large_image\" \/>\n<meta name=\"twitter:label1\" content=\"Gesch\u00e4tzte Lesezeit\" \/>\n\t<meta name=\"twitter:data1\" content=\"4\u00a0Minuten\" \/>\n<script type=\"application\/ld+json\" class=\"yoast-schema-graph\">{\"@context\":\"https:\/\/schema.org\",\"@graph\":[{\"@type\":\"WebPage\",\"@id\":\"https:\/\/happyhaus.fr\/de\/unsere-materialien-sind-natuerlich\/\",\"url\":\"https:\/\/happyhaus.fr\/de\/unsere-materialien-sind-natuerlich\/\",\"name\":\"Nat\u00fcrliche Materialien -\",\"isPartOf\":{\"@id\":\"https:\/\/happyhaus.fr\/#website\"},\"datePublished\":\"2021-07-06T09:39:42+00:00\",\"dateModified\":\"2022-11-09T15:25:47+00:00\",\"description\":\"Unsere Materialien sind nat\u00fcrlich\",\"breadcrumb\":{\"@id\":\"https:\/\/happyhaus.fr\/de\/unsere-materialien-sind-natuerlich\/#breadcrumb\"},\"inLanguage\":\"de\",\"potentialAction\":[{\"@type\":\"ReadAction\",\"target\":[\"https:\/\/happyhaus.fr\/de\/unsere-materialien-sind-natuerlich\/\"]}]},{\"@type\":\"BreadcrumbList\",\"@id\":\"https:\/\/happyhaus.fr\/de\/unsere-materialien-sind-natuerlich\/#breadcrumb\",\"itemListElement\":[{\"@type\":\"ListItem\",\"position\":1,\"name\":\"Accueil\",\"item\":\"https:\/\/happyhaus.fr\/de\/\"},{\"@type\":\"ListItem\",\"position\":2,\"name\":\"Nat\u00fcrliche Materialien\"}]},{\"@type\":\"WebSite\",\"@id\":\"https:\/\/happyhaus.fr\/#website\",\"url\":\"https:\/\/happyhaus.fr\/\",\"name\":\"\",\"description\":\"\",\"potentialAction\":[{\"@type\":\"SearchAction\",\"target\":{\"@type\":\"EntryPoint\",\"urlTemplate\":\"https:\/\/happyhaus.fr\/?s={search_term_string}\"},\"query-input\":\"required name=search_term_string\"}],\"inLanguage\":\"de\"}]}<\/script>\n<!-- \/ Yoast SEO plugin. -->","yoast_head_json":{"title":"Nat\u00fcrliche Materialien -","description":"Unsere Materialien sind nat\u00fcrlich","robots":{"index":"index","follow":"follow","max-snippet":"max-snippet:-1","max-image-preview":"max-image-preview:large","max-video-preview":"max-video-preview:-1"},"canonical":"https:\/\/happyhaus.fr\/de\/unsere-materialien-sind-natuerlich\/","og_locale":"de_DE","og_type":"article","og_title":"Nat\u00fcrliche Materialien -","og_description":"Unsere Materialien sind nat\u00fcrlich","og_url":"https:\/\/happyhaus.fr\/de\/unsere-materialien-sind-natuerlich\/","article_modified_time":"2022-11-09T15:25:47+00:00","twitter_card":"summary_large_image","twitter_misc":{"Gesch\u00e4tzte Lesezeit":"4\u00a0Minuten"},"schema":{"@context":"https:\/\/schema.org","@graph":[{"@type":"WebPage","@id":"https:\/\/happyhaus.fr\/de\/unsere-materialien-sind-natuerlich\/","url":"https:\/\/happyhaus.fr\/de\/unsere-materialien-sind-natuerlich\/","name":"Nat\u00fcrliche Materialien -","isPartOf":{"@id":"https:\/\/happyhaus.fr\/#website"},"datePublished":"2021-07-06T09:39:42+00:00","dateModified":"2022-11-09T15:25:47+00:00","description":"Unsere Materialien sind nat\u00fcrlich","breadcrumb":{"@id":"https:\/\/happyhaus.fr\/de\/unsere-materialien-sind-natuerlich\/#breadcrumb"},"inLanguage":"de","potentialAction":[{"@type":"ReadAction","target":["https:\/\/happyhaus.fr\/de\/unsere-materialien-sind-natuerlich\/"]}]},{"@type":"BreadcrumbList","@id":"https:\/\/happyhaus.fr\/de\/unsere-materialien-sind-natuerlich\/#breadcrumb","itemListElement":[{"@type":"ListItem","position":1,"name":"Accueil","item":"https:\/\/happyhaus.fr\/de\/"},{"@type":"ListItem","position":2,"name":"Nat\u00fcrliche Materialien"}]},{"@type":"WebSite","@id":"https:\/\/happyhaus.fr\/#website","url":"https:\/\/happyhaus.fr\/","name":"","description":"","potentialAction":[{"@type":"SearchAction","target":{"@type":"EntryPoint","urlTemplate":"https:\/\/happyhaus.fr\/?s={search_term_string}"},"query-input":"required name=search_term_string"}],"inLanguage":"de"}]}},"_links":{"self":[{"href":"https:\/\/happyhaus.fr\/de\/wp-json\/wp\/v2\/pages\/44214"}],"collection":[{"href":"https:\/\/happyhaus.fr\/de\/wp-json\/wp\/v2\/pages"}],"about":[{"href":"https:\/\/happyhaus.fr\/de\/wp-json\/wp\/v2\/types\/page"}],"author":[{"embeddable":true,"href":"https:\/\/happyhaus.fr\/de\/wp-json\/wp\/v2\/users\/3"}],"replies":[{"embeddable":true,"href":"https:\/\/happyhaus.fr\/de\/wp-json\/wp\/v2\/comments?post=44214"}],"version-history":[{"count":11,"href":"https:\/\/happyhaus.fr\/de\/wp-json\/wp\/v2\/pages\/44214\/revisions"}],"predecessor-version":[{"id":86862,"href":"https:\/\/happyhaus.fr\/de\/wp-json\/wp\/v2\/pages\/44214\/revisions\/86862"}],"wp:attachment":[{"href":"https:\/\/happyhaus.fr\/de\/wp-json\/wp\/v2\/media?parent=44214"}],"curies":[{"name":"wp","href":"https:\/\/api.w.org\/{rel}","templated":true}]}}