{"id":44204,"date":"2021-07-06T15:35:52","date_gmt":"2021-07-06T13:35:52","guid":{"rendered":"https:\/\/happyhaus.fr\/manifesto\/"},"modified":"2021-08-23T10:40:08","modified_gmt":"2021-08-23T08:40:08","slug":"unser_engagement","status":"publish","type":"page","link":"https:\/\/happyhaus.fr\/de\/unser_engagement\/","title":{"rendered":"Unser Engagement"},"content":{"rendered":"[vc_row][vc_column][vc_single_image image=&#8221;33345&#8243; img_size=&#8221;full&#8221;][vc_column_text]MODE VER\u00c4NDERN, DIE WELT VER\u00c4NDERN<\/p>\n<p>&#8221; Meine gr\u00f6\u00dfte Verpflichtung gegen\u00fcber dem Planeten ist es, Kleidung zu kreieren, die so lange wie m\u00f6glich getragen werden kann. Kleidung, derer man nicht \u00fcberdr\u00fcssig wird, die man immer wieder gerne tr\u00e4gt, die gut altert und mit der Zeit immer sch\u00f6ner wird. Deshalb wollte ich mit der Idee von HAPPY HAUS zun\u00e4chst einen Stil vorschlagen und nicht versuchen, Mode zu sein. Denn Modetrends kommen so schnell aus der Mode, wie sie entstanden sind, und zwingen uns zu konsumieren, ohne zu wissen, was wir wollen, was wir sind.<\/p>\n<p>Im Gegenteil, ich wollte eine Garderobe anbieten, die das ganze Jahr \u00fcber um einige wenige Modelle herum getragen werden kann, die absichtlich wenige sind und lange \u00fcberlegt wurden, damit sie f\u00fcr mich offensichtlich werden und meiner Verpflichtung entsprechen. Ein paar Kleider, ein paar Hosen, ein Mantel, eine oder zwei Jacken, eine Tunika, wie das Wesentliche aus einfachen und edlen Materialien zum Bild von Baumwolle und Denim, die ich immer trage.<\/p>\n<p>Mein Stil ist einfach, rein, feminin und, wie ich finde, zeitlos. Es ist auch mein Lebensstil. Ich bin keine Aktivistin, ich bin nicht perfekt, geschweige denn vorbildlich, aber ich versuche, es besser zu machen, indem ich nach Lieferanten suche, die meine Werte teilen, dass sie DETOX-zertifizierten Denim von GOTS und Greenpeace herstellen, Kn\u00f6pfe aus Holz oder Corozo oder dass sie f\u00fcr uns sch\u00f6ne Bio-Baumwolle oder Tencel weben, diesen unglaublich weichen Stoff, der aus Holz hergestellt und mit Seide gemischt wird. All diese Frauen und M\u00e4nner, die ich in diesen Jahren des Schaffens, Zweifelns und Forschens kennengelernt habe, begleiten mich und bereichern meine Herangehensweise, meine Entscheidungen jeden Tag und zeigen mir oft den Weg. Einige sind zu Freunden geworden, alle sind unverzichtbar und bilden mit mir diese Marke, die ich wie einen t\u00e4glichen Kampf, aber auch wie eine Freude trage.<\/p>\n<p>Sie sind die HAPPY HAUS Familie, die jeden Tag um diesen Traum des Schaffens w\u00e4chst. &#8221;<\/p>\n<p>LOVE<\/p>\n<p>Sandy[\/vc_column_text][\/vc_column][\/vc_row][vc_row css=&#8221;.vc_custom_1625580175076{margin-bottom: 80px !important;border-top-width: 1px !important;border-right-width: 0px !important;border-bottom-width: 1px !important;border-left-width: 0px !important;padding-top: 30px !important;padding-bottom: 0px !important;border-left-color: #000000 !important;border-left-style: solid !important;border-right-color: #000000 !important;border-right-style: solid !important;border-top-color: #000000 !important;border-top-style: solid !important;border-bottom-color: #000000 !important;border-bottom-style: solid !important;border-radius: 1px !important;}&#8221;][vc_column width=&#8221;1\/4&#8243;][vc_column_text]\n<h4 style=\"text-align: center;\">EINEN STIL VORSCHLAGEN UND NICHT DER MODE FOLGEN<\/h4>\n[\/vc_column_text][\/vc_column][vc_column width=&#8221;1\/4&#8243;][vc_column_text]\n<h4 style=\"text-align: center;\">EINE ST\u00c4NDIGE KOLLEKTION ANBIETEN, DIE DAS GANZE JAHR \u00dcBER GETRAGEN WIRD<\/h4>\n[\/vc_column_text][\/vc_column][vc_column width=&#8221;1\/4&#8243;][vc_column_text]\n<h4 style=\"text-align: center;\">DEN VERKAUF VERWEIGERN, UM DEN WERT UNSERER KLEIDUNG ZU ERHALTEN<\/h4>\n[\/vc_column_text][\/vc_column][vc_column width=&#8221;1\/4&#8243;][vc_column_text]\n<h4 style=\"text-align: center;\">KLEIDUNG ZU KREIEREN, DIE DIE ZUKUNFT UNSERER KINDER IM BLICK HAT<\/h4>\n[\/vc_column_text][\/vc_column][\/vc_row]\n","protected":false},"excerpt":{"rendered":"<p>[vc_row][vc_column][vc_single_image image=&#8221;33345&#8243; img_size=&#8221;full&#8221;][vc_column_text]MODE VER\u00c4NDERN, DIE WELT VER\u00c4NDERN &#8221; Meine gr\u00f6\u00dfte Verpflichtung gegen\u00fcber dem Planeten ist es, Kleidung zu kreieren, die so lange wie m\u00f6glich getragen werden kann. Kleidung, derer man nicht \u00fcberdr\u00fcssig wird, die man immer wieder gerne tr\u00e4gt, die gut altert und mit der Zeit immer sch\u00f6ner wird. Deshalb&hellip;<\/p>\n","protected":false},"author":3,"featured_media":0,"parent":0,"menu_order":0,"comment_status":"closed","ping_status":"closed","template":"","meta":{"_acf_changed":false,"footnotes":""},"acf":[],"yoast_head":"<!-- This site is optimized with the Yoast SEO plugin v22.6 - https:\/\/yoast.com\/wordpress\/plugins\/seo\/ -->\n<title>Unser Engagement -<\/title>\n<meta name=\"robots\" content=\"index, follow, max-snippet:-1, max-image-preview:large, max-video-preview:-1\" \/>\n<link rel=\"canonical\" href=\"https:\/\/happyhaus.fr\/de\/unser_engagement\/\" \/>\n<meta property=\"og:locale\" content=\"de_DE\" \/>\n<meta property=\"og:type\" content=\"article\" \/>\n<meta property=\"og:title\" content=\"Unser Engagement -\" \/>\n<meta property=\"og:description\" content=\"[vc_row][vc_column][vc_single_image image=&#8221;33345&#8243; img_size=&#8221;full&#8221;][vc_column_text]MODE VER\u00c4NDERN, DIE WELT VER\u00c4NDERN &#8221; Meine gr\u00f6\u00dfte Verpflichtung gegen\u00fcber dem Planeten ist es, Kleidung zu kreieren, die so lange wie m\u00f6glich getragen werden kann. Kleidung, derer man nicht \u00fcberdr\u00fcssig wird, die man immer wieder gerne tr\u00e4gt, die gut altert und mit der Zeit immer sch\u00f6ner wird. Deshalb&hellip;\" \/>\n<meta property=\"og:url\" content=\"https:\/\/happyhaus.fr\/de\/unser_engagement\/\" \/>\n<meta property=\"article:modified_time\" content=\"2021-08-23T08:40:08+00:00\" \/>\n<meta name=\"twitter:card\" content=\"summary_large_image\" \/>\n<meta name=\"twitter:label1\" content=\"Gesch\u00e4tzte Lesezeit\" \/>\n\t<meta name=\"twitter:data1\" content=\"2\u00a0Minuten\" \/>\n<script type=\"application\/ld+json\" class=\"yoast-schema-graph\">{\"@context\":\"https:\/\/schema.org\",\"@graph\":[{\"@type\":\"WebPage\",\"@id\":\"https:\/\/happyhaus.fr\/de\/unser_engagement\/\",\"url\":\"https:\/\/happyhaus.fr\/de\/unser_engagement\/\",\"name\":\"Unser Engagement -\",\"isPartOf\":{\"@id\":\"https:\/\/happyhaus.fr\/#website\"},\"datePublished\":\"2021-07-06T13:35:52+00:00\",\"dateModified\":\"2021-08-23T08:40:08+00:00\",\"breadcrumb\":{\"@id\":\"https:\/\/happyhaus.fr\/de\/unser_engagement\/#breadcrumb\"},\"inLanguage\":\"de\",\"potentialAction\":[{\"@type\":\"ReadAction\",\"target\":[\"https:\/\/happyhaus.fr\/de\/unser_engagement\/\"]}]},{\"@type\":\"BreadcrumbList\",\"@id\":\"https:\/\/happyhaus.fr\/de\/unser_engagement\/#breadcrumb\",\"itemListElement\":[{\"@type\":\"ListItem\",\"position\":1,\"name\":\"Accueil\",\"item\":\"https:\/\/happyhaus.fr\/de\/\"},{\"@type\":\"ListItem\",\"position\":2,\"name\":\"Unser Engagement\"}]},{\"@type\":\"WebSite\",\"@id\":\"https:\/\/happyhaus.fr\/#website\",\"url\":\"https:\/\/happyhaus.fr\/\",\"name\":\"\",\"description\":\"\",\"potentialAction\":[{\"@type\":\"SearchAction\",\"target\":{\"@type\":\"EntryPoint\",\"urlTemplate\":\"https:\/\/happyhaus.fr\/?s={search_term_string}\"},\"query-input\":\"required name=search_term_string\"}],\"inLanguage\":\"de\"}]}<\/script>\n<!-- \/ Yoast SEO plugin. -->","yoast_head_json":{"title":"Unser Engagement -","robots":{"index":"index","follow":"follow","max-snippet":"max-snippet:-1","max-image-preview":"max-image-preview:large","max-video-preview":"max-video-preview:-1"},"canonical":"https:\/\/happyhaus.fr\/de\/unser_engagement\/","og_locale":"de_DE","og_type":"article","og_title":"Unser Engagement -","og_description":"[vc_row][vc_column][vc_single_image image=&#8221;33345&#8243; img_size=&#8221;full&#8221;][vc_column_text]MODE VER\u00c4NDERN, DIE WELT VER\u00c4NDERN &#8221; Meine gr\u00f6\u00dfte Verpflichtung gegen\u00fcber dem Planeten ist es, Kleidung zu kreieren, die so lange wie m\u00f6glich getragen werden kann. Kleidung, derer man nicht \u00fcberdr\u00fcssig wird, die man immer wieder gerne tr\u00e4gt, die gut altert und mit der Zeit immer sch\u00f6ner wird. Deshalb&hellip;","og_url":"https:\/\/happyhaus.fr\/de\/unser_engagement\/","article_modified_time":"2021-08-23T08:40:08+00:00","twitter_card":"summary_large_image","twitter_misc":{"Gesch\u00e4tzte Lesezeit":"2\u00a0Minuten"},"schema":{"@context":"https:\/\/schema.org","@graph":[{"@type":"WebPage","@id":"https:\/\/happyhaus.fr\/de\/unser_engagement\/","url":"https:\/\/happyhaus.fr\/de\/unser_engagement\/","name":"Unser Engagement -","isPartOf":{"@id":"https:\/\/happyhaus.fr\/#website"},"datePublished":"2021-07-06T13:35:52+00:00","dateModified":"2021-08-23T08:40:08+00:00","breadcrumb":{"@id":"https:\/\/happyhaus.fr\/de\/unser_engagement\/#breadcrumb"},"inLanguage":"de","potentialAction":[{"@type":"ReadAction","target":["https:\/\/happyhaus.fr\/de\/unser_engagement\/"]}]},{"@type":"BreadcrumbList","@id":"https:\/\/happyhaus.fr\/de\/unser_engagement\/#breadcrumb","itemListElement":[{"@type":"ListItem","position":1,"name":"Accueil","item":"https:\/\/happyhaus.fr\/de\/"},{"@type":"ListItem","position":2,"name":"Unser Engagement"}]},{"@type":"WebSite","@id":"https:\/\/happyhaus.fr\/#website","url":"https:\/\/happyhaus.fr\/","name":"","description":"","potentialAction":[{"@type":"SearchAction","target":{"@type":"EntryPoint","urlTemplate":"https:\/\/happyhaus.fr\/?s={search_term_string}"},"query-input":"required name=search_term_string"}],"inLanguage":"de"}]}},"_links":{"self":[{"href":"https:\/\/happyhaus.fr\/de\/wp-json\/wp\/v2\/pages\/44204"}],"collection":[{"href":"https:\/\/happyhaus.fr\/de\/wp-json\/wp\/v2\/pages"}],"about":[{"href":"https:\/\/happyhaus.fr\/de\/wp-json\/wp\/v2\/types\/page"}],"author":[{"embeddable":true,"href":"https:\/\/happyhaus.fr\/de\/wp-json\/wp\/v2\/users\/3"}],"replies":[{"embeddable":true,"href":"https:\/\/happyhaus.fr\/de\/wp-json\/wp\/v2\/comments?post=44204"}],"version-history":[{"count":3,"href":"https:\/\/happyhaus.fr\/de\/wp-json\/wp\/v2\/pages\/44204\/revisions"}],"predecessor-version":[{"id":44210,"href":"https:\/\/happyhaus.fr\/de\/wp-json\/wp\/v2\/pages\/44204\/revisions\/44210"}],"wp:attachment":[{"href":"https:\/\/happyhaus.fr\/de\/wp-json\/wp\/v2\/media?parent=44204"}],"curies":[{"name":"wp","href":"https:\/\/api.w.org\/{rel}","templated":true}]}}